{"id":4224,"date":"2018-06-07T22:08:03","date_gmt":"2018-06-07T19:08:03","guid":{"rendered":"https:\/\/kiigik.com\/sensory-toys\/"},"modified":"2020-05-30T13:22:32","modified_gmt":"2020-05-30T10:22:32","slug":"sensory-toys","status":"publish","type":"page","link":"https:\/\/kiigik.com\/en\/custom-orders\/sensory-toys\/","title":{"rendered":"Sensory toys"},"content":{"rendered":"\n<section class=\"wp-block-uagb-section uagb-section__wrap uagb-section__background-undefined uagb-block-9cc403eb-fec1-4ca8-a60b-0aa16c679a73\"><div class=\"uagb-section__overlay\"><\/div><div class=\"uagb-section__inner-wrap\">\n<div style=\"height:100px\" aria-hidden=\"true\" class=\"wp-block-spacer\"><\/div>\n\n\n\n<div class=\"wp-block-uagb-advanced-heading uagb-block-6c4f1ac8-8636-455d-b3db-76029e17ab7a\"><h2 class=\"uagb-heading-text\">Our teething toys are big helpers for babies while they are teething.<\/h2><div class=\"uagb-separator-wrap\"><div class=\"uagb-separator\"><\/div><\/div><p class=\"uagb-desc-text\">The teething toy is suitable for attaching in front of the swing or just to be used as an individual toy. You can choose between different designs and colours with a wooden star or a handmade bow.<\/p><\/div>\n\n\n\n<div style=\"height:100px\" aria-hidden=\"true\" class=\"wp-block-spacer\"><\/div>\n\n\n\n<section class=\"wp-block-uagb-columns uagb-columns__wrap uagb-columns__background-color uagb-columns__stack-mobile uagb-columns__valign-undefined uagb-columns__gap-10 alignundefined uagb-block-c4afc34f-4f83-4f6d-92ab-52c4fa9646bb\"><div class=\"uagb-columns__overlay\"><\/div><div class=\"uagb-columns__inner-wrap uagb-columns__columns-1\">\n<div class=\"wp-block-uagb-column uagb-column__wrap uagb-column__background-undefined uagb-block-bb035ff2-51cb-4560-b2f8-3583be01b4c0\"><div class=\"uagb-column__overlay\"><\/div><div class=\"uagb-column__inner-wrap\">\n<p>Beads are made from 100% food grade silicone and are FREE from BPA, PVC, Cadmium, Latex and Lead.<\/p>\n\n\n\n<p>NB!<\/p>\n\n\n\n<p>-Only hand wash with hot water allowed!<\/p>\n\n\n\n<p>-Check the condition of the toy before every use!<\/p>\n\n\n\n<p>-Do not use in case of damage!<\/p>\n\n\n\n<p>-Never leave your child unattended while he or she is using the toy!<\/p>\n\n\n\n<p>-It is recommended to use one toy for not longer than 4 months.<\/p>\n\n\n\n<div style=\"height:50px\" aria-hidden=\"true\" class=\"wp-block-spacer\"><\/div>\n\n\n\n<div class=\"wp-block-uagb-advanced-heading uagb-block-74fed395-9412-4458-b3cf-4c972a7ffadd\"><h4 class=\"uagb-heading-text\">Some examples of the toys we have made:<\/h4><div class=\"uagb-separator-wrap\"><div class=\"uagb-separator\"><\/div><\/div><p class=\"uagb-desc-text\"><\/p><\/div>\n\n\n<p>[rl_gallery id=&#8221;2653&#8243;]<\/p>\n\n\n\n<div style=\"height:100px\" aria-hidden=\"true\" class=\"wp-block-spacer\"><\/div>\n\n\n\n<div class=\"wp-block-uagb-advanced-heading uagb-block-bc45b2cb-6097-4488-8e1b-527036025f57\"><h2 class=\"uagb-heading-text\">Order or ask for more info<\/h2><div class=\"uagb-separator-wrap\"><div class=\"uagb-separator\"><\/div><\/div><p class=\"uagb-desc-text\">To make custom order or receive additional information, send a letter to Kiikik:<\/p><\/div>\n\n\n\n<div style=\"height:50px\" aria-hidden=\"true\" class=\"wp-block-spacer\"><\/div>\n\n\n\t\t\t\t<div class = \"wp-block-uagb-cf7-styler uagb-cf7-styler__outer-wrap uagb-block-48175454-5e93-4ec2-aeac-14575d2da1fc   \">\n\t\t\t\t\t<div class = \"uagb-cf7-styler__align-left uagb-cf7-styler__field-style-underline uagb-cf7-styler__btn-align-left uagb-cf7-styler__btn-align-tablet- uagb-cf7-styler__btn-align-mobile- uagb-cf7-styler__highlight-style-default uagb-cf7-styler__check-style-enabled\">\n\t\t\t\t\t\n<div class=\"wpcf7 no-js\" id=\"wpcf7-f6386-o1\" lang=\"en-US\" dir=\"ltr\" data-wpcf7-id=\"6386\">\n<div class=\"screen-reader-response\"><p role=\"status\" aria-live=\"polite\" aria-atomic=\"true\"><\/p> <ul><\/ul><\/div>\n<form action=\"\/en\/wp-json\/wp\/v2\/pages\/4224#wpcf7-f6386-o1\" method=\"post\" class=\"wpcf7-form init\" aria-label=\"Contact form\" novalidate=\"novalidate\" data-status=\"init\">\n<fieldset class=\"hidden-fields-container\"><input type=\"hidden\" name=\"_wpcf7\" value=\"6386\" \/><input type=\"hidden\" name=\"_wpcf7_version\" value=\"6.1.5\" \/><input type=\"hidden\" name=\"_wpcf7_locale\" value=\"en_US\" \/><input type=\"hidden\" name=\"_wpcf7_unit_tag\" value=\"wpcf7-f6386-o1\" \/><input type=\"hidden\" name=\"_wpcf7_container_post\" value=\"0\" \/><input type=\"hidden\" name=\"_wpcf7_posted_data_hash\" value=\"\" \/><input type=\"hidden\" name=\"_wpcf7_recaptcha_response\" value=\"\" \/>\n<\/fieldset>\n<p><label> Your Name (required)<br \/>\n<span class=\"wpcf7-form-control-wrap\" data-name=\"your-name\"><input size=\"40\" maxlength=\"400\" class=\"wpcf7-form-control wpcf7-text wpcf7-validates-as-required\" aria-required=\"true\" aria-invalid=\"false\" value=\"\" type=\"text\" name=\"your-name\" \/><\/span> <\/label>\n<\/p>\n<p><label> Your Email (required)<br \/>\n<span class=\"wpcf7-form-control-wrap\" data-name=\"your-email\"><input size=\"40\" maxlength=\"400\" class=\"wpcf7-form-control wpcf7-email wpcf7-validates-as-required wpcf7-text wpcf7-validates-as-email\" aria-required=\"true\" aria-invalid=\"false\" value=\"\" type=\"email\" name=\"your-email\" \/><\/span> <\/label>\n<\/p>\n<p><label> Subject<br \/>\n<span class=\"wpcf7-form-control-wrap\" data-name=\"your-subject\"><input size=\"40\" maxlength=\"400\" class=\"wpcf7-form-control wpcf7-text\" aria-invalid=\"false\" value=\"\" type=\"text\" name=\"your-subject\" \/><\/span> <\/label>\n<\/p>\n<p><label> Your Message<br \/>\n<span class=\"wpcf7-form-control-wrap\" data-name=\"your-message\"><textarea cols=\"40\" rows=\"10\" maxlength=\"2000\" class=\"wpcf7-form-control wpcf7-textarea\" aria-invalid=\"false\" name=\"your-message\"><\/textarea><\/span> <\/label>\n<\/p>\n<p><input class=\"wpcf7-form-control wpcf7-submit has-spinner\" type=\"submit\" value=\"Send\" \/>\n<\/p><div class=\"wpcf7-response-output\" aria-hidden=\"true\"><\/div>\n<\/form>\n<\/div>\n\t\t\t\t\t<\/div>\n\t\t\t\t<\/div>\n\t\t\t\t\n\n\n<p><\/p>\n<\/div><\/div>\n<\/div><\/section>\n\n\n\n<p><\/p>\n<\/div><\/section>\n","protected":false},"excerpt":{"rendered":"","protected":false},"author":2,"featured_media":4234,"parent":4183,"menu_order":0,"comment_status":"closed","ping_status":"closed","template":"","meta":{"_seopress_robots_primary_cat":"","_seopress_titles_title":"","_seopress_titles_desc":"","_seopress_robots_index":"","_uag_custom_page_level_css":"","site-sidebar-layout":"default","site-content-layout":"default","ast-site-content-layout":"default","site-content-style":"default","site-sidebar-style":"default","ast-global-header-display":"","ast-banner-title-visibility":"","ast-main-header-display":"","ast-hfb-above-header-display":"","ast-hfb-below-header-display":"","ast-hfb-mobile-header-display":"","site-post-title":"","ast-breadcrumbs-content":"","ast-featured-img":"","footer-sml-layout":"","ast-disable-related-posts":"","theme-transparent-header-meta":"default","adv-header-id-meta":"","stick-header-meta":"default","header-above-stick-meta":"","header-main-stick-meta":"","header-below-stick-meta":"","astra-migrate-meta-layouts":"default","ast-page-background-enabled":"default","ast-page-background-meta":{"desktop":{"background-color":"","background-image":"","background-repeat":"repeat","background-position":"center center","background-size":"auto","background-attachment":"scroll","background-type":"","background-media":"","overlay-type":"","overlay-color":"","overlay-opacity":"","overlay-gradient":""},"tablet":{"background-color":"","background-image":"","background-repeat":"repeat","background-position":"center center","background-size":"auto","background-attachment":"scroll","background-type":"","background-media":"","overlay-type":"","overlay-color":"","overlay-opacity":"","overlay-gradient":""},"mobile":{"background-color":"","background-image":"","background-repeat":"repeat","background-position":"center center","background-size":"auto","background-attachment":"scroll","background-type":"","background-media":"","overlay-type":"","overlay-color":"","overlay-opacity":"","overlay-gradient":""}},"ast-content-background-meta":{"desktop":{"background-color":"var(--ast-global-color-5)","background-image":"","background-repeat":"repeat","background-position":"center center","background-size":"auto","background-attachment":"scroll","background-type":"","background-media":"","overlay-type":"","overlay-color":"","overlay-opacity":"","overlay-gradient":""},"tablet":{"background-color":"var(--ast-global-color-5)","background-image":"","background-repeat":"repeat","background-position":"center center","background-size":"auto","background-attachment":"scroll","background-type":"","background-media":"","overlay-type":"","overlay-color":"","overlay-opacity":"","overlay-gradient":""},"mobile":{"background-color":"var(--ast-global-color-5)","background-image":"","background-repeat":"repeat","background-position":"center center","background-size":"auto","background-attachment":"scroll","background-type":"","background-media":"","overlay-type":"","overlay-color":"","overlay-opacity":"","overlay-gradient":""}},"footnotes":""},"class_list":["post-4224","page","type-page","status-publish","has-post-thumbnail","hentry"],"yoast_head":"<!-- This site is optimized with the Yoast SEO plugin v27.3 - https:\/\/yoast.com\/product\/yoast-seo-wordpress\/ -->\n<title>Sensory toys - K\u00c4SIT\u00d6\u00d6 DISAINKIIGED<\/title>\n<meta name=\"robots\" content=\"index, follow, max-snippet:-1, max-image-preview:large, max-video-preview:-1\" \/>\n<link rel=\"canonical\" href=\"https:\/\/kiigik.com\/en\/custom-orders\/sensory-toys\/\" \/>\n<meta property=\"og:locale\" content=\"en_US\" \/>\n<meta property=\"og:type\" content=\"article\" \/>\n<meta property=\"og:title\" content=\"Sensory toys - K\u00c4SIT\u00d6\u00d6 DISAINKIIGED\" \/>\n<meta property=\"og:url\" content=\"https:\/\/kiigik.com\/en\/custom-orders\/sensory-toys\/\" \/>\n<meta property=\"og:site_name\" content=\"K\u00c4SIT\u00d6\u00d6 DISAINKIIGED\" \/>\n<meta property=\"article:modified_time\" content=\"2020-05-30T10:22:32+00:00\" \/>\n<meta property=\"og:image\" content=\"https:\/\/kiigik.com\/wp-content\/uploads\/2018\/09\/Instagram_kiigik_27581455_1720729637995704_532109833378201600_n.jpg\" \/>\n\t<meta property=\"og:image:width\" content=\"1080\" \/>\n\t<meta property=\"og:image:height\" content=\"1080\" \/>\n\t<meta property=\"og:image:type\" content=\"image\/jpeg\" \/>\n<meta name=\"twitter:card\" content=\"summary_large_image\" \/>\n<meta name=\"twitter:label1\" content=\"Est. reading time\" \/>\n\t<meta name=\"twitter:data1\" content=\"1 minute\" \/>\n<script type=\"application\/ld+json\" class=\"yoast-schema-graph\">{\"@context\":\"https:\\\/\\\/schema.org\",\"@graph\":[{\"@type\":\"WebPage\",\"@id\":\"https:\\\/\\\/kiigik.com\\\/en\\\/custom-orders\\\/sensory-toys\\\/\",\"url\":\"https:\\\/\\\/kiigik.com\\\/en\\\/custom-orders\\\/sensory-toys\\\/\",\"name\":\"Sensory toys - K\u00c4SIT\u00d6\u00d6 DISAINKIIGED\",\"isPartOf\":{\"@id\":\"https:\\\/\\\/kiigik.com\\\/en\\\/#website\"},\"primaryImageOfPage\":{\"@id\":\"https:\\\/\\\/kiigik.com\\\/en\\\/custom-orders\\\/sensory-toys\\\/#primaryimage\"},\"image\":{\"@id\":\"https:\\\/\\\/kiigik.com\\\/en\\\/custom-orders\\\/sensory-toys\\\/#primaryimage\"},\"thumbnailUrl\":\"https:\\\/\\\/kiigik.com\\\/wp-content\\\/uploads\\\/2018\\\/09\\\/Instagram_kiigik_27581455_1720729637995704_532109833378201600_n.jpg\",\"datePublished\":\"2018-06-07T19:08:03+00:00\",\"dateModified\":\"2020-05-30T10:22:32+00:00\",\"breadcrumb\":{\"@id\":\"https:\\\/\\\/kiigik.com\\\/en\\\/custom-orders\\\/sensory-toys\\\/#breadcrumb\"},\"inLanguage\":\"en-US\",\"potentialAction\":[{\"@type\":\"ReadAction\",\"target\":[\"https:\\\/\\\/kiigik.com\\\/en\\\/custom-orders\\\/sensory-toys\\\/\"]}]},{\"@type\":\"ImageObject\",\"inLanguage\":\"en-US\",\"@id\":\"https:\\\/\\\/kiigik.com\\\/en\\\/custom-orders\\\/sensory-toys\\\/#primaryimage\",\"url\":\"https:\\\/\\\/kiigik.com\\\/wp-content\\\/uploads\\\/2018\\\/09\\\/Instagram_kiigik_27581455_1720729637995704_532109833378201600_n.jpg\",\"contentUrl\":\"https:\\\/\\\/kiigik.com\\\/wp-content\\\/uploads\\\/2018\\\/09\\\/Instagram_kiigik_27581455_1720729637995704_532109833378201600_n.jpg\",\"width\":1080,\"height\":1080},{\"@type\":\"BreadcrumbList\",\"@id\":\"https:\\\/\\\/kiigik.com\\\/en\\\/custom-orders\\\/sensory-toys\\\/#breadcrumb\",\"itemListElement\":[{\"@type\":\"ListItem\",\"position\":1,\"name\":\"Home\",\"item\":\"https:\\\/\\\/kiigik.com\\\/en\\\/\"},{\"@type\":\"ListItem\",\"position\":2,\"name\":\"Custom orders\",\"item\":\"https:\\\/\\\/kiigik.com\\\/en\\\/custom-orders\\\/\"},{\"@type\":\"ListItem\",\"position\":3,\"name\":\"Sensory toys\"}]},{\"@type\":\"WebSite\",\"@id\":\"https:\\\/\\\/kiigik.com\\\/en\\\/#website\",\"url\":\"https:\\\/\\\/kiigik.com\\\/en\\\/\",\"name\":\"K\u00c4SIT\u00d6\u00d6 DISAINKIIGED\",\"description\":\"kiigik.com\",\"publisher\":{\"@id\":\"https:\\\/\\\/kiigik.com\\\/en\\\/#organization\"},\"potentialAction\":[{\"@type\":\"SearchAction\",\"target\":{\"@type\":\"EntryPoint\",\"urlTemplate\":\"https:\\\/\\\/kiigik.com\\\/en\\\/?s={search_term_string}\"},\"query-input\":{\"@type\":\"PropertyValueSpecification\",\"valueRequired\":true,\"valueName\":\"search_term_string\"}}],\"inLanguage\":\"en-US\"},{\"@type\":\"Organization\",\"@id\":\"https:\\\/\\\/kiigik.com\\\/en\\\/#organization\",\"name\":\"K\u00c4SIT\u00d6\u00d6 DISAINKIIGED\",\"url\":\"https:\\\/\\\/kiigik.com\\\/en\\\/\",\"logo\":{\"@type\":\"ImageObject\",\"inLanguage\":\"en-US\",\"@id\":\"https:\\\/\\\/kiigik.com\\\/en\\\/#\\\/schema\\\/logo\\\/image\\\/\",\"url\":\"https:\\\/\\\/kiigik.com\\\/wp-content\\\/uploads\\\/2020\\\/05\\\/kiigik-logo.svg\",\"contentUrl\":\"https:\\\/\\\/kiigik.com\\\/wp-content\\\/uploads\\\/2020\\\/05\\\/kiigik-logo.svg\",\"width\":115,\"height\":57,\"caption\":\"K\u00c4SIT\u00d6\u00d6 DISAINKIIGED\"},\"image\":{\"@id\":\"https:\\\/\\\/kiigik.com\\\/en\\\/#\\\/schema\\\/logo\\\/image\\\/\"}}]}<\/script>\n<!-- \/ Yoast SEO plugin. -->","yoast_head_json":{"title":"Sensory toys - K\u00c4SIT\u00d6\u00d6 DISAINKIIGED","robots":{"index":"index","follow":"follow","max-snippet":"max-snippet:-1","max-image-preview":"max-image-preview:large","max-video-preview":"max-video-preview:-1"},"canonical":"https:\/\/kiigik.com\/en\/custom-orders\/sensory-toys\/","og_locale":"en_US","og_type":"article","og_title":"Sensory toys - K\u00c4SIT\u00d6\u00d6 DISAINKIIGED","og_url":"https:\/\/kiigik.com\/en\/custom-orders\/sensory-toys\/","og_site_name":"K\u00c4SIT\u00d6\u00d6 DISAINKIIGED","article_modified_time":"2020-05-30T10:22:32+00:00","og_image":[{"width":1080,"height":1080,"url":"https:\/\/kiigik.com\/wp-content\/uploads\/2018\/09\/Instagram_kiigik_27581455_1720729637995704_532109833378201600_n.jpg","type":"image\/jpeg"}],"twitter_card":"summary_large_image","twitter_misc":{"Est. reading time":"1 minute"},"schema":{"@context":"https:\/\/schema.org","@graph":[{"@type":"WebPage","@id":"https:\/\/kiigik.com\/en\/custom-orders\/sensory-toys\/","url":"https:\/\/kiigik.com\/en\/custom-orders\/sensory-toys\/","name":"Sensory toys - K\u00c4SIT\u00d6\u00d6 DISAINKIIGED","isPartOf":{"@id":"https:\/\/kiigik.com\/en\/#website"},"primaryImageOfPage":{"@id":"https:\/\/kiigik.com\/en\/custom-orders\/sensory-toys\/#primaryimage"},"image":{"@id":"https:\/\/kiigik.com\/en\/custom-orders\/sensory-toys\/#primaryimage"},"thumbnailUrl":"https:\/\/kiigik.com\/wp-content\/uploads\/2018\/09\/Instagram_kiigik_27581455_1720729637995704_532109833378201600_n.jpg","datePublished":"2018-06-07T19:08:03+00:00","dateModified":"2020-05-30T10:22:32+00:00","breadcrumb":{"@id":"https:\/\/kiigik.com\/en\/custom-orders\/sensory-toys\/#breadcrumb"},"inLanguage":"en-US","potentialAction":[{"@type":"ReadAction","target":["https:\/\/kiigik.com\/en\/custom-orders\/sensory-toys\/"]}]},{"@type":"ImageObject","inLanguage":"en-US","@id":"https:\/\/kiigik.com\/en\/custom-orders\/sensory-toys\/#primaryimage","url":"https:\/\/kiigik.com\/wp-content\/uploads\/2018\/09\/Instagram_kiigik_27581455_1720729637995704_532109833378201600_n.jpg","contentUrl":"https:\/\/kiigik.com\/wp-content\/uploads\/2018\/09\/Instagram_kiigik_27581455_1720729637995704_532109833378201600_n.jpg","width":1080,"height":1080},{"@type":"BreadcrumbList","@id":"https:\/\/kiigik.com\/en\/custom-orders\/sensory-toys\/#breadcrumb","itemListElement":[{"@type":"ListItem","position":1,"name":"Home","item":"https:\/\/kiigik.com\/en\/"},{"@type":"ListItem","position":2,"name":"Custom orders","item":"https:\/\/kiigik.com\/en\/custom-orders\/"},{"@type":"ListItem","position":3,"name":"Sensory toys"}]},{"@type":"WebSite","@id":"https:\/\/kiigik.com\/en\/#website","url":"https:\/\/kiigik.com\/en\/","name":"K\u00c4SIT\u00d6\u00d6 DISAINKIIGED","description":"kiigik.com","publisher":{"@id":"https:\/\/kiigik.com\/en\/#organization"},"potentialAction":[{"@type":"SearchAction","target":{"@type":"EntryPoint","urlTemplate":"https:\/\/kiigik.com\/en\/?s={search_term_string}"},"query-input":{"@type":"PropertyValueSpecification","valueRequired":true,"valueName":"search_term_string"}}],"inLanguage":"en-US"},{"@type":"Organization","@id":"https:\/\/kiigik.com\/en\/#organization","name":"K\u00c4SIT\u00d6\u00d6 DISAINKIIGED","url":"https:\/\/kiigik.com\/en\/","logo":{"@type":"ImageObject","inLanguage":"en-US","@id":"https:\/\/kiigik.com\/en\/#\/schema\/logo\/image\/","url":"https:\/\/kiigik.com\/wp-content\/uploads\/2020\/05\/kiigik-logo.svg","contentUrl":"https:\/\/kiigik.com\/wp-content\/uploads\/2020\/05\/kiigik-logo.svg","width":115,"height":57,"caption":"K\u00c4SIT\u00d6\u00d6 DISAINKIIGED"},"image":{"@id":"https:\/\/kiigik.com\/en\/#\/schema\/logo\/image\/"}}]}},"uagb_featured_image_src":{"full":["https:\/\/kiigik.com\/wp-content\/uploads\/2018\/09\/Instagram_kiigik_27581455_1720729637995704_532109833378201600_n.jpg",1080,1080,false],"thumbnail":["https:\/\/kiigik.com\/wp-content\/uploads\/2018\/09\/Instagram_kiigik_27581455_1720729637995704_532109833378201600_n-150x150.jpg",150,150,true],"medium":["https:\/\/kiigik.com\/wp-content\/uploads\/2018\/09\/Instagram_kiigik_27581455_1720729637995704_532109833378201600_n-300x300.jpg",300,300,true],"medium_large":["https:\/\/kiigik.com\/wp-content\/uploads\/2018\/09\/Instagram_kiigik_27581455_1720729637995704_532109833378201600_n-768x768.jpg",768,768,true],"large":["https:\/\/kiigik.com\/wp-content\/uploads\/2018\/09\/Instagram_kiigik_27581455_1720729637995704_532109833378201600_n-1024x1024.jpg",1024,1024,true],"1536x1536":["https:\/\/kiigik.com\/wp-content\/uploads\/2018\/09\/Instagram_kiigik_27581455_1720729637995704_532109833378201600_n.jpg",1080,1080,false],"2048x2048":["https:\/\/kiigik.com\/wp-content\/uploads\/2018\/09\/Instagram_kiigik_27581455_1720729637995704_532109833378201600_n.jpg",1080,1080,false],"woocommerce_thumbnail":["https:\/\/kiigik.com\/wp-content\/uploads\/2018\/09\/Instagram_kiigik_27581455_1720729637995704_532109833378201600_n-400x400.jpg",400,400,true],"woocommerce_single":["https:\/\/kiigik.com\/wp-content\/uploads\/2018\/09\/Instagram_kiigik_27581455_1720729637995704_532109833378201600_n-600x600.jpg",600,600,true],"woocommerce_gallery_thumbnail":["https:\/\/kiigik.com\/wp-content\/uploads\/2018\/09\/Instagram_kiigik_27581455_1720729637995704_532109833378201600_n-100x100.jpg",100,100,true]},"uagb_author_info":{"display_name":"H\u00e4li-Herta Haavapuu","author_link":"https:\/\/kiigik.com\/en\/author\/haavapuu123\/"},"uagb_comment_info":0,"uagb_excerpt":null,"_links":{"self":[{"href":"https:\/\/kiigik.com\/en\/wp-json\/wp\/v2\/pages\/4224","targetHints":{"allow":["GET"]}}],"collection":[{"href":"https:\/\/kiigik.com\/en\/wp-json\/wp\/v2\/pages"}],"about":[{"href":"https:\/\/kiigik.com\/en\/wp-json\/wp\/v2\/types\/page"}],"author":[{"embeddable":true,"href":"https:\/\/kiigik.com\/en\/wp-json\/wp\/v2\/users\/2"}],"replies":[{"embeddable":true,"href":"https:\/\/kiigik.com\/en\/wp-json\/wp\/v2\/comments?post=4224"}],"version-history":[{"count":0,"href":"https:\/\/kiigik.com\/en\/wp-json\/wp\/v2\/pages\/4224\/revisions"}],"up":[{"embeddable":true,"href":"https:\/\/kiigik.com\/en\/wp-json\/wp\/v2\/pages\/4183"}],"wp:featuredmedia":[{"embeddable":true,"href":"https:\/\/kiigik.com\/en\/wp-json\/wp\/v2\/media\/4234"}],"wp:attachment":[{"href":"https:\/\/kiigik.com\/en\/wp-json\/wp\/v2\/media?parent=4224"}],"curies":[{"name":"wp","href":"https:\/\/api.w.org\/{rel}","templated":true}]}}