{"id":4238,"date":"2018-06-13T21:22:57","date_gmt":"2018-06-13T18:22:57","guid":{"rendered":"https:\/\/kiigik.com\/feedback\/"},"modified":"2024-03-19T10:59:17","modified_gmt":"2024-03-19T08:59:17","slug":"feedback","status":"publish","type":"page","link":"https:\/\/kiigik.com\/en\/feedback\/","title":{"rendered":"Feedback"},"content":{"rendered":"\n<section class=\"wp-block-uagb-section uagb-section__wrap uagb-section__background-undefined uagb-block-1da99b3d\"><div class=\"uagb-section__overlay\"><\/div><div class=\"uagb-section__inner-wrap\">\n<div class=\"wp-block-uagb-advanced-heading uagb-block-92334edb\"><h2 class=\"uagb-heading-text\">Customers write to Kiigik<\/h2><div class=\"uagb-separator\"><\/div><p class=\"uagb-desc-text\">Our clients feedback<\/p><\/div>\n\n\n\n<section class=\"wp-block-uagb-columns uagb-columns__wrap uagb-columns__stack-mobile uagb-columns__valign- uagb-columns__gap-0 align uagb-block-89cbe30b uagb-columns__columns-2 uagb-columns__max_width-theme\"><div class=\"uagb-columns__overlay\"><\/div><div class=\"uagb-columns__inner-wrap uagb-columns__columns-2\">\n<div class=\"wp-block-uagb-column uagb-column__wrap uagb-column__background-undefined uagb-block-62135446\"><div class=\"uagb-column__overlay\"><\/div>\n<div class=\"wp-block-uagb-team uagb-team__image-position-above uagb-team__align-center uagb-team__stack-tablet uagb-block-5f23d9e0-9349-4d81-9cd1-c3952be795e9 uagb-team uagb-team__outer-wrap\"><div class=\"uagb-team__content\"><img decoding=\"async\" class=\"uagb-team__image-crop-circle\" src=\"https:\/\/kiigik.com\/wp-content\/uploads\/2018\/06\/Webp.net-resizeimage.jpg\" alt=\"\" height=\"150\" width=\"150\" loading=\"lazy\"\/><h3 class=\"uagb-team__title\">Keili Oras<\/h3><span class=\"uagb-team__prefix\"><\/span><p class=\"uagb-team__desc\">Kiigik Star Catcher is actively used almost every day at our home. Also, I think it&#8217;s a nice piece of decor (because it looks gorgeous \u2665)! The swing is very high-quality and neat, and our son really likes the chew toy that came with the swing! \u2605\u2605\u2605\u2605\u2605<\/p><\/div><\/div>\n<\/div>\n\n\n\n<div class=\"wp-block-uagb-column uagb-column__wrap uagb-column__background-undefined uagb-block-b54fd58d\"><div class=\"uagb-column__overlay\"><\/div>\n<div class=\"wp-block-uagb-team uagb-team__image-position-above uagb-team__align-center uagb-team__stack-tablet uagb-block-75e93aed\"><div class=\"uagb-team__content\"><img decoding=\"async\" class=\"uagb-team__image-crop-circle\" src=\"https:\/\/kiigik.com\/wp-content\/uploads\/2018\/07\/MariJuh-1.jpg\" alt=\"\" height=\"150\" width=\"150\" loading=\"lazy\"\/><h3 class=\"uagb-team__title\">Mari Juhanson<\/h3><span class=\"uagb-team__prefix\"><\/span><p class=\"uagb-team__desc\">The more you look at children&#8217;s things on social media, the more offers you find. That&#8217;s how I found Kiigik, who actually I had already heard about somewhere before, but at that moment there was no need to search exactly. When the need arose, I looked for Kiigik, followed their activities on Instagram for a while, and finally my husband and I decided to order a basket for toys named after our child. If it&#8217;s still the largest of the selection. Somehow, stars have become our child&#8217;s theme since birth, and so did the basket with selected stars. We received the basket quickly and conveniently, and most importantly, when it arrived, it was EVEN more beautiful than in the pictures. Thank you Kiigik, soon we will start choosing a swing when the time is right.\u2605\u2605\u2605\u2605\u2605<\/p><\/div><\/div>\n<\/div>\n<\/div><\/section>\n\n\n\n<section class=\"wp-block-uagb-columns uagb-columns__wrap uagb-columns__stack-mobile uagb-columns__valign- uagb-columns__gap-10 align uagb-block-f4a699a6 uagb-columns__columns-2 uagb-columns__max_width-theme\"><div class=\"uagb-columns__overlay\"><\/div><div class=\"uagb-columns__inner-wrap uagb-columns__columns-2\">\n<div class=\"wp-block-uagb-column uagb-column__wrap uagb-column__background-undefined uagb-block-1eb83387\"><div class=\"uagb-column__overlay\"><\/div>\n<div class=\"wp-block-uagb-team uagb-team__image-position-above uagb-team__align-center uagb-team__stack-tablet uagb-block-a1d3b739-e25f-4a7c-b9f4-d07da6341ad2 uagb-team uagb-team__outer-wrap\"><div class=\"uagb-team__content\"><img decoding=\"async\" class=\"uagb-team__image-crop-circle\" src=\"https:\/\/kiigik.com\/wp-content\/uploads\/2018\/08\/k\u00e4ti-pilt-1-142x150.jpg\" alt=\"\" height=\"150\" width=\"150\" loading=\"lazy\"\/><h3 class=\"uagb-team__title\">K\u00e4ti Randmaa<\/h3><span class=\"uagb-team__prefix\"><\/span><p class=\"uagb-team__desc\">Kiigiku&#8217;s Star Catcher found its way to our family in the form of a gift from the heart. It has become our children&#8217;s daily playmate, in which you can spend hours trying to reach heights or let yourself be rocked to sleep after a tiring gaming marathon. The softness and comfort of the starcatcher make it an absolute favorite of children, and its eye-catching appearance will please mommy and daddy in home decor.\u2605\u2605\u2605\u2605\u2605<\/p><\/div><\/div>\n<\/div>\n\n\n\n<div class=\"wp-block-uagb-column uagb-column__wrap uagb-column__background-undefined uagb-block-180f9afc\"><div class=\"uagb-column__overlay\"><\/div>\n<div class=\"wp-block-uagb-team uagb-team__image-position-above uagb-team__align-center uagb-team__stack-tablet uagb-block-9cf78f80\"><div class=\"uagb-team__content\"><img decoding=\"async\" class=\"uagb-team__image-crop-circle\" src=\"https:\/\/kiigik.com\/wp-content\/uploads\/2018\/08\/IMG_1667.jpg\" alt=\"\" height=\"150\" width=\"150\" loading=\"lazy\"\/><h3 class=\"uagb-team__title\">Diana Saar<\/h3><span class=\"uagb-team__prefix\"><\/span><p class=\"uagb-team__desc\">I have been very satisfied with both swings that we have purchased from Kiigik. We started with a star catcher, and when the chick outgrew it, we needed a better solution for a bigger child, and here the cloud catcher turned out to be our choice. Our whole family enjoys the cloud catcher &#8211; mommy and daddy too, because it&#8217;s such a nice swing \ud83d\ude0d<a href=\"https:\/\/emojipedia.org\/smiling-face-with-heart-eyes\/\">\u00a0<\/a>\u2605\u2605\u2605\u2605\u2605<\/p><\/div><\/div>\n<\/div>\n<\/div><\/section>\n\n\n\n<section class=\"wp-block-uagb-columns uagb-columns__wrap uagb-columns__stack-mobile uagb-columns__valign- uagb-columns__gap-10 align uagb-block-19e72d5a uagb-columns__columns-2 uagb-columns__max_width-theme\"><div class=\"uagb-columns__overlay\"><\/div><div class=\"uagb-columns__inner-wrap uagb-columns__columns-2\">\n<div class=\"wp-block-uagb-column uagb-column__wrap uagb-column__background-undefined uagb-block-503b203e\"><div class=\"uagb-column__overlay\"><\/div>\n<div class=\"wp-block-uagb-team uagb-team__image-position-above uagb-team__align-center uagb-team__stack-tablet uagb-block-018481f0\"><div class=\"uagb-team__content\"><img decoding=\"async\" class=\"uagb-team__image-crop-circle\" src=\"https:\/\/kiigik.com\/wp-content\/uploads\/2018\/11\/reelika.roosileh-2-150x150.jpg\" alt=\"\" height=\"150\" width=\"150\" loading=\"lazy\"\/><h3 class=\"uagb-team__title\">Reelika Roosileht<\/h3><span class=\"uagb-team__prefix\"><\/span><p class=\"uagb-team__desc\">Super beautiful swing, super beautiful pillow!!! How beautifully packaged and how sweetly written!!!!! Super satisfied!<br>The service is also great!<br>Everything is great, great, great! \u2764\ufe0f\u2764\ufe0f\u2764\ufe0f<br>Thank you!!!!\u2605\u2605\u2605\u2605\u2605<\/p><\/div><\/div>\n<\/div>\n\n\n\n<div class=\"wp-block-uagb-column uagb-column__wrap uagb-column__background-undefined uagb-block-702ee452\"><div class=\"uagb-column__overlay\"><\/div>\n<div class=\"wp-block-uagb-team uagb-team__image-position-above uagb-team__align-center uagb-team__stack-tablet uagb-block-29f1ecfd-2df7-428a-b30f-646805a1f463 uagb-team uagb-team__outer-wrap\"><div class=\"uagb-team__content\"><img decoding=\"async\" class=\"uagb-team__image-crop-circle\" src=\"https:\/\/kiigik.com\/wp-content\/uploads\/2020\/01\/hediviimsi2-1-150x150.jpg\" alt=\"\" height=\"150\" width=\"150\" loading=\"lazy\"\/><h3 class=\"uagb-team__title\">Hedi Viimsi<\/h3><span class=\"uagb-team__prefix\"><\/span><p class=\"uagb-team__desc\">Our children are very satisfied, and so are we. The bigger one constantly makes sure that the pillow on the swing is the right way.\u2605\u2605\u2605\u2605\u2605<\/p><\/div><\/div>\n<\/div>\n<\/div><\/section>\n\n\n\n<section class=\"wp-block-uagb-columns uagb-columns__wrap uagb-columns__stack-mobile uagb-columns__valign- uagb-columns__gap-10 align uagb-block-ddbdf7be uagb-columns__columns-2 uagb-columns__max_width-theme\"><div class=\"uagb-columns__overlay\"><\/div><div class=\"uagb-columns__inner-wrap uagb-columns__columns-2\">\n<div class=\"wp-block-uagb-column uagb-column__wrap uagb-column__background-undefined uagb-block-226bc7e8\"><div class=\"uagb-column__overlay\"><\/div>\n<div class=\"wp-block-uagb-team uagb-team__image-position-above uagb-team__align-center uagb-team__stack-tablet uagb-block-f3cadb43\"><div class=\"uagb-team__content\"><img decoding=\"async\" class=\"uagb-team__image-crop-circle\" src=\"https:\/\/kiigik.com\/wp-content\/uploads\/2020\/01\/helinarajasalu-150x150.jpg\" alt=\"\" height=\"150\" width=\"150\" loading=\"lazy\"\/><h3 class=\"uagb-team__title\">Helina Rajasalu<\/h3><span class=\"uagb-team__prefix\"><\/span><p class=\"uagb-team__desc\">I wanted to give feedback about the swing you made for Lenna-Liisa. She tried being in there for the first time today as he was just starting to sit up and he is a huge fan of it! I was really happy sitting in there with all those cushions and the pillow is great! Thank you very much for making a very high quality and beautiful product! \u2605\u2605\u2605\u2605\u2605<\/p><\/div><\/div>\n<\/div>\n\n\n\n<div class=\"wp-block-uagb-column uagb-column__wrap uagb-column__background-undefined uagb-block-8080e97a\"><div class=\"uagb-column__overlay\"><\/div>\n<div class=\"wp-block-uagb-team uagb-team__image-position-above uagb-team__align-center uagb-team__stack-tablet uagb-block-50b13f30\"><div class=\"uagb-team__content\"><img decoding=\"async\" class=\"uagb-team__image-crop-circle\" src=\"https:\/\/kiigik.com\/wp-content\/uploads\/2020\/04\/kr-150x150.jpg\" alt=\"\" height=\"150\" width=\"150\" loading=\"lazy\"\/><h3 class=\"uagb-team__title\">Kertu Raadik<\/h3><span class=\"uagb-team__prefix\"><\/span><p class=\"uagb-team__desc\">I&#8217;m just very happy with everything! Let&#8217;s start by the fact that your company has a great name and logo. I&#8217;ve already been able to watch it quite a lot while giving the little girl a boost \ud83d\ude0d Besides, the swing itself is gorgeous! As soon as I saw this particular one on the website, I knew it was the one. And when I found out they were called Star Catchers, I was sold in seconds! As a bonus, I discovered that once the stars have been captured, you can continue to capture the clouds. And how beautiful these Cloud Catchers look \ud83d\ude0d In addition, the swing was so beautifully packed! I like how much effort has been put into such small things! And not to mention the excellent service and communication! The problem was solved in a flash! Wonderful! We are very, very grateful for the product and everything else! \u2605\u2605\u2605\u2605\u2605<\/p><\/div><\/div>\n<\/div>\n<\/div><\/section>\n\n\n\n<p><\/p>\n<\/div><\/section>\n\n\n\n<section class=\"wp-block-uagb-columns uagb-columns__wrap uagb-columns__background-color uagb-columns__stack-mobile uagb-columns__valign- uagb-columns__gap-10 align uagb-block-cd3fee40 uagb-columns__columns-0 uagb-columns__max_width-theme\"><div class=\"uagb-columns__overlay\"><\/div><div class=\"uagb-columns__inner-wrap uagb-columns__columns-0\"><\/div><div class=\"uagb-columns__shape uagb-columns__shape-bottom\" data-negative=\"false\"><svg xmlns=\"https:\/\/www.w3.org\/2000\/svg\" viewBox=\"0 0 283.5 27.8\" preserveAspectRatio=\"xMidYMax slice\"><path class=\"uagb-columns__shape-fill\" d=\"M0 0v6.7c1.9-.8 4.7-1.4 8.5-1 9.5 1.1 11.1 6 11.1 6s2.1-.7 4.3-.2c2.1.5 2.8 2.6 2.8 2.6s.2-.5 1.4-.7c1.2-.2 1.7.2 1.7.2s0-2.1 1.9-2.8c1.9-.7 3.6.7 3.6.7s.7-2.9 3.1-4.1 4.7 0 4.7 0 1.2-.5 2.4 0 1.7 1.4 1.7 1.4h1.4c.7 0 1.2.7 1.2.7s.8-1.8 4-2.2c3.5-.4 5.3 2.4 6.2 4.4.4-.4 1-.7 1.8-.9 2.8-.7 4 .7 4 .7s1.7-5 11.1-6c9.5-1.1 12.3 3.9 12.3 3.9s1.2-4.8 5.7-5.7c4.5-.9 6.8 1.8 6.8 1.8s.6-.6 1.5-.9c.9-.2 1.9-.2 1.9-.2s5.2-6.4 12.6-3.3c7.3 3.1 4.7 9 4.7 9s1.9-.9 4 0 2.8 2.4 2.8 2.4 1.9-1.2 4.5-1.2 4.3 1.2 4.3 1.2.2-1 1.4-1.7 2.1-.7 2.1-.7-.5-3.1 2.1-5.5 5.7-1.4 5.7-1.4 1.5-2.3 4.2-1.1c2.7 1.2 1.7 5.2 1.7 5.2s.3-.1 1.3.5c.5.4.8.8.9 1.1.5-1.4 2.4-5.8 8.4-4 7.1 2.1 3.5 8.9 3.5 8.9s.8-.4 2 0 1.1 1.1 1.1 1.1 1.1-1.1 2.3-1.1 2.1.5 2.1.5 1.9-3.6 6.2-1.2 1.9 6.4 1.9 6.4 2.6-2.4 7.4 0c3.4 1.7 3.9 4.9 3.9 4.9s3.3-6.9 10.4-7.9 11.5 2.6 11.5 2.6.8 0 1.2.2c.4.2.9.9.9.9s4.4-3.1 8.3.2c1.9 1.7 1.5 5 1.5 5s.3-1.1 1.6-1.4c1.3-.3 2.3.2 2.3.2s-.1-1.2.5-1.9 1.9-.9 1.9-.9-4.7-9.3 4.4-13.4c5.6-2.5 9.2.9 9.2.9s5-6.2 15.9-6.2 16.1 8.1 16.1 8.1.7-.2 1.6-.4V0H0z\"><\/path><\/svg><\/div><\/section>\n","protected":false},"excerpt":{"rendered":"","protected":false},"author":2,"featured_media":0,"parent":0,"menu_order":0,"comment_status":"closed","ping_status":"closed","template":"","meta":{"_seopress_robots_primary_cat":"","_seopress_titles_title":"","_seopress_titles_desc":"","_seopress_robots_index":"","_uag_custom_page_level_css":"","site-sidebar-layout":"default","site-content-layout":"default","ast-site-content-layout":"default","site-content-style":"default","site-sidebar-style":"default","ast-global-header-display":"","ast-banner-title-visibility":"","ast-main-header-display":"","ast-hfb-above-header-display":"","ast-hfb-below-header-display":"","ast-hfb-mobile-header-display":"","site-post-title":"","ast-breadcrumbs-content":"","ast-featured-img":"","footer-sml-layout":"","ast-disable-related-posts":"","theme-transparent-header-meta":"default","adv-header-id-meta":"","stick-header-meta":"default","header-above-stick-meta":"","header-main-stick-meta":"","header-below-stick-meta":"","astra-migrate-meta-layouts":"set","ast-page-background-enabled":"default","ast-page-background-meta":{"desktop":{"background-color":"","background-image":"","background-repeat":"repeat","background-position":"center center","background-size":"auto","background-attachment":"scroll","background-type":"","background-media":"","overlay-type":"","overlay-color":"","overlay-opacity":"","overlay-gradient":""},"tablet":{"background-color":"","background-image":"","background-repeat":"repeat","background-position":"center center","background-size":"auto","background-attachment":"scroll","background-type":"","background-media":"","overlay-type":"","overlay-color":"","overlay-opacity":"","overlay-gradient":""},"mobile":{"background-color":"","background-image":"","background-repeat":"repeat","background-position":"center center","background-size":"auto","background-attachment":"scroll","background-type":"","background-media":"","overlay-type":"","overlay-color":"","overlay-opacity":"","overlay-gradient":""}},"ast-content-background-meta":{"desktop":{"background-color":"var(--ast-global-color-5)","background-image":"","background-repeat":"repeat","background-position":"center center","background-size":"auto","background-attachment":"scroll","background-type":"","background-media":"","overlay-type":"","overlay-color":"","overlay-opacity":"","overlay-gradient":""},"tablet":{"background-color":"var(--ast-global-color-5)","background-image":"","background-repeat":"repeat","background-position":"center center","background-size":"auto","background-attachment":"scroll","background-type":"","background-media":"","overlay-type":"","overlay-color":"","overlay-opacity":"","overlay-gradient":""},"mobile":{"background-color":"var(--ast-global-color-5)","background-image":"","background-repeat":"repeat","background-position":"center center","background-size":"auto","background-attachment":"scroll","background-type":"","background-media":"","overlay-type":"","overlay-color":"","overlay-opacity":"","overlay-gradient":""}},"footnotes":""},"class_list":["post-4238","page","type-page","status-publish","hentry"],"yoast_head":"<!-- This site is optimized with the Yoast SEO plugin v27.3 - https:\/\/yoast.com\/product\/yoast-seo-wordpress\/ -->\n<title>Feedback - K\u00c4SIT\u00d6\u00d6 DISAINKIIGED<\/title>\n<meta name=\"robots\" content=\"index, follow, max-snippet:-1, max-image-preview:large, max-video-preview:-1\" \/>\n<link rel=\"canonical\" href=\"https:\/\/kiigik.com\/en\/feedback\/\" \/>\n<meta property=\"og:locale\" content=\"en_US\" \/>\n<meta property=\"og:type\" content=\"article\" \/>\n<meta property=\"og:title\" content=\"Feedback - K\u00c4SIT\u00d6\u00d6 DISAINKIIGED\" \/>\n<meta property=\"og:url\" content=\"https:\/\/kiigik.com\/en\/feedback\/\" \/>\n<meta property=\"og:site_name\" content=\"K\u00c4SIT\u00d6\u00d6 DISAINKIIGED\" \/>\n<meta property=\"article:modified_time\" content=\"2024-03-19T08:59:17+00:00\" \/>\n<meta property=\"og:image\" content=\"https:\/\/kiigik.com\/wp-content\/uploads\/2018\/06\/Webp.net-resizeimage.jpg\" \/>\n<meta name=\"twitter:card\" content=\"summary_large_image\" \/>\n<meta name=\"twitter:label1\" content=\"Est. reading time\" \/>\n\t<meta name=\"twitter:data1\" content=\"5 minutes\" \/>\n<script type=\"application\/ld+json\" class=\"yoast-schema-graph\">{\"@context\":\"https:\\\/\\\/schema.org\",\"@graph\":[{\"@type\":\"WebPage\",\"@id\":\"https:\\\/\\\/kiigik.com\\\/en\\\/feedback\\\/\",\"url\":\"https:\\\/\\\/kiigik.com\\\/en\\\/feedback\\\/\",\"name\":\"Feedback - K\u00c4SIT\u00d6\u00d6 DISAINKIIGED\",\"isPartOf\":{\"@id\":\"https:\\\/\\\/kiigik.com\\\/en\\\/#website\"},\"primaryImageOfPage\":{\"@id\":\"https:\\\/\\\/kiigik.com\\\/en\\\/feedback\\\/#primaryimage\"},\"image\":{\"@id\":\"https:\\\/\\\/kiigik.com\\\/en\\\/feedback\\\/#primaryimage\"},\"thumbnailUrl\":\"https:\\\/\\\/kiigik.com\\\/wp-content\\\/uploads\\\/2018\\\/06\\\/Webp.net-resizeimage.jpg\",\"datePublished\":\"2018-06-13T18:22:57+00:00\",\"dateModified\":\"2024-03-19T08:59:17+00:00\",\"breadcrumb\":{\"@id\":\"https:\\\/\\\/kiigik.com\\\/en\\\/feedback\\\/#breadcrumb\"},\"inLanguage\":\"en-US\",\"potentialAction\":[{\"@type\":\"ReadAction\",\"target\":[\"https:\\\/\\\/kiigik.com\\\/en\\\/feedback\\\/\"]}]},{\"@type\":\"ImageObject\",\"inLanguage\":\"en-US\",\"@id\":\"https:\\\/\\\/kiigik.com\\\/en\\\/feedback\\\/#primaryimage\",\"url\":\"https:\\\/\\\/kiigik.com\\\/wp-content\\\/uploads\\\/2018\\\/06\\\/Webp.net-resizeimage.jpg\",\"contentUrl\":\"https:\\\/\\\/kiigik.com\\\/wp-content\\\/uploads\\\/2018\\\/06\\\/Webp.net-resizeimage.jpg\"},{\"@type\":\"BreadcrumbList\",\"@id\":\"https:\\\/\\\/kiigik.com\\\/en\\\/feedback\\\/#breadcrumb\",\"itemListElement\":[{\"@type\":\"ListItem\",\"position\":1,\"name\":\"Home\",\"item\":\"https:\\\/\\\/kiigik.com\\\/en\\\/\"},{\"@type\":\"ListItem\",\"position\":2,\"name\":\"Feedback\"}]},{\"@type\":\"WebSite\",\"@id\":\"https:\\\/\\\/kiigik.com\\\/en\\\/#website\",\"url\":\"https:\\\/\\\/kiigik.com\\\/en\\\/\",\"name\":\"K\u00c4SIT\u00d6\u00d6 DISAINKIIGED\",\"description\":\"kiigik.com\",\"publisher\":{\"@id\":\"https:\\\/\\\/kiigik.com\\\/en\\\/#organization\"},\"potentialAction\":[{\"@type\":\"SearchAction\",\"target\":{\"@type\":\"EntryPoint\",\"urlTemplate\":\"https:\\\/\\\/kiigik.com\\\/en\\\/?s={search_term_string}\"},\"query-input\":{\"@type\":\"PropertyValueSpecification\",\"valueRequired\":true,\"valueName\":\"search_term_string\"}}],\"inLanguage\":\"en-US\"},{\"@type\":\"Organization\",\"@id\":\"https:\\\/\\\/kiigik.com\\\/en\\\/#organization\",\"name\":\"K\u00c4SIT\u00d6\u00d6 DISAINKIIGED\",\"url\":\"https:\\\/\\\/kiigik.com\\\/en\\\/\",\"logo\":{\"@type\":\"ImageObject\",\"inLanguage\":\"en-US\",\"@id\":\"https:\\\/\\\/kiigik.com\\\/en\\\/#\\\/schema\\\/logo\\\/image\\\/\",\"url\":\"https:\\\/\\\/kiigik.com\\\/wp-content\\\/uploads\\\/2020\\\/05\\\/kiigik-logo.svg\",\"contentUrl\":\"https:\\\/\\\/kiigik.com\\\/wp-content\\\/uploads\\\/2020\\\/05\\\/kiigik-logo.svg\",\"width\":115,\"height\":57,\"caption\":\"K\u00c4SIT\u00d6\u00d6 DISAINKIIGED\"},\"image\":{\"@id\":\"https:\\\/\\\/kiigik.com\\\/en\\\/#\\\/schema\\\/logo\\\/image\\\/\"}}]}<\/script>\n<!-- \/ Yoast SEO plugin. -->","yoast_head_json":{"title":"Feedback - K\u00c4SIT\u00d6\u00d6 DISAINKIIGED","robots":{"index":"index","follow":"follow","max-snippet":"max-snippet:-1","max-image-preview":"max-image-preview:large","max-video-preview":"max-video-preview:-1"},"canonical":"https:\/\/kiigik.com\/en\/feedback\/","og_locale":"en_US","og_type":"article","og_title":"Feedback - K\u00c4SIT\u00d6\u00d6 DISAINKIIGED","og_url":"https:\/\/kiigik.com\/en\/feedback\/","og_site_name":"K\u00c4SIT\u00d6\u00d6 DISAINKIIGED","article_modified_time":"2024-03-19T08:59:17+00:00","og_image":[{"url":"https:\/\/kiigik.com\/wp-content\/uploads\/2018\/06\/Webp.net-resizeimage.jpg","type":"","width":"","height":""}],"twitter_card":"summary_large_image","twitter_misc":{"Est. reading time":"5 minutes"},"schema":{"@context":"https:\/\/schema.org","@graph":[{"@type":"WebPage","@id":"https:\/\/kiigik.com\/en\/feedback\/","url":"https:\/\/kiigik.com\/en\/feedback\/","name":"Feedback - K\u00c4SIT\u00d6\u00d6 DISAINKIIGED","isPartOf":{"@id":"https:\/\/kiigik.com\/en\/#website"},"primaryImageOfPage":{"@id":"https:\/\/kiigik.com\/en\/feedback\/#primaryimage"},"image":{"@id":"https:\/\/kiigik.com\/en\/feedback\/#primaryimage"},"thumbnailUrl":"https:\/\/kiigik.com\/wp-content\/uploads\/2018\/06\/Webp.net-resizeimage.jpg","datePublished":"2018-06-13T18:22:57+00:00","dateModified":"2024-03-19T08:59:17+00:00","breadcrumb":{"@id":"https:\/\/kiigik.com\/en\/feedback\/#breadcrumb"},"inLanguage":"en-US","potentialAction":[{"@type":"ReadAction","target":["https:\/\/kiigik.com\/en\/feedback\/"]}]},{"@type":"ImageObject","inLanguage":"en-US","@id":"https:\/\/kiigik.com\/en\/feedback\/#primaryimage","url":"https:\/\/kiigik.com\/wp-content\/uploads\/2018\/06\/Webp.net-resizeimage.jpg","contentUrl":"https:\/\/kiigik.com\/wp-content\/uploads\/2018\/06\/Webp.net-resizeimage.jpg"},{"@type":"BreadcrumbList","@id":"https:\/\/kiigik.com\/en\/feedback\/#breadcrumb","itemListElement":[{"@type":"ListItem","position":1,"name":"Home","item":"https:\/\/kiigik.com\/en\/"},{"@type":"ListItem","position":2,"name":"Feedback"}]},{"@type":"WebSite","@id":"https:\/\/kiigik.com\/en\/#website","url":"https:\/\/kiigik.com\/en\/","name":"K\u00c4SIT\u00d6\u00d6 DISAINKIIGED","description":"kiigik.com","publisher":{"@id":"https:\/\/kiigik.com\/en\/#organization"},"potentialAction":[{"@type":"SearchAction","target":{"@type":"EntryPoint","urlTemplate":"https:\/\/kiigik.com\/en\/?s={search_term_string}"},"query-input":{"@type":"PropertyValueSpecification","valueRequired":true,"valueName":"search_term_string"}}],"inLanguage":"en-US"},{"@type":"Organization","@id":"https:\/\/kiigik.com\/en\/#organization","name":"K\u00c4SIT\u00d6\u00d6 DISAINKIIGED","url":"https:\/\/kiigik.com\/en\/","logo":{"@type":"ImageObject","inLanguage":"en-US","@id":"https:\/\/kiigik.com\/en\/#\/schema\/logo\/image\/","url":"https:\/\/kiigik.com\/wp-content\/uploads\/2020\/05\/kiigik-logo.svg","contentUrl":"https:\/\/kiigik.com\/wp-content\/uploads\/2020\/05\/kiigik-logo.svg","width":115,"height":57,"caption":"K\u00c4SIT\u00d6\u00d6 DISAINKIIGED"},"image":{"@id":"https:\/\/kiigik.com\/en\/#\/schema\/logo\/image\/"}}]}},"uagb_featured_image_src":{"full":false,"thumbnail":false,"medium":false,"medium_large":false,"large":false,"1536x1536":false,"2048x2048":false,"woocommerce_thumbnail":false,"woocommerce_single":false,"woocommerce_gallery_thumbnail":false},"uagb_author_info":{"display_name":"H\u00e4li-Herta Haavapuu","author_link":"https:\/\/kiigik.com\/en\/author\/haavapuu123\/"},"uagb_comment_info":0,"uagb_excerpt":null,"_links":{"self":[{"href":"https:\/\/kiigik.com\/en\/wp-json\/wp\/v2\/pages\/4238","targetHints":{"allow":["GET"]}}],"collection":[{"href":"https:\/\/kiigik.com\/en\/wp-json\/wp\/v2\/pages"}],"about":[{"href":"https:\/\/kiigik.com\/en\/wp-json\/wp\/v2\/types\/page"}],"author":[{"embeddable":true,"href":"https:\/\/kiigik.com\/en\/wp-json\/wp\/v2\/users\/2"}],"replies":[{"embeddable":true,"href":"https:\/\/kiigik.com\/en\/wp-json\/wp\/v2\/comments?post=4238"}],"version-history":[{"count":4,"href":"https:\/\/kiigik.com\/en\/wp-json\/wp\/v2\/pages\/4238\/revisions"}],"predecessor-version":[{"id":11661,"href":"https:\/\/kiigik.com\/en\/wp-json\/wp\/v2\/pages\/4238\/revisions\/11661"}],"wp:attachment":[{"href":"https:\/\/kiigik.com\/en\/wp-json\/wp\/v2\/media?parent=4238"}],"curies":[{"name":"wp","href":"https:\/\/api.w.org\/{rel}","templated":true}]}}