{"id":4265,"date":"2019-11-22T11:19:13","date_gmt":"2019-11-22T09:19:13","guid":{"rendered":"https:\/\/kiigik.com\/privacy-policy\/"},"modified":"2020-09-14T14:16:40","modified_gmt":"2020-09-14T11:16:40","slug":"privacy-policy","status":"publish","type":"page","link":"https:\/\/kiigik.com\/en\/privacy-policy\/","title":{"rendered":"Privacy Policy"},"content":{"rendered":"\n\n\n<section class=\"wp-block-uagb-section uagb-section__wrap uagb-section__background-undefined uagb-block-4407e02b\"><div class=\"uagb-section__overlay\"><\/div><div class=\"uagb-section__inner-wrap\">\n<p><strong>Definitions<\/strong><\/p>\n\n\n\n<p>Processing of personal data is any activity carried out with the personal data of a web site user (hereinafter user) &#8211; collection, processing, storage, correction or deletion of data.<\/p>\n\n\n\n<p>Users are all persons who visit the website, consume services or provide information to KIIGIK O\u00dc. For example, reading articles, ordering services or contacting KIIGIK O\u00dc via email.<\/p>\n\n\n\n<p><strong>Processing of personal data<\/strong><\/p>\n\n\n\n<p>By using the Website, you consent to the processing of your data in accordance with these Privacy Terms.<\/p>\n\n\n\n<p>KIIGIK O\u00dc collects the following personal data of users through the website in the following ways:<br>\u2022 <strong>name and email<\/strong> &#8211; when requesting information from a user;<br>\u2022 <strong>first &#8211; and last name, e-mail address, telephone<\/strong> &#8211; for delivery to the user by parcel machine;<br>\u2022 <strong>first &#8211; and last name, email, phone, address<\/strong> &#8211; for delivery to the user;<\/p>\n\n\n\n<p><strong>Use personal information<\/strong><\/p>\n\n\n\n<p><strong>KIIGIK O\u00dc uses personal information:<br><\/strong> Provide a service to the user, such as concluding and performing a contract, communicating with the user, billing; to the user&#8217;s email address to <strong>send notifications<\/strong> of new articles, services, and campaigns, but with the user&#8217;s prior consent.<\/p>\n\n\n\n<p>The User shall have the right at any time to prohibit the processing of his \/ her personal data, except to the extent required for the fulfillment of a contractual requirement, including the provision of a service.<\/p>\n\n\n\n<p><strong>Transfer personal information to third parties<\/strong><\/p>\n\n\n\n<p><strong>Third Party<\/strong> is a contractual partner of KIIGIK O\u00dc, which processes personal data and provides services to the user.ee using the product or service.<br>KIIGIK O\u00dc uses third parties for its daily activities, which offer:<br>payment service, parcel delivery service.<\/p>\n\n\n\n<p>In addition to the third parties mentioned in the previous paragraph, KIIGIK O\u00dc will transfer the personal data of the user to the cooperation partner. This is only to the extent necessary to provide the service to the user. KIIGIK O\u00dc is the controller of personal data and forwards personal data necessary for making payments to the authorized processor Maksekeskus AS.<\/p>\n\n\n\n<p><strong>Security and storage of personal data<\/strong><\/p>\n\n\n\n<p>KIIGIK O\u00dc will keep personal data for as long as it is necessary for the fulfillment of the purpose or as required by law. For example, accounting records are retained for 7 years from the end of the financial year or until the user expresses a request to remove the data.<\/p>\n\n\n\n<p>KIIGIK O\u00dc shall take all reasonable measures to protect the personal data processed. Only authorized persons have access to the modification and processing of personal data and the personal data of all users will be treated as confidential information.<\/p>\n\n\n\n<p><strong>User rights<\/strong><\/p>\n\n\n\n<p>The user is entitled at any time to:<br>\u2022 request access to your own data;<br>\u2022 require the correction, addition or deletion of personal data in accordance with the terms and conditions provided by law;<br>\u2022 require the restriction of the processing of personal data;<br>\u2022 require the transfer of personal data.<\/p>\n\n\n\n<p>In order to exercise their rights, the user must send a request to <em>info @<\/em> <em>kiigik.com <\/em>.<\/p>\n\n\n\n<p>To restrict the use of cookies, the user can make appropriate choices in their web browser settings.<br>If the User believes that his or her rights have been violated in the processing of personal data, he or she has the right to appeal to the Data Protection Inspectorate.<\/p>\n\n\n\n<p><strong>Cookies<\/strong><\/p>\n\n\n\n<p>Our site does not currently use cookies.<\/p>\n\n\n\n<p><strong>Change the privacy policy<\/strong><\/p>\n\n\n\n<p>KIIGIK O\u00dc reserves the right to change the privacy policy unilaterally and without prior notice in order to ensure its compliance with the law. The most recent version of the Privacy Policy is always available on the website.<\/p>\n\n\n\n<p>For all privacy and data processing issues, please contact us at <em>info @<\/em> <em>swing.com<\/em> <em>.<\/em><\/p>\n<\/div><\/section>\n","protected":false},"excerpt":{"rendered":"","protected":false},"author":3,"featured_media":0,"parent":0,"menu_order":0,"comment_status":"closed","ping_status":"closed","template":"","meta":{"_seopress_robots_primary_cat":"","_seopress_titles_title":"","_seopress_titles_desc":"","_seopress_robots_index":"","_uag_custom_page_level_css":"","site-sidebar-layout":"default","site-content-layout":"default","ast-site-content-layout":"default","site-content-style":"default","site-sidebar-style":"default","ast-global-header-display":"","ast-banner-title-visibility":"","ast-main-header-display":"","ast-hfb-above-header-display":"","ast-hfb-below-header-display":"","ast-hfb-mobile-header-display":"","site-post-title":"","ast-breadcrumbs-content":"","ast-featured-img":"","footer-sml-layout":"","ast-disable-related-posts":"","theme-transparent-header-meta":"default","adv-header-id-meta":"5707","stick-header-meta":"default","header-above-stick-meta":"","header-main-stick-meta":"","header-below-stick-meta":"","astra-migrate-meta-layouts":"default","ast-page-background-enabled":"default","ast-page-background-meta":{"desktop":{"background-color":"","background-image":"","background-repeat":"repeat","background-position":"center center","background-size":"auto","background-attachment":"scroll","background-type":"","background-media":"","overlay-type":"","overlay-color":"","overlay-opacity":"","overlay-gradient":""},"tablet":{"background-color":"","background-image":"","background-repeat":"repeat","background-position":"center center","background-size":"auto","background-attachment":"scroll","background-type":"","background-media":"","overlay-type":"","overlay-color":"","overlay-opacity":"","overlay-gradient":""},"mobile":{"background-color":"","background-image":"","background-repeat":"repeat","background-position":"center center","background-size":"auto","background-attachment":"scroll","background-type":"","background-media":"","overlay-type":"","overlay-color":"","overlay-opacity":"","overlay-gradient":""}},"ast-content-background-meta":{"desktop":{"background-color":"var(--ast-global-color-5)","background-image":"","background-repeat":"repeat","background-position":"center center","background-size":"auto","background-attachment":"scroll","background-type":"","background-media":"","overlay-type":"","overlay-color":"","overlay-opacity":"","overlay-gradient":""},"tablet":{"background-color":"var(--ast-global-color-5)","background-image":"","background-repeat":"repeat","background-position":"center center","background-size":"auto","background-attachment":"scroll","background-type":"","background-media":"","overlay-type":"","overlay-color":"","overlay-opacity":"","overlay-gradient":""},"mobile":{"background-color":"var(--ast-global-color-5)","background-image":"","background-repeat":"repeat","background-position":"center center","background-size":"auto","background-attachment":"scroll","background-type":"","background-media":"","overlay-type":"","overlay-color":"","overlay-opacity":"","overlay-gradient":""}},"footnotes":""},"class_list":["post-4265","page","type-page","status-publish","hentry"],"yoast_head":"<!-- This site is optimized with the Yoast SEO plugin v27.3 - https:\/\/yoast.com\/product\/yoast-seo-wordpress\/ -->\n<title>Privacy Policy - K\u00c4SIT\u00d6\u00d6 DISAINKIIGED<\/title>\n<meta name=\"robots\" content=\"index, follow, max-snippet:-1, max-image-preview:large, max-video-preview:-1\" \/>\n<link rel=\"canonical\" href=\"https:\/\/kiigik.com\/en\/privacy-policy\/\" \/>\n<meta property=\"og:locale\" content=\"en_US\" \/>\n<meta property=\"og:type\" content=\"article\" \/>\n<meta property=\"og:title\" content=\"Privacy Policy - K\u00c4SIT\u00d6\u00d6 DISAINKIIGED\" \/>\n<meta property=\"og:url\" content=\"https:\/\/kiigik.com\/en\/privacy-policy\/\" \/>\n<meta property=\"og:site_name\" content=\"K\u00c4SIT\u00d6\u00d6 DISAINKIIGED\" \/>\n<meta property=\"article:modified_time\" content=\"2020-09-14T11:16:40+00:00\" \/>\n<meta name=\"twitter:card\" content=\"summary_large_image\" \/>\n<meta name=\"twitter:label1\" content=\"Est. reading time\" \/>\n\t<meta name=\"twitter:data1\" content=\"3 minutes\" \/>\n<script type=\"application\/ld+json\" class=\"yoast-schema-graph\">{\"@context\":\"https:\\\/\\\/schema.org\",\"@graph\":[{\"@type\":\"WebPage\",\"@id\":\"https:\\\/\\\/kiigik.com\\\/en\\\/privacy-policy\\\/\",\"url\":\"https:\\\/\\\/kiigik.com\\\/en\\\/privacy-policy\\\/\",\"name\":\"Privacy Policy - K\u00c4SIT\u00d6\u00d6 DISAINKIIGED\",\"isPartOf\":{\"@id\":\"https:\\\/\\\/kiigik.com\\\/en\\\/#website\"},\"datePublished\":\"2019-11-22T09:19:13+00:00\",\"dateModified\":\"2020-09-14T11:16:40+00:00\",\"breadcrumb\":{\"@id\":\"https:\\\/\\\/kiigik.com\\\/en\\\/privacy-policy\\\/#breadcrumb\"},\"inLanguage\":\"en-US\",\"potentialAction\":[{\"@type\":\"ReadAction\",\"target\":[\"https:\\\/\\\/kiigik.com\\\/en\\\/privacy-policy\\\/\"]}]},{\"@type\":\"BreadcrumbList\",\"@id\":\"https:\\\/\\\/kiigik.com\\\/en\\\/privacy-policy\\\/#breadcrumb\",\"itemListElement\":[{\"@type\":\"ListItem\",\"position\":1,\"name\":\"Home\",\"item\":\"https:\\\/\\\/kiigik.com\\\/en\\\/\"},{\"@type\":\"ListItem\",\"position\":2,\"name\":\"Privacy Policy\"}]},{\"@type\":\"WebSite\",\"@id\":\"https:\\\/\\\/kiigik.com\\\/en\\\/#website\",\"url\":\"https:\\\/\\\/kiigik.com\\\/en\\\/\",\"name\":\"K\u00c4SIT\u00d6\u00d6 DISAINKIIGED\",\"description\":\"kiigik.com\",\"publisher\":{\"@id\":\"https:\\\/\\\/kiigik.com\\\/en\\\/#organization\"},\"potentialAction\":[{\"@type\":\"SearchAction\",\"target\":{\"@type\":\"EntryPoint\",\"urlTemplate\":\"https:\\\/\\\/kiigik.com\\\/en\\\/?s={search_term_string}\"},\"query-input\":{\"@type\":\"PropertyValueSpecification\",\"valueRequired\":true,\"valueName\":\"search_term_string\"}}],\"inLanguage\":\"en-US\"},{\"@type\":\"Organization\",\"@id\":\"https:\\\/\\\/kiigik.com\\\/en\\\/#organization\",\"name\":\"K\u00c4SIT\u00d6\u00d6 DISAINKIIGED\",\"url\":\"https:\\\/\\\/kiigik.com\\\/en\\\/\",\"logo\":{\"@type\":\"ImageObject\",\"inLanguage\":\"en-US\",\"@id\":\"https:\\\/\\\/kiigik.com\\\/en\\\/#\\\/schema\\\/logo\\\/image\\\/\",\"url\":\"https:\\\/\\\/kiigik.com\\\/wp-content\\\/uploads\\\/2020\\\/05\\\/kiigik-logo.svg\",\"contentUrl\":\"https:\\\/\\\/kiigik.com\\\/wp-content\\\/uploads\\\/2020\\\/05\\\/kiigik-logo.svg\",\"width\":115,\"height\":57,\"caption\":\"K\u00c4SIT\u00d6\u00d6 DISAINKIIGED\"},\"image\":{\"@id\":\"https:\\\/\\\/kiigik.com\\\/en\\\/#\\\/schema\\\/logo\\\/image\\\/\"}}]}<\/script>\n<!-- \/ Yoast SEO plugin. -->","yoast_head_json":{"title":"Privacy Policy - K\u00c4SIT\u00d6\u00d6 DISAINKIIGED","robots":{"index":"index","follow":"follow","max-snippet":"max-snippet:-1","max-image-preview":"max-image-preview:large","max-video-preview":"max-video-preview:-1"},"canonical":"https:\/\/kiigik.com\/en\/privacy-policy\/","og_locale":"en_US","og_type":"article","og_title":"Privacy Policy - K\u00c4SIT\u00d6\u00d6 DISAINKIIGED","og_url":"https:\/\/kiigik.com\/en\/privacy-policy\/","og_site_name":"K\u00c4SIT\u00d6\u00d6 DISAINKIIGED","article_modified_time":"2020-09-14T11:16:40+00:00","twitter_card":"summary_large_image","twitter_misc":{"Est. reading time":"3 minutes"},"schema":{"@context":"https:\/\/schema.org","@graph":[{"@type":"WebPage","@id":"https:\/\/kiigik.com\/en\/privacy-policy\/","url":"https:\/\/kiigik.com\/en\/privacy-policy\/","name":"Privacy Policy - K\u00c4SIT\u00d6\u00d6 DISAINKIIGED","isPartOf":{"@id":"https:\/\/kiigik.com\/en\/#website"},"datePublished":"2019-11-22T09:19:13+00:00","dateModified":"2020-09-14T11:16:40+00:00","breadcrumb":{"@id":"https:\/\/kiigik.com\/en\/privacy-policy\/#breadcrumb"},"inLanguage":"en-US","potentialAction":[{"@type":"ReadAction","target":["https:\/\/kiigik.com\/en\/privacy-policy\/"]}]},{"@type":"BreadcrumbList","@id":"https:\/\/kiigik.com\/en\/privacy-policy\/#breadcrumb","itemListElement":[{"@type":"ListItem","position":1,"name":"Home","item":"https:\/\/kiigik.com\/en\/"},{"@type":"ListItem","position":2,"name":"Privacy Policy"}]},{"@type":"WebSite","@id":"https:\/\/kiigik.com\/en\/#website","url":"https:\/\/kiigik.com\/en\/","name":"K\u00c4SIT\u00d6\u00d6 DISAINKIIGED","description":"kiigik.com","publisher":{"@id":"https:\/\/kiigik.com\/en\/#organization"},"potentialAction":[{"@type":"SearchAction","target":{"@type":"EntryPoint","urlTemplate":"https:\/\/kiigik.com\/en\/?s={search_term_string}"},"query-input":{"@type":"PropertyValueSpecification","valueRequired":true,"valueName":"search_term_string"}}],"inLanguage":"en-US"},{"@type":"Organization","@id":"https:\/\/kiigik.com\/en\/#organization","name":"K\u00c4SIT\u00d6\u00d6 DISAINKIIGED","url":"https:\/\/kiigik.com\/en\/","logo":{"@type":"ImageObject","inLanguage":"en-US","@id":"https:\/\/kiigik.com\/en\/#\/schema\/logo\/image\/","url":"https:\/\/kiigik.com\/wp-content\/uploads\/2020\/05\/kiigik-logo.svg","contentUrl":"https:\/\/kiigik.com\/wp-content\/uploads\/2020\/05\/kiigik-logo.svg","width":115,"height":57,"caption":"K\u00c4SIT\u00d6\u00d6 DISAINKIIGED"},"image":{"@id":"https:\/\/kiigik.com\/en\/#\/schema\/logo\/image\/"}}]}},"uagb_featured_image_src":{"full":false,"thumbnail":false,"medium":false,"medium_large":false,"large":false,"1536x1536":false,"2048x2048":false,"woocommerce_thumbnail":false,"woocommerce_single":false,"woocommerce_gallery_thumbnail":false},"uagb_author_info":{"display_name":"Priit Paat","author_link":"https:\/\/kiigik.com\/en\/author\/priit\/"},"uagb_comment_info":0,"uagb_excerpt":null,"_links":{"self":[{"href":"https:\/\/kiigik.com\/en\/wp-json\/wp\/v2\/pages\/4265","targetHints":{"allow":["GET"]}}],"collection":[{"href":"https:\/\/kiigik.com\/en\/wp-json\/wp\/v2\/pages"}],"about":[{"href":"https:\/\/kiigik.com\/en\/wp-json\/wp\/v2\/types\/page"}],"author":[{"embeddable":true,"href":"https:\/\/kiigik.com\/en\/wp-json\/wp\/v2\/users\/3"}],"replies":[{"embeddable":true,"href":"https:\/\/kiigik.com\/en\/wp-json\/wp\/v2\/comments?post=4265"}],"version-history":[{"count":0,"href":"https:\/\/kiigik.com\/en\/wp-json\/wp\/v2\/pages\/4265\/revisions"}],"wp:attachment":[{"href":"https:\/\/kiigik.com\/en\/wp-json\/wp\/v2\/media?parent=4265"}],"curies":[{"name":"wp","href":"https:\/\/api.w.org\/{rel}","templated":true}]}}