{"id":4275,"date":"2020-02-09T15:07:15","date_gmt":"2020-02-09T13:07:15","guid":{"rendered":"https:\/\/kiigik.com\/our-3-core-values\/"},"modified":"2020-09-25T14:39:00","modified_gmt":"2020-09-25T11:39:00","slug":"our-3-core-values","status":"publish","type":"page","link":"https:\/\/kiigik.com\/en\/our-3-core-values\/","title":{"rendered":"Our 3 core values"},"content":{"rendered":"\n<div style=\"height:50px\" aria-hidden=\"true\" class=\"wp-block-spacer\"><\/div>\n\n<section class=\"wp-block-uagb-columns uagb-columns__wrap uagb-columns__background-undefined uagb-columns__stack-mobile uagb-columns__valign-undefined uagb-columns__gap-0 alignundefined uagb-block-ff970265-e0e8-4a63-a633-3a55696db0c9\"><div class=\"uagb-columns__overlay\"><\/div><div class=\"uagb-columns__inner-wrap uagb-columns__columns-3\">\n<div class=\"wp-block-uagb-column uagb-column__wrap uagb-column__background-undefined uagb-block-2968075e-021e-48aa-97c7-ade926534b6e\"><div class=\"uagb-column__overlay\"><\/div><div class=\"uagb-column__inner-wrap\">\n<div class=\"wp-block-uagb-advanced-heading uagb-block-99afd679-9d72-4133-b968-141ade9b563b\"><h2 class=\"uagb-heading-text\"><strong>Practicality<\/strong><\/h2><div class=\"uagb-separator-wrap\"><div class=\"uagb-separator\"><\/div><\/div><p class=\"uagb-desc-text\"><\/p><\/div>\n\n\n\n<div class=\"wp-block-uagb-icon-list uagb-icon-list__outer-wrap uagb-icon-list__layout-vertical uagb-block-89ff5190-2b47-4d71-a5d7-86f327f36b12\"><div class=\"uagb-icon-list__wrap\">\n<div class=\"wp-block-uagb-icon-list-child uagb-icon-list-repeater uagb-icon-list__wrapper uagb-block-8eb16833-a98d-45b6-88f7-251334ff2916\"><div class=\"uagb-icon-list__content-wrap\"><span class=\"uagb-icon-list__source-wrap\"><span class=\"uagb-icon-list__source-icon\"><svg xmlns=\"http:\/\/www.w3.org\/2000\/svg\" viewbox=\"0 0 576 512\"><path d=\"M259.3 17.8L194 150.2 47.9 171.5c-26.2 3.8-36.7 36.1-17.7 54.6l105.7 103-25 145.5c-4.5 26.3 23.2 46 46.4 33.7L288 439.6l130.7 68.7c23.2 12.2 50.9-7.4 46.4-33.7l-25-145.5 105.7-103c19-18.5 8.5-50.8-17.7-54.6L382 150.2 316.7 17.8c-11.7-23.6-45.6-23.9-57.4 0z\"><\/path><\/svg><\/span><\/span><div class=\"uagb-icon-list__label-wrap\"><span class=\"uagb-icon-list__label\">All fabric parts are washable and you can even remove the pillowcase.<\/span><\/div><\/div><\/div>\n\n\n\n<div class=\"wp-block-uagb-icon-list-child uagb-icon-list-repeater uagb-icon-list__wrapper uagb-block-43bb7f4c-7564-4cc9-86d9-e2921ef58540\"><div class=\"uagb-icon-list__content-wrap\"><span class=\"uagb-icon-list__source-wrap\"><span class=\"uagb-icon-list__source-icon\"><svg xmlns=\"http:\/\/www.w3.org\/2000\/svg\" viewbox=\"0 0 576 512\"><path d=\"M259.3 17.8L194 150.2 47.9 171.5c-26.2 3.8-36.7 36.1-17.7 54.6l105.7 103-25 145.5c-4.5 26.3 23.2 46 46.4 33.7L288 439.6l130.7 68.7c23.2 12.2 50.9-7.4 46.4-33.7l-25-145.5 105.7-103c19-18.5 8.5-50.8-17.7-54.6L382 150.2 316.7 17.8c-11.7-23.6-45.6-23.9-57.4 0z\"><\/path><\/svg><\/span><\/span><div class=\"uagb-icon-list__label-wrap\"><span class=\"uagb-icon-list__label\">You can use the swing in different places (even outside if desired).<\/span><\/div><\/div><\/div>\n\n\n\n<div class=\"wp-block-uagb-icon-list-child uagb-icon-list-repeater uagb-icon-list__wrapper uagb-block-b5181f3a-c1a7-48ad-af13-8a69484abb6f\"><div class=\"uagb-icon-list__content-wrap\"><span class=\"uagb-icon-list__source-wrap\"><span class=\"uagb-icon-list__source-icon\"><svg xmlns=\"http:\/\/www.w3.org\/2000\/svg\" viewbox=\"0 0 576 512\"><path d=\"M259.3 17.8L194 150.2 47.9 171.5c-26.2 3.8-36.7 36.1-17.7 54.6l105.7 103-25 145.5c-4.5 26.3 23.2 46 46.4 33.7L288 439.6l130.7 68.7c23.2 12.2 50.9-7.4 46.4-33.7l-25-145.5 105.7-103c19-18.5 8.5-50.8-17.7-54.6L382 150.2 316.7 17.8c-11.7-23.6-45.6-23.9-57.4 0z\"><\/path><\/svg><\/span><\/span><div class=\"uagb-icon-list__label-wrap\"><span class=\"uagb-icon-list__label\">It is easy to take off the swing from the ceiling and fold it together.Kiike on lihtne konksudelt maha t\u00f5sta ning kompaktseks kokku pakkida.<\/span><\/div><\/div><\/div>\n\n\n\n<div class=\"wp-block-uagb-icon-list-child uagb-icon-list-repeater uagb-icon-list__wrapper uagb-block-801234f0-9290-4528-975e-8a26ee86005f\"><div class=\"uagb-icon-list__content-wrap\"><span class=\"uagb-icon-list__source-wrap\"><span class=\"uagb-icon-list__source-icon\"><svg xmlns=\"http:\/\/www.w3.org\/2000\/svg\" viewbox=\"0 0 576 512\"><path d=\"M259.3 17.8L194 150.2 47.9 171.5c-26.2 3.8-36.7 36.1-17.7 54.6l105.7 103-25 145.5c-4.5 26.3 23.2 46 46.4 33.7L288 439.6l130.7 68.7c23.2 12.2 50.9-7.4 46.4-33.7l-25-145.5 105.7-103c19-18.5 8.5-50.8-17.7-54.6L382 150.2 316.7 17.8c-11.7-23.6-45.6-23.9-57.4 0z\"><\/path><\/svg><\/span><\/span><div class=\"uagb-icon-list__label-wrap\"><span class=\"uagb-icon-list__label\">It is possible to adjust the height of the swing from the rope knots.<\/span><\/div><\/div><\/div>\n\n\n\n<div class=\"wp-block-uagb-icon-list-child uagb-icon-list-repeater uagb-icon-list__wrapper uagb-block-dccfc299-1f55-40ff-9455-9a01abee3378\"><div class=\"uagb-icon-list__content-wrap\"><span class=\"uagb-icon-list__source-wrap\"><span class=\"uagb-icon-list__source-icon\"><svg xmlns=\"http:\/\/www.w3.org\/2000\/svg\" viewbox=\"0 0 576 512\"><path d=\"M259.3 17.8L194 150.2 47.9 171.5c-26.2 3.8-36.7 36.1-17.7 54.6l105.7 103-25 145.5c-4.5 26.3 23.2 46 46.4 33.7L288 439.6l130.7 68.7c23.2 12.2 50.9-7.4 46.4-33.7l-25-145.5 105.7-103c19-18.5 8.5-50.8-17.7-54.6L382 150.2 316.7 17.8c-11.7-23.6-45.6-23.9-57.4 0z\"><\/path><\/svg><\/span><\/span><div class=\"uagb-icon-list__label-wrap\"><span class=\"uagb-icon-list__label\">Suitable for children from 6 months (baby needs to sit independently) up to 3 years.<\/span><\/div><\/div><\/div>\n<\/div><\/div>\n<\/div><\/div>\n\n\n\n<div class=\"wp-block-uagb-column uagb-column__wrap uagb-column__background-undefined uagb-block-45c4fe5f-68ea-47bd-bc7d-35f737bdcf6f\"><div class=\"uagb-column__overlay\"><\/div><div class=\"uagb-column__inner-wrap\">\n<div class=\"wp-block-uagb-advanced-heading uagb-block-2d6b9331-67b5-478d-82d9-305ec1ea2212\"><h2 class=\"uagb-heading-text\"><strong>Safety<\/strong><\/h2><div class=\"uagb-separator-wrap\"><div class=\"uagb-separator\"><\/div><\/div><p class=\"uagb-desc-text\"><\/p><\/div>\n\n\n\n<div class=\"wp-block-uagb-icon-list uagb-icon-list__outer-wrap uagb-icon-list__layout-vertical uagb-block-74232ed5-4aa4-4ac2-aadf-b7e024bdb355\"><div class=\"uagb-icon-list__wrap\">\n<div class=\"wp-block-uagb-icon-list-child uagb-icon-list-repeater uagb-icon-list__wrapper uagb-block-3268fff0-ac7a-48c5-b49e-dd85da7f0538\"><div class=\"uagb-icon-list__content-wrap\"><span class=\"uagb-icon-list__source-wrap\"><span class=\"uagb-icon-list__source-icon\"><svg xmlns=\"http:\/\/www.w3.org\/2000\/svg\" viewbox=\"0 0 576 512\"><path d=\"M259.3 17.8L194 150.2 47.9 171.5c-26.2 3.8-36.7 36.1-17.7 54.6l105.7 103-25 145.5c-4.5 26.3 23.2 46 46.4 33.7L288 439.6l130.7 68.7c23.2 12.2 50.9-7.4 46.4-33.7l-25-145.5 105.7-103c19-18.5 8.5-50.8-17.7-54.6L382 150.2 316.7 17.8c-11.7-23.6-45.6-23.9-57.4 0z\"><\/path><\/svg><\/span><\/span><div class=\"uagb-icon-list__label-wrap\"><span class=\"uagb-icon-list__label\">We use extra strong and best quality fabrics.<\/span><\/div><\/div><\/div>\n\n\n\n<div class=\"wp-block-uagb-icon-list-child uagb-icon-list-repeater uagb-icon-list__wrapper uagb-block-828dc3be-64db-4d2c-a108-a73415562c40\"><div class=\"uagb-icon-list__content-wrap\"><span class=\"uagb-icon-list__source-wrap\"><span class=\"uagb-icon-list__source-icon\"><svg xmlns=\"http:\/\/www.w3.org\/2000\/svg\" viewbox=\"0 0 576 512\"><path d=\"M259.3 17.8L194 150.2 47.9 171.5c-26.2 3.8-36.7 36.1-17.7 54.6l105.7 103-25 145.5c-4.5 26.3 23.2 46 46.4 33.7L288 439.6l130.7 68.7c23.2 12.2 50.9-7.4 46.4-33.7l-25-145.5 105.7-103c19-18.5 8.5-50.8-17.7-54.6L382 150.2 316.7 17.8c-11.7-23.6-45.6-23.9-57.4 0z\"><\/path><\/svg><\/span><\/span><div class=\"uagb-icon-list__label-wrap\"><span class=\"uagb-icon-list__label\">The sewing is doubled or even some cases tripled.<\/span><\/div><\/div><\/div>\n\n\n\n<div class=\"wp-block-uagb-icon-list-child uagb-icon-list-repeater uagb-icon-list__wrapper uagb-block-ec9392f0-1944-4219-a91e-dda2e5fae6ca\"><div class=\"uagb-icon-list__content-wrap\"><span class=\"uagb-icon-list__source-wrap\"><span class=\"uagb-icon-list__source-icon\"><svg xmlns=\"http:\/\/www.w3.org\/2000\/svg\" viewbox=\"0 0 576 512\"><path d=\"M259.3 17.8L194 150.2 47.9 171.5c-26.2 3.8-36.7 36.1-17.7 54.6l105.7 103-25 145.5c-4.5 26.3 23.2 46 46.4 33.7L288 439.6l130.7 68.7c23.2 12.2 50.9-7.4 46.4-33.7l-25-145.5 105.7-103c19-18.5 8.5-50.8-17.7-54.6L382 150.2 316.7 17.8c-11.7-23.6-45.6-23.9-57.4 0z\"><\/path><\/svg><\/span><\/span><div class=\"uagb-icon-list__label-wrap\"><span class=\"uagb-icon-list__label\">We use extra strong thread to make the baby swings.<\/span><\/div><\/div><\/div>\n\n\n\n<div class=\"wp-block-uagb-icon-list-child uagb-icon-list-repeater uagb-icon-list__wrapper uagb-block-e83e3914-2a44-4e60-bca6-0390ee6c2f8c\"><div class=\"uagb-icon-list__content-wrap\"><span class=\"uagb-icon-list__source-wrap\"><span class=\"uagb-icon-list__source-icon\"><svg xmlns=\"http:\/\/www.w3.org\/2000\/svg\" viewbox=\"0 0 576 512\"><path d=\"M259.3 17.8L194 150.2 47.9 171.5c-26.2 3.8-36.7 36.1-17.7 54.6l105.7 103-25 145.5c-4.5 26.3 23.2 46 46.4 33.7L288 439.6l130.7 68.7c23.2 12.2 50.9-7.4 46.4-33.7l-25-145.5 105.7-103c19-18.5 8.5-50.8-17.7-54.6L382 150.2 316.7 17.8c-11.7-23.6-45.6-23.9-57.4 0z\"><\/path><\/svg><\/span><\/span><div class=\"uagb-icon-list__label-wrap\"><span class=\"uagb-icon-list__label\">oft and durable cotton rope can hold over hundreds of kgs.<\/span><\/div><\/div><\/div>\n\n\n\n<div class=\"wp-block-uagb-icon-list-child uagb-icon-list-repeater uagb-icon-list__wrapper uagb-block-6d51e561-505d-440d-ae7c-3695794e1c4c\"><div class=\"uagb-icon-list__content-wrap\"><span class=\"uagb-icon-list__source-wrap\"><span class=\"uagb-icon-list__source-icon\"><svg xmlns=\"http:\/\/www.w3.org\/2000\/svg\" viewbox=\"0 0 576 512\"><path d=\"M259.3 17.8L194 150.2 47.9 171.5c-26.2 3.8-36.7 36.1-17.7 54.6l105.7 103-25 145.5c-4.5 26.3 23.2 46 46.4 33.7L288 439.6l130.7 68.7c23.2 12.2 50.9-7.4 46.4-33.7l-25-145.5 105.7-103c19-18.5 8.5-50.8-17.7-54.6L382 150.2 316.7 17.8c-11.7-23.6-45.6-23.9-57.4 0z\"><\/path><\/svg><\/span><\/span><div class=\"uagb-icon-list__label-wrap\"><span class=\"uagb-icon-list__label\">The wooden parts are finished with natural and toxin free chalk paint which is safe for children.<\/span><\/div><\/div><\/div>\n\n\n\n<div class=\"wp-block-uagb-icon-list-child uagb-icon-list-repeater uagb-icon-list__wrapper uagb-block-bff19667-8681-4cce-8424-37fb9aa08738\"><div class=\"uagb-icon-list__content-wrap\"><span class=\"uagb-icon-list__source-wrap\"><span class=\"uagb-icon-list__source-icon\"><svg xmlns=\"http:\/\/www.w3.org\/2000\/svg\" viewbox=\"0 0 576 512\"><path d=\"M259.3 17.8L194 150.2 47.9 171.5c-26.2 3.8-36.7 36.1-17.7 54.6l105.7 103-25 145.5c-4.5 26.3 23.2 46 46.4 33.7L288 439.6l130.7 68.7c23.2 12.2 50.9-7.4 46.4-33.7l-25-145.5 105.7-103c19-18.5 8.5-50.8-17.7-54.6L382 150.2 316.7 17.8c-11.7-23.6-45.6-23.9-57.4 0z\"><\/path><\/svg><\/span><\/span><div class=\"uagb-icon-list__label-wrap\"><span class=\"uagb-icon-list__label\">All our swings are manufactured in compliance with the requirements of the European Standards \u201cSafety of toys\u201d EN 71-8.<\/span><\/div><\/div><\/div>\n<\/div><\/div>\n\n\n\n<p><\/p>\n<\/div><\/div>\n\n\n\n<div class=\"wp-block-uagb-column uagb-column__wrap uagb-column__background-undefined uagb-block-ebec396d-851a-4f55-9c0d-9283a0f6abbd\"><div class=\"uagb-column__overlay\"><\/div><div class=\"uagb-column__inner-wrap\">\n<div class=\"wp-block-uagb-advanced-heading uagb-block-83e4d6cd-a6e2-4889-9f3f-77d73278c331\"><h2 class=\"uagb-heading-text\"><strong>Originality<\/strong><\/h2><div class=\"uagb-separator-wrap\"><div class=\"uagb-separator\"><\/div><\/div><p class=\"uagb-desc-text\"><\/p><\/div>\n\n\n\n<div class=\"wp-block-uagb-icon-list uagb-icon-list__outer-wrap uagb-icon-list__layout-vertical uagb-block-af7b9c29-2784-4eca-8db8-19b768903b0f\"><div class=\"uagb-icon-list__wrap\">\n<div class=\"wp-block-uagb-icon-list-child uagb-icon-list-repeater uagb-icon-list__wrapper uagb-block-ea00fea9-30af-46bd-a937-88a17caa87f1\"><div class=\"uagb-icon-list__content-wrap\"><span class=\"uagb-icon-list__source-wrap\"><span class=\"uagb-icon-list__source-icon\"><svg xmlns=\"http:\/\/www.w3.org\/2000\/svg\" viewbox=\"0 0 576 512\"><path d=\"M259.3 17.8L194 150.2 47.9 171.5c-26.2 3.8-36.7 36.1-17.7 54.6l105.7 103-25 145.5c-4.5 26.3 23.2 46 46.4 33.7L288 439.6l130.7 68.7c23.2 12.2 50.9-7.4 46.4-33.7l-25-145.5 105.7-103c19-18.5 8.5-50.8-17.7-54.6L382 150.2 316.7 17.8c-11.7-23.6-45.6-23.9-57.4 0z\"><\/path><\/svg><\/span><\/span><div class=\"uagb-icon-list__label-wrap\"><span class=\"uagb-icon-list__label\">We make special orders.<\/span><\/div><\/div><\/div>\n\n\n\n<div class=\"wp-block-uagb-icon-list-child uagb-icon-list-repeater uagb-icon-list__wrapper uagb-block-910a8c06-0ba9-40e7-a27d-b07d47b2c386\"><div class=\"uagb-icon-list__content-wrap\"><span class=\"uagb-icon-list__source-wrap\"><span class=\"uagb-icon-list__source-icon\"><svg xmlns=\"http:\/\/www.w3.org\/2000\/svg\" viewbox=\"0 0 576 512\"><path d=\"M259.3 17.8L194 150.2 47.9 171.5c-26.2 3.8-36.7 36.1-17.7 54.6l105.7 103-25 145.5c-4.5 26.3 23.2 46 46.4 33.7L288 439.6l130.7 68.7c23.2 12.2 50.9-7.4 46.4-33.7l-25-145.5 105.7-103c19-18.5 8.5-50.8-17.7-54.6L382 150.2 316.7 17.8c-11.7-23.6-45.6-23.9-57.4 0z\"><\/path><\/svg><\/span><\/span><div class=\"uagb-icon-list__label-wrap\"><span class=\"uagb-icon-list__label\">We are more than glad to accept every custom wishes (in accordance with our 3 core values).<\/span><\/div><\/div><\/div>\n\n\n\n<div class=\"wp-block-uagb-icon-list-child uagb-icon-list-repeater uagb-icon-list__wrapper uagb-block-d8701a05-ca12-4cb8-80e8-e270066a375b\"><div class=\"uagb-icon-list__content-wrap\"><span class=\"uagb-icon-list__source-wrap\"><span class=\"uagb-icon-list__source-icon\"><svg xmlns=\"http:\/\/www.w3.org\/2000\/svg\" viewbox=\"0 0 576 512\"><path d=\"M259.3 17.8L194 150.2 47.9 171.5c-26.2 3.8-36.7 36.1-17.7 54.6l105.7 103-25 145.5c-4.5 26.3 23.2 46 46.4 33.7L288 439.6l130.7 68.7c23.2 12.2 50.9-7.4 46.4-33.7l-25-145.5 105.7-103c19-18.5 8.5-50.8-17.7-54.6L382 150.2 316.7 17.8c-11.7-23.6-45.6-23.9-57.4 0z\"><\/path><\/svg><\/span><\/span><div class=\"uagb-icon-list__label-wrap\"><span class=\"uagb-icon-list__label\">We are innovative and constantly try to figure out new designs and products Oleme innovaatilised ning m\u00f5tleme pidevalt v\u00e4lja uusi disaine ning tooteid.<\/span><\/div><\/div><\/div>\n\n\n\n<div class=\"wp-block-uagb-icon-list-child uagb-icon-list-repeater uagb-icon-list__wrapper uagb-block-cbc166b9-a97d-4c8d-8a4c-93a3f859de14\"><div class=\"uagb-icon-list__content-wrap\"><span class=\"uagb-icon-list__source-wrap\"><span class=\"uagb-icon-list__source-icon\"><svg xmlns=\"http:\/\/www.w3.org\/2000\/svg\" viewbox=\"0 0 576 512\"><path d=\"M259.3 17.8L194 150.2 47.9 171.5c-26.2 3.8-36.7 36.1-17.7 54.6l105.7 103-25 145.5c-4.5 26.3 23.2 46 46.4 33.7L288 439.6l130.7 68.7c23.2 12.2 50.9-7.4 46.4-33.7l-25-145.5 105.7-103c19-18.5 8.5-50.8-17.7-54.6L382 150.2 316.7 17.8c-11.7-23.6-45.6-23.9-57.4 0z\"><\/path><\/svg><\/span><\/span><div class=\"uagb-icon-list__label-wrap\"><span class=\"uagb-icon-list__label\">We do our own thing \u2013 it is against our values to copy other artists work.<\/span><\/div><\/div><\/div>\n<\/div><\/div>\n<\/div><\/div>\n<\/div><\/section>\n\n<section class=\"wp-block-uagb-columns uagb-columns__wrap uagb-columns__background-color uagb-columns__stack-mobile uagb-columns__valign- uagb-columns__gap-10 align uagb-block-cd3fee40 uagb-columns__columns-0 uagb-columns__max_width-theme\"><div class=\"uagb-columns__overlay\"><\/div><div class=\"uagb-columns__inner-wrap uagb-columns__columns-0\"><\/div><div class=\"uagb-columns__shape uagb-columns__shape-bottom\" data-negative=\"false\"><svg xmlns=\"https:\/\/www.w3.org\/2000\/svg\" viewBox=\"0 0 283.5 27.8\" preserveAspectRatio=\"xMidYMax slice\"><path class=\"uagb-columns__shape-fill\" d=\"M0 0v6.7c1.9-.8 4.7-1.4 8.5-1 9.5 1.1 11.1 6 11.1 6s2.1-.7 4.3-.2c2.1.5 2.8 2.6 2.8 2.6s.2-.5 1.4-.7c1.2-.2 1.7.2 1.7.2s0-2.1 1.9-2.8c1.9-.7 3.6.7 3.6.7s.7-2.9 3.1-4.1 4.7 0 4.7 0 1.2-.5 2.4 0 1.7 1.4 1.7 1.4h1.4c.7 0 1.2.7 1.2.7s.8-1.8 4-2.2c3.5-.4 5.3 2.4 6.2 4.4.4-.4 1-.7 1.8-.9 2.8-.7 4 .7 4 .7s1.7-5 11.1-6c9.5-1.1 12.3 3.9 12.3 3.9s1.2-4.8 5.7-5.7c4.5-.9 6.8 1.8 6.8 1.8s.6-.6 1.5-.9c.9-.2 1.9-.2 1.9-.2s5.2-6.4 12.6-3.3c7.3 3.1 4.7 9 4.7 9s1.9-.9 4 0 2.8 2.4 2.8 2.4 1.9-1.2 4.5-1.2 4.3 1.2 4.3 1.2.2-1 1.4-1.7 2.1-.7 2.1-.7-.5-3.1 2.1-5.5 5.7-1.4 5.7-1.4 1.5-2.3 4.2-1.1c2.7 1.2 1.7 5.2 1.7 5.2s.3-.1 1.3.5c.5.4.8.8.9 1.1.5-1.4 2.4-5.8 8.4-4 7.1 2.1 3.5 8.9 3.5 8.9s.8-.4 2 0 1.1 1.1 1.1 1.1 1.1-1.1 2.3-1.1 2.1.5 2.1.5 1.9-3.6 6.2-1.2 1.9 6.4 1.9 6.4 2.6-2.4 7.4 0c3.4 1.7 3.9 4.9 3.9 4.9s3.3-6.9 10.4-7.9 11.5 2.6 11.5 2.6.8 0 1.2.2c.4.2.9.9.9.9s4.4-3.1 8.3.2c1.9 1.7 1.5 5 1.5 5s.3-1.1 1.6-1.4c1.3-.3 2.3.2 2.3.2s-.1-1.2.5-1.9 1.9-.9 1.9-.9-4.7-9.3 4.4-13.4c5.6-2.5 9.2.9 9.2.9s5-6.2 15.9-6.2 16.1 8.1 16.1 8.1.7-.2 1.6-.4V0H0z\"><\/path><\/svg><\/div><\/section>\n","protected":false},"excerpt":{"rendered":"<p>Practicality Safety Originality<\/p>\n","protected":false},"author":2,"featured_media":0,"parent":0,"menu_order":0,"comment_status":"closed","ping_status":"closed","template":"","meta":{"_seopress_robots_primary_cat":"","_seopress_titles_title":"","_seopress_titles_desc":"","_seopress_robots_index":"","_uag_custom_page_level_css":"","site-sidebar-layout":"default","site-content-layout":"default","ast-site-content-layout":"default","site-content-style":"default","site-sidebar-style":"default","ast-global-header-display":"","ast-banner-title-visibility":"","ast-main-header-display":"","ast-hfb-above-header-display":"","ast-hfb-below-header-display":"","ast-hfb-mobile-header-display":"","site-post-title":"","ast-breadcrumbs-content":"","ast-featured-img":"","footer-sml-layout":"","ast-disable-related-posts":"","theme-transparent-header-meta":"default","adv-header-id-meta":"","stick-header-meta":"default","header-above-stick-meta":"","header-main-stick-meta":"","header-below-stick-meta":"","astra-migrate-meta-layouts":"default","ast-page-background-enabled":"default","ast-page-background-meta":{"desktop":{"background-color":"","background-image":"","background-repeat":"repeat","background-position":"center center","background-size":"auto","background-attachment":"scroll","background-type":"","background-media":"","overlay-type":"","overlay-color":"","overlay-opacity":"","overlay-gradient":""},"tablet":{"background-color":"","background-image":"","background-repeat":"repeat","background-position":"center center","background-size":"auto","background-attachment":"scroll","background-type":"","background-media":"","overlay-type":"","overlay-color":"","overlay-opacity":"","overlay-gradient":""},"mobile":{"background-color":"","background-image":"","background-repeat":"repeat","background-position":"center center","background-size":"auto","background-attachment":"scroll","background-type":"","background-media":"","overlay-type":"","overlay-color":"","overlay-opacity":"","overlay-gradient":""}},"ast-content-background-meta":{"desktop":{"background-color":"var(--ast-global-color-5)","background-image":"","background-repeat":"repeat","background-position":"center center","background-size":"auto","background-attachment":"scroll","background-type":"","background-media":"","overlay-type":"","overlay-color":"","overlay-opacity":"","overlay-gradient":""},"tablet":{"background-color":"var(--ast-global-color-5)","background-image":"","background-repeat":"repeat","background-position":"center center","background-size":"auto","background-attachment":"scroll","background-type":"","background-media":"","overlay-type":"","overlay-color":"","overlay-opacity":"","overlay-gradient":""},"mobile":{"background-color":"var(--ast-global-color-5)","background-image":"","background-repeat":"repeat","background-position":"center center","background-size":"auto","background-attachment":"scroll","background-type":"","background-media":"","overlay-type":"","overlay-color":"","overlay-opacity":"","overlay-gradient":""}},"footnotes":""},"class_list":["post-4275","page","type-page","status-publish","hentry"],"yoast_head":"<!-- This site is optimized with the Yoast SEO plugin v27.3 - https:\/\/yoast.com\/product\/yoast-seo-wordpress\/ -->\n<title>Our 3 core values - K\u00c4SIT\u00d6\u00d6 DISAINKIIGED<\/title>\n<meta name=\"robots\" content=\"index, follow, max-snippet:-1, max-image-preview:large, max-video-preview:-1\" \/>\n<link rel=\"canonical\" href=\"https:\/\/kiigik.com\/en\/our-3-core-values\/\" \/>\n<meta property=\"og:locale\" content=\"en_US\" \/>\n<meta property=\"og:type\" content=\"article\" \/>\n<meta property=\"og:title\" content=\"Our 3 core values - K\u00c4SIT\u00d6\u00d6 DISAINKIIGED\" \/>\n<meta property=\"og:description\" content=\"Practicality Safety Originality\" \/>\n<meta property=\"og:url\" content=\"https:\/\/kiigik.com\/en\/our-3-core-values\/\" \/>\n<meta property=\"og:site_name\" content=\"K\u00c4SIT\u00d6\u00d6 DISAINKIIGED\" \/>\n<meta property=\"article:modified_time\" content=\"2020-09-25T11:39:00+00:00\" \/>\n<meta name=\"twitter:card\" content=\"summary_large_image\" \/>\n<meta name=\"twitter:label1\" content=\"Est. reading time\" \/>\n\t<meta name=\"twitter:data1\" content=\"1 minute\" \/>\n<script type=\"application\/ld+json\" class=\"yoast-schema-graph\">{\"@context\":\"https:\\\/\\\/schema.org\",\"@graph\":[{\"@type\":\"WebPage\",\"@id\":\"https:\\\/\\\/kiigik.com\\\/en\\\/our-3-core-values\\\/\",\"url\":\"https:\\\/\\\/kiigik.com\\\/en\\\/our-3-core-values\\\/\",\"name\":\"Our 3 core values - K\u00c4SIT\u00d6\u00d6 DISAINKIIGED\",\"isPartOf\":{\"@id\":\"https:\\\/\\\/kiigik.com\\\/en\\\/#website\"},\"datePublished\":\"2020-02-09T13:07:15+00:00\",\"dateModified\":\"2020-09-25T11:39:00+00:00\",\"breadcrumb\":{\"@id\":\"https:\\\/\\\/kiigik.com\\\/en\\\/our-3-core-values\\\/#breadcrumb\"},\"inLanguage\":\"en-US\",\"potentialAction\":[{\"@type\":\"ReadAction\",\"target\":[\"https:\\\/\\\/kiigik.com\\\/en\\\/our-3-core-values\\\/\"]}]},{\"@type\":\"BreadcrumbList\",\"@id\":\"https:\\\/\\\/kiigik.com\\\/en\\\/our-3-core-values\\\/#breadcrumb\",\"itemListElement\":[{\"@type\":\"ListItem\",\"position\":1,\"name\":\"Home\",\"item\":\"https:\\\/\\\/kiigik.com\\\/en\\\/\"},{\"@type\":\"ListItem\",\"position\":2,\"name\":\"Our 3 core values\"}]},{\"@type\":\"WebSite\",\"@id\":\"https:\\\/\\\/kiigik.com\\\/en\\\/#website\",\"url\":\"https:\\\/\\\/kiigik.com\\\/en\\\/\",\"name\":\"K\u00c4SIT\u00d6\u00d6 DISAINKIIGED\",\"description\":\"kiigik.com\",\"publisher\":{\"@id\":\"https:\\\/\\\/kiigik.com\\\/en\\\/#organization\"},\"potentialAction\":[{\"@type\":\"SearchAction\",\"target\":{\"@type\":\"EntryPoint\",\"urlTemplate\":\"https:\\\/\\\/kiigik.com\\\/en\\\/?s={search_term_string}\"},\"query-input\":{\"@type\":\"PropertyValueSpecification\",\"valueRequired\":true,\"valueName\":\"search_term_string\"}}],\"inLanguage\":\"en-US\"},{\"@type\":\"Organization\",\"@id\":\"https:\\\/\\\/kiigik.com\\\/en\\\/#organization\",\"name\":\"K\u00c4SIT\u00d6\u00d6 DISAINKIIGED\",\"url\":\"https:\\\/\\\/kiigik.com\\\/en\\\/\",\"logo\":{\"@type\":\"ImageObject\",\"inLanguage\":\"en-US\",\"@id\":\"https:\\\/\\\/kiigik.com\\\/en\\\/#\\\/schema\\\/logo\\\/image\\\/\",\"url\":\"https:\\\/\\\/kiigik.com\\\/wp-content\\\/uploads\\\/2020\\\/05\\\/kiigik-logo.svg\",\"contentUrl\":\"https:\\\/\\\/kiigik.com\\\/wp-content\\\/uploads\\\/2020\\\/05\\\/kiigik-logo.svg\",\"width\":115,\"height\":57,\"caption\":\"K\u00c4SIT\u00d6\u00d6 DISAINKIIGED\"},\"image\":{\"@id\":\"https:\\\/\\\/kiigik.com\\\/en\\\/#\\\/schema\\\/logo\\\/image\\\/\"}}]}<\/script>\n<!-- \/ Yoast SEO plugin. -->","yoast_head_json":{"title":"Our 3 core values - K\u00c4SIT\u00d6\u00d6 DISAINKIIGED","robots":{"index":"index","follow":"follow","max-snippet":"max-snippet:-1","max-image-preview":"max-image-preview:large","max-video-preview":"max-video-preview:-1"},"canonical":"https:\/\/kiigik.com\/en\/our-3-core-values\/","og_locale":"en_US","og_type":"article","og_title":"Our 3 core values - K\u00c4SIT\u00d6\u00d6 DISAINKIIGED","og_description":"Practicality Safety Originality","og_url":"https:\/\/kiigik.com\/en\/our-3-core-values\/","og_site_name":"K\u00c4SIT\u00d6\u00d6 DISAINKIIGED","article_modified_time":"2020-09-25T11:39:00+00:00","twitter_card":"summary_large_image","twitter_misc":{"Est. reading time":"1 minute"},"schema":{"@context":"https:\/\/schema.org","@graph":[{"@type":"WebPage","@id":"https:\/\/kiigik.com\/en\/our-3-core-values\/","url":"https:\/\/kiigik.com\/en\/our-3-core-values\/","name":"Our 3 core values - K\u00c4SIT\u00d6\u00d6 DISAINKIIGED","isPartOf":{"@id":"https:\/\/kiigik.com\/en\/#website"},"datePublished":"2020-02-09T13:07:15+00:00","dateModified":"2020-09-25T11:39:00+00:00","breadcrumb":{"@id":"https:\/\/kiigik.com\/en\/our-3-core-values\/#breadcrumb"},"inLanguage":"en-US","potentialAction":[{"@type":"ReadAction","target":["https:\/\/kiigik.com\/en\/our-3-core-values\/"]}]},{"@type":"BreadcrumbList","@id":"https:\/\/kiigik.com\/en\/our-3-core-values\/#breadcrumb","itemListElement":[{"@type":"ListItem","position":1,"name":"Home","item":"https:\/\/kiigik.com\/en\/"},{"@type":"ListItem","position":2,"name":"Our 3 core values"}]},{"@type":"WebSite","@id":"https:\/\/kiigik.com\/en\/#website","url":"https:\/\/kiigik.com\/en\/","name":"K\u00c4SIT\u00d6\u00d6 DISAINKIIGED","description":"kiigik.com","publisher":{"@id":"https:\/\/kiigik.com\/en\/#organization"},"potentialAction":[{"@type":"SearchAction","target":{"@type":"EntryPoint","urlTemplate":"https:\/\/kiigik.com\/en\/?s={search_term_string}"},"query-input":{"@type":"PropertyValueSpecification","valueRequired":true,"valueName":"search_term_string"}}],"inLanguage":"en-US"},{"@type":"Organization","@id":"https:\/\/kiigik.com\/en\/#organization","name":"K\u00c4SIT\u00d6\u00d6 DISAINKIIGED","url":"https:\/\/kiigik.com\/en\/","logo":{"@type":"ImageObject","inLanguage":"en-US","@id":"https:\/\/kiigik.com\/en\/#\/schema\/logo\/image\/","url":"https:\/\/kiigik.com\/wp-content\/uploads\/2020\/05\/kiigik-logo.svg","contentUrl":"https:\/\/kiigik.com\/wp-content\/uploads\/2020\/05\/kiigik-logo.svg","width":115,"height":57,"caption":"K\u00c4SIT\u00d6\u00d6 DISAINKIIGED"},"image":{"@id":"https:\/\/kiigik.com\/en\/#\/schema\/logo\/image\/"}}]}},"uagb_featured_image_src":{"full":false,"thumbnail":false,"medium":false,"medium_large":false,"large":false,"1536x1536":false,"2048x2048":false,"woocommerce_thumbnail":false,"woocommerce_single":false,"woocommerce_gallery_thumbnail":false},"uagb_author_info":{"display_name":"H\u00e4li-Herta Haavapuu","author_link":"https:\/\/kiigik.com\/en\/author\/haavapuu123\/"},"uagb_comment_info":0,"uagb_excerpt":"Practicality Safety Originality","_links":{"self":[{"href":"https:\/\/kiigik.com\/en\/wp-json\/wp\/v2\/pages\/4275","targetHints":{"allow":["GET"]}}],"collection":[{"href":"https:\/\/kiigik.com\/en\/wp-json\/wp\/v2\/pages"}],"about":[{"href":"https:\/\/kiigik.com\/en\/wp-json\/wp\/v2\/types\/page"}],"author":[{"embeddable":true,"href":"https:\/\/kiigik.com\/en\/wp-json\/wp\/v2\/users\/2"}],"replies":[{"embeddable":true,"href":"https:\/\/kiigik.com\/en\/wp-json\/wp\/v2\/comments?post=4275"}],"version-history":[{"count":0,"href":"https:\/\/kiigik.com\/en\/wp-json\/wp\/v2\/pages\/4275\/revisions"}],"wp:attachment":[{"href":"https:\/\/kiigik.com\/en\/wp-json\/wp\/v2\/media?parent=4275"}],"curies":[{"name":"wp","href":"https:\/\/api.w.org\/{rel}","templated":true}]}}