{"id":11131,"date":"2023-01-06T11:24:20","date_gmt":"2023-01-06T09:24:20","guid":{"rendered":"https:\/\/kiigik.com\/?post_type=product&#038;p=11131"},"modified":"2023-01-06T11:30:20","modified_gmt":"2023-01-06T09:30:20","slug":"kiigik-duo-starcatcher-babyswing-for-twins-magic-forest","status":"publish","type":"product","link":"https:\/\/kiigik.com\/en\/shop\/kiigik-duo-starcatcher-babyswing-for-twins-magic-forest\/","title":{"rendered":"KIIGIK duo-starcatcher babyswing for twins &#8220;Magic forest&#8221;"},"content":{"rendered":"<p>NB! Your order will be ready to ship in 2-5 days but if you need it quicker please let us know and we will try to do our best.<\/p>\n<p>NB! Please provide us with the baby names when purchasing.<\/p>\n","protected":false},"excerpt":{"rendered":"<p>Our Duo-Starcatcher is the perfect solution for families with twins or children with small age gaps. No more fights about who gets to swing first! They can do it together cause together is always better!<\/p>\n<p>The high quality fabric, multiple seams with extra strong thread, non-toxic chalk paint and natural rope used to create a starcatcher make sure your little one is safe and sound while swinging to the stars.<\/p>\n<p>The duo swing is most suitable for children 0,5 to approximately 3- 4 years and the max load is 50kg. The dimensions of the swing are 40\u00d775 cm and the depth 35 cm.<\/p>\n<p>Most of our swings are custom-made. People like to personalize their baby swing and we offer that on the highest level.<\/p>\n","protected":false},"featured_media":11145,"comment_status":"closed","ping_status":"closed","template":"","meta":{"_seopress_robots_primary_cat":"none","_seopress_titles_title":"","_seopress_titles_desc":"","_seopress_robots_index":"","_uag_custom_page_level_css":"","site-sidebar-layout":"default","site-content-layout":"default","ast-site-content-layout":"default","site-content-style":"default","site-sidebar-style":"default","ast-global-header-display":"","ast-banner-title-visibility":"","ast-main-header-display":"","ast-hfb-above-header-display":"","ast-hfb-below-header-display":"","ast-hfb-mobile-header-display":"","site-post-title":"","ast-breadcrumbs-content":"","ast-featured-img":"","footer-sml-layout":"","ast-disable-related-posts":"","theme-transparent-header-meta":"default","adv-header-id-meta":"","stick-header-meta":"default","header-above-stick-meta":"","header-main-stick-meta":"","header-below-stick-meta":"","astra-migrate-meta-layouts":"default","ast-page-background-enabled":"default","ast-page-background-meta":{"desktop":{"background-color":"","background-image":"","background-repeat":"repeat","background-position":"center center","background-size":"auto","background-attachment":"scroll","background-type":"","background-media":"","overlay-type":"","overlay-color":"","overlay-opacity":"","overlay-gradient":""},"tablet":{"background-color":"","background-image":"","background-repeat":"repeat","background-position":"center center","background-size":"auto","background-attachment":"scroll","background-type":"","background-media":"","overlay-type":"","overlay-color":"","overlay-opacity":"","overlay-gradient":""},"mobile":{"background-color":"","background-image":"","background-repeat":"repeat","background-position":"center center","background-size":"auto","background-attachment":"scroll","background-type":"","background-media":"","overlay-type":"","overlay-color":"","overlay-opacity":"","overlay-gradient":""}},"ast-content-background-meta":{"desktop":{"background-color":"var(--ast-global-color-5)","background-image":"","background-repeat":"repeat","background-position":"center center","background-size":"auto","background-attachment":"scroll","background-type":"","background-media":"","overlay-type":"","overlay-color":"","overlay-opacity":"","overlay-gradient":""},"tablet":{"background-color":"var(--ast-global-color-5)","background-image":"","background-repeat":"repeat","background-position":"center center","background-size":"auto","background-attachment":"scroll","background-type":"","background-media":"","overlay-type":"","overlay-color":"","overlay-opacity":"","overlay-gradient":""},"mobile":{"background-color":"var(--ast-global-color-5)","background-image":"","background-repeat":"repeat","background-position":"center center","background-size":"auto","background-attachment":"scroll","background-type":"","background-media":"","overlay-type":"","overlay-color":"","overlay-opacity":"","overlay-gradient":""}}},"product_brand":[],"product_cat":[288,287],"product_tag":[],"class_list":{"0":"post-11131","1":"product","2":"type-product","3":"status-publish","4":"has-post-thumbnail","6":"product_cat-duo-starcatchers-eng","7":"product_cat-swings-eng","8":"desktop-align-left","9":"tablet-align-left","10":"mobile-align-left","11":"ast-product-gallery-layout-horizontal-slider","12":"ast-magnify-disabled","13":"ast-product-tabs-layout-horizontal","14":"tm-no-options","16":"first","17":"instock","18":"shipping-taxable","19":"purchasable","20":"product-type-simple"},"yoast_head":"<!-- This site is optimized with the Yoast SEO plugin v27.3 - https:\/\/yoast.com\/product\/yoast-seo-wordpress\/ -->\n<title>KIIGIK duo-starcatcher babyswing for twins &quot;Magic forest&quot; - K\u00c4SIT\u00d6\u00d6 DISAINKIIGED<\/title>\n<meta name=\"robots\" content=\"index, follow, max-snippet:-1, max-image-preview:large, max-video-preview:-1\" \/>\n<link rel=\"canonical\" href=\"https:\/\/kiigik.com\/shop\/duo-tahepuudja-beebikiik-kaksikutele-volumets\/\" \/>\n<meta property=\"og:locale\" content=\"en_US\" \/>\n<meta property=\"og:type\" content=\"article\" \/>\n<meta property=\"og:title\" content=\"KIIGIK duo-starcatcher babyswing for twins &quot;Magic forest&quot; - K\u00c4SIT\u00d6\u00d6 DISAINKIIGED\" \/>\n<meta property=\"og:description\" content=\"Our Duo-Starcatcher is the perfect solution for families with twins or children with small age gaps. No more fights about who gets to swing first! They can do it together cause together is always better!  The high quality fabric, multiple seams with extra strong thread, non-toxic chalk paint and natural rope used to create a starcatcher make sure your little one is safe and sound while swinging to the stars.  The duo swing is most suitable for children 0,5 to approximately 3- 4 years and the max load is 50kg. The dimensions of the swing are 40\u00d775 cm and the depth 35 cm.  Most of our swings are custom-made. People like to personalize their baby swing and we offer that on the highest level.\" \/>\n<meta property=\"og:url\" content=\"https:\/\/kiigik.com\/shop\/duo-tahepuudja-beebikiik-kaksikutele-volumets\/\" \/>\n<meta property=\"og:site_name\" content=\"K\u00c4SIT\u00d6\u00d6 DISAINKIIGED\" \/>\n<meta property=\"article:modified_time\" content=\"2023-01-06T09:30:20+00:00\" \/>\n<meta property=\"og:image\" content=\"https:\/\/kiigik.com\/wp-content\/uploads\/2023\/01\/kiigik_kaksikutekiik_duokiik_volumets.png\" \/>\n\t<meta property=\"og:image:width\" content=\"1080\" \/>\n\t<meta property=\"og:image:height\" content=\"1080\" \/>\n\t<meta property=\"og:image:type\" content=\"image\/png\" \/>\n<meta name=\"twitter:card\" content=\"summary_large_image\" \/>\n<script type=\"application\/ld+json\" class=\"yoast-schema-graph\">{\"@context\":\"https:\\\/\\\/schema.org\",\"@graph\":[{\"@type\":\"WebPage\",\"@id\":\"https:\\\/\\\/kiigik.com\\\/shop\\\/duo-tahepuudja-beebikiik-kaksikutele-volumets\\\/\",\"url\":\"https:\\\/\\\/kiigik.com\\\/shop\\\/duo-tahepuudja-beebikiik-kaksikutele-volumets\\\/\",\"name\":\"KIIGIK duo-starcatcher babyswing for twins \\\"Magic forest\\\" - K\u00c4SIT\u00d6\u00d6 DISAINKIIGED\",\"isPartOf\":{\"@id\":\"https:\\\/\\\/kiigik.com\\\/en\\\/#website\"},\"primaryImageOfPage\":{\"@id\":\"https:\\\/\\\/kiigik.com\\\/shop\\\/duo-tahepuudja-beebikiik-kaksikutele-volumets\\\/#primaryimage\"},\"image\":{\"@id\":\"https:\\\/\\\/kiigik.com\\\/shop\\\/duo-tahepuudja-beebikiik-kaksikutele-volumets\\\/#primaryimage\"},\"thumbnailUrl\":\"https:\\\/\\\/kiigik.com\\\/wp-content\\\/uploads\\\/2023\\\/01\\\/kiigik_kaksikutekiik_duokiik_volumets.png\",\"datePublished\":\"2023-01-06T09:24:20+00:00\",\"dateModified\":\"2023-01-06T09:30:20+00:00\",\"breadcrumb\":{\"@id\":\"https:\\\/\\\/kiigik.com\\\/shop\\\/duo-tahepuudja-beebikiik-kaksikutele-volumets\\\/#breadcrumb\"},\"inLanguage\":\"en-US\",\"potentialAction\":[{\"@type\":\"ReadAction\",\"target\":[\"https:\\\/\\\/kiigik.com\\\/shop\\\/duo-tahepuudja-beebikiik-kaksikutele-volumets\\\/\"]}]},{\"@type\":\"ImageObject\",\"inLanguage\":\"en-US\",\"@id\":\"https:\\\/\\\/kiigik.com\\\/shop\\\/duo-tahepuudja-beebikiik-kaksikutele-volumets\\\/#primaryimage\",\"url\":\"https:\\\/\\\/kiigik.com\\\/wp-content\\\/uploads\\\/2023\\\/01\\\/kiigik_kaksikutekiik_duokiik_volumets.png\",\"contentUrl\":\"https:\\\/\\\/kiigik.com\\\/wp-content\\\/uploads\\\/2023\\\/01\\\/kiigik_kaksikutekiik_duokiik_volumets.png\",\"width\":1080,\"height\":1080},{\"@type\":\"BreadcrumbList\",\"@id\":\"https:\\\/\\\/kiigik.com\\\/shop\\\/duo-tahepuudja-beebikiik-kaksikutele-volumets\\\/#breadcrumb\",\"itemListElement\":[{\"@type\":\"ListItem\",\"position\":1,\"name\":\"Home\",\"item\":\"https:\\\/\\\/kiigik.com\\\/en\\\/\"},{\"@type\":\"ListItem\",\"position\":2,\"name\":\"Shop\",\"item\":\"https:\\\/\\\/kiigik.com\\\/en\\\/shop\\\/\"},{\"@type\":\"ListItem\",\"position\":3,\"name\":\"KIIGIK duo-starcatcher babyswing for twins &#8220;Magic forest&#8221;\"}]},{\"@type\":\"WebSite\",\"@id\":\"https:\\\/\\\/kiigik.com\\\/en\\\/#website\",\"url\":\"https:\\\/\\\/kiigik.com\\\/en\\\/\",\"name\":\"K\u00c4SIT\u00d6\u00d6 DISAINKIIGED\",\"description\":\"kiigik.com\",\"publisher\":{\"@id\":\"https:\\\/\\\/kiigik.com\\\/en\\\/#organization\"},\"potentialAction\":[{\"@type\":\"SearchAction\",\"target\":{\"@type\":\"EntryPoint\",\"urlTemplate\":\"https:\\\/\\\/kiigik.com\\\/en\\\/?s={search_term_string}\"},\"query-input\":{\"@type\":\"PropertyValueSpecification\",\"valueRequired\":true,\"valueName\":\"search_term_string\"}}],\"inLanguage\":\"en-US\"},{\"@type\":\"Organization\",\"@id\":\"https:\\\/\\\/kiigik.com\\\/en\\\/#organization\",\"name\":\"K\u00c4SIT\u00d6\u00d6 DISAINKIIGED\",\"url\":\"https:\\\/\\\/kiigik.com\\\/en\\\/\",\"logo\":{\"@type\":\"ImageObject\",\"inLanguage\":\"en-US\",\"@id\":\"https:\\\/\\\/kiigik.com\\\/en\\\/#\\\/schema\\\/logo\\\/image\\\/\",\"url\":\"https:\\\/\\\/kiigik.com\\\/wp-content\\\/uploads\\\/2020\\\/05\\\/kiigik-logo.svg\",\"contentUrl\":\"https:\\\/\\\/kiigik.com\\\/wp-content\\\/uploads\\\/2020\\\/05\\\/kiigik-logo.svg\",\"width\":115,\"height\":57,\"caption\":\"K\u00c4SIT\u00d6\u00d6 DISAINKIIGED\"},\"image\":{\"@id\":\"https:\\\/\\\/kiigik.com\\\/en\\\/#\\\/schema\\\/logo\\\/image\\\/\"}}]}<\/script>\n<!-- \/ Yoast SEO plugin. -->","yoast_head_json":{"title":"KIIGIK duo-starcatcher babyswing for twins \"Magic forest\" - K\u00c4SIT\u00d6\u00d6 DISAINKIIGED","robots":{"index":"index","follow":"follow","max-snippet":"max-snippet:-1","max-image-preview":"max-image-preview:large","max-video-preview":"max-video-preview:-1"},"canonical":"https:\/\/kiigik.com\/shop\/duo-tahepuudja-beebikiik-kaksikutele-volumets\/","og_locale":"en_US","og_type":"article","og_title":"KIIGIK duo-starcatcher babyswing for twins \"Magic forest\" - K\u00c4SIT\u00d6\u00d6 DISAINKIIGED","og_description":"Our Duo-Starcatcher is the perfect solution for families with twins or children with small age gaps. No more fights about who gets to swing first! They can do it together cause together is always better!  The high quality fabric, multiple seams with extra strong thread, non-toxic chalk paint and natural rope used to create a starcatcher make sure your little one is safe and sound while swinging to the stars.  The duo swing is most suitable for children 0,5 to approximately 3- 4 years and the max load is 50kg. The dimensions of the swing are 40\u00d775 cm and the depth 35 cm.  Most of our swings are custom-made. People like to personalize their baby swing and we offer that on the highest level.","og_url":"https:\/\/kiigik.com\/shop\/duo-tahepuudja-beebikiik-kaksikutele-volumets\/","og_site_name":"K\u00c4SIT\u00d6\u00d6 DISAINKIIGED","article_modified_time":"2023-01-06T09:30:20+00:00","og_image":[{"width":1080,"height":1080,"url":"https:\/\/kiigik.com\/wp-content\/uploads\/2023\/01\/kiigik_kaksikutekiik_duokiik_volumets.png","type":"image\/png"}],"twitter_card":"summary_large_image","schema":{"@context":"https:\/\/schema.org","@graph":[{"@type":"WebPage","@id":"https:\/\/kiigik.com\/shop\/duo-tahepuudja-beebikiik-kaksikutele-volumets\/","url":"https:\/\/kiigik.com\/shop\/duo-tahepuudja-beebikiik-kaksikutele-volumets\/","name":"KIIGIK duo-starcatcher babyswing for twins \"Magic forest\" - K\u00c4SIT\u00d6\u00d6 DISAINKIIGED","isPartOf":{"@id":"https:\/\/kiigik.com\/en\/#website"},"primaryImageOfPage":{"@id":"https:\/\/kiigik.com\/shop\/duo-tahepuudja-beebikiik-kaksikutele-volumets\/#primaryimage"},"image":{"@id":"https:\/\/kiigik.com\/shop\/duo-tahepuudja-beebikiik-kaksikutele-volumets\/#primaryimage"},"thumbnailUrl":"https:\/\/kiigik.com\/wp-content\/uploads\/2023\/01\/kiigik_kaksikutekiik_duokiik_volumets.png","datePublished":"2023-01-06T09:24:20+00:00","dateModified":"2023-01-06T09:30:20+00:00","breadcrumb":{"@id":"https:\/\/kiigik.com\/shop\/duo-tahepuudja-beebikiik-kaksikutele-volumets\/#breadcrumb"},"inLanguage":"en-US","potentialAction":[{"@type":"ReadAction","target":["https:\/\/kiigik.com\/shop\/duo-tahepuudja-beebikiik-kaksikutele-volumets\/"]}]},{"@type":"ImageObject","inLanguage":"en-US","@id":"https:\/\/kiigik.com\/shop\/duo-tahepuudja-beebikiik-kaksikutele-volumets\/#primaryimage","url":"https:\/\/kiigik.com\/wp-content\/uploads\/2023\/01\/kiigik_kaksikutekiik_duokiik_volumets.png","contentUrl":"https:\/\/kiigik.com\/wp-content\/uploads\/2023\/01\/kiigik_kaksikutekiik_duokiik_volumets.png","width":1080,"height":1080},{"@type":"BreadcrumbList","@id":"https:\/\/kiigik.com\/shop\/duo-tahepuudja-beebikiik-kaksikutele-volumets\/#breadcrumb","itemListElement":[{"@type":"ListItem","position":1,"name":"Home","item":"https:\/\/kiigik.com\/en\/"},{"@type":"ListItem","position":2,"name":"Shop","item":"https:\/\/kiigik.com\/en\/shop\/"},{"@type":"ListItem","position":3,"name":"KIIGIK duo-starcatcher babyswing for twins &#8220;Magic forest&#8221;"}]},{"@type":"WebSite","@id":"https:\/\/kiigik.com\/en\/#website","url":"https:\/\/kiigik.com\/en\/","name":"K\u00c4SIT\u00d6\u00d6 DISAINKIIGED","description":"kiigik.com","publisher":{"@id":"https:\/\/kiigik.com\/en\/#organization"},"potentialAction":[{"@type":"SearchAction","target":{"@type":"EntryPoint","urlTemplate":"https:\/\/kiigik.com\/en\/?s={search_term_string}"},"query-input":{"@type":"PropertyValueSpecification","valueRequired":true,"valueName":"search_term_string"}}],"inLanguage":"en-US"},{"@type":"Organization","@id":"https:\/\/kiigik.com\/en\/#organization","name":"K\u00c4SIT\u00d6\u00d6 DISAINKIIGED","url":"https:\/\/kiigik.com\/en\/","logo":{"@type":"ImageObject","inLanguage":"en-US","@id":"https:\/\/kiigik.com\/en\/#\/schema\/logo\/image\/","url":"https:\/\/kiigik.com\/wp-content\/uploads\/2020\/05\/kiigik-logo.svg","contentUrl":"https:\/\/kiigik.com\/wp-content\/uploads\/2020\/05\/kiigik-logo.svg","width":115,"height":57,"caption":"K\u00c4SIT\u00d6\u00d6 DISAINKIIGED"},"image":{"@id":"https:\/\/kiigik.com\/en\/#\/schema\/logo\/image\/"}}]}},"uagb_featured_image_src":{"full":["https:\/\/kiigik.com\/wp-content\/uploads\/2023\/01\/kiigik_kaksikutekiik_duokiik_volumets.png",1080,1080,false],"thumbnail":["https:\/\/kiigik.com\/wp-content\/uploads\/2023\/01\/kiigik_kaksikutekiik_duokiik_volumets-150x150.png",150,150,true],"medium":["https:\/\/kiigik.com\/wp-content\/uploads\/2023\/01\/kiigik_kaksikutekiik_duokiik_volumets-300x300.png",300,300,true],"medium_large":["https:\/\/kiigik.com\/wp-content\/uploads\/2023\/01\/kiigik_kaksikutekiik_duokiik_volumets-768x768.png",768,768,true],"large":["https:\/\/kiigik.com\/wp-content\/uploads\/2023\/01\/kiigik_kaksikutekiik_duokiik_volumets-1024x1024.png",1024,1024,true],"1536x1536":["https:\/\/kiigik.com\/wp-content\/uploads\/2023\/01\/kiigik_kaksikutekiik_duokiik_volumets.png",1080,1080,false],"2048x2048":["https:\/\/kiigik.com\/wp-content\/uploads\/2023\/01\/kiigik_kaksikutekiik_duokiik_volumets.png",1080,1080,false],"woocommerce_thumbnail":["https:\/\/kiigik.com\/wp-content\/uploads\/2023\/01\/kiigik_kaksikutekiik_duokiik_volumets-400x400.png",400,400,true],"woocommerce_single":["https:\/\/kiigik.com\/wp-content\/uploads\/2023\/01\/kiigik_kaksikutekiik_duokiik_volumets-600x600.png",600,600,true],"woocommerce_gallery_thumbnail":["https:\/\/kiigik.com\/wp-content\/uploads\/2023\/01\/kiigik_kaksikutekiik_duokiik_volumets-100x100.png",100,100,true]},"uagb_author_info":{"display_name":"H\u00e4li-Herta Haavapuu","author_link":"https:\/\/kiigik.com\/en\/author\/"},"uagb_comment_info":0,"uagb_excerpt":"Our Duo-Starcatcher is the perfect solution for families with twins or children with small age gaps. No more fights about who gets to swing first! They can do it together cause together is always better! The high quality fabric, multiple seams with extra strong thread, non-toxic chalk paint and natural rope used to create a&hellip;","_links":{"self":[{"href":"https:\/\/kiigik.com\/en\/wp-json\/wp\/v2\/product\/11131","targetHints":{"allow":["GET"]}}],"collection":[{"href":"https:\/\/kiigik.com\/en\/wp-json\/wp\/v2\/product"}],"about":[{"href":"https:\/\/kiigik.com\/en\/wp-json\/wp\/v2\/types\/product"}],"replies":[{"embeddable":true,"href":"https:\/\/kiigik.com\/en\/wp-json\/wp\/v2\/comments?post=11131"}],"wp:featuredmedia":[{"embeddable":true,"href":"https:\/\/kiigik.com\/en\/wp-json\/wp\/v2\/media\/11145"}],"wp:attachment":[{"href":"https:\/\/kiigik.com\/en\/wp-json\/wp\/v2\/media?parent=11131"}],"wp:term":[{"taxonomy":"product_brand","embeddable":true,"href":"https:\/\/kiigik.com\/en\/wp-json\/wp\/v2\/product_brand?post=11131"},{"taxonomy":"product_cat","embeddable":true,"href":"https:\/\/kiigik.com\/en\/wp-json\/wp\/v2\/product_cat?post=11131"},{"taxonomy":"product_tag","embeddable":true,"href":"https:\/\/kiigik.com\/en\/wp-json\/wp\/v2\/product_tag?post=11131"}],"curies":[{"name":"wp","href":"https:\/\/api.w.org\/{rel}","templated":true}]}}