{"id":4281,"date":"2018-04-07T20:07:46","date_gmt":"2018-04-07T17:07:46","guid":{"rendered":"https:\/\/kiigik.com\/pood\/mooncatcher-with-pastel-pink-cushion\/"},"modified":"2018-04-07T20:07:46","modified_gmt":"2018-04-07T17:07:46","slug":"mooncatcher-with-pastel-pink-cushion","status":"publish","type":"product","link":"https:\/\/kiigik.com\/en\/shop\/mooncatcher-with-pastel-pink-cushion\/","title":{"rendered":"Mooncatcher with pastel pink cushion"},"content":{"rendered":"<p>Our new mooncatcher with a cushion offers kids a lot of fun and healthy activity as they can swing and climb up from the rope knots (to catch the moon of course). As a bonus it is so soft to hop on and a beautiful design element ????<\/p>\n<p>The cushion is washable (handwash).<\/p>\n<p>Max weight limit 50kg. Not suitable for children under 3 years.<\/p>\n<p>The standard rope is suitable for ceilings lower than 3m. <\/p>\n","protected":false},"excerpt":{"rendered":"<p>NB!Your order will be ready to ship in 2-5 days but if you need it quicker please let us know and we will try to do our best.<\/p>\n","protected":false},"featured_media":4284,"comment_status":"closed","ping_status":"closed","template":"","meta":{"_seopress_robots_primary_cat":"","_seopress_titles_title":"","_seopress_titles_desc":"","_seopress_robots_index":"","_uag_custom_page_level_css":"","site-sidebar-layout":"default","site-content-layout":"default","ast-site-content-layout":"default","site-content-style":"default","site-sidebar-style":"default","ast-global-header-display":"","ast-banner-title-visibility":"","ast-main-header-display":"","ast-hfb-above-header-display":"","ast-hfb-below-header-display":"","ast-hfb-mobile-header-display":"","site-post-title":"","ast-breadcrumbs-content":"","ast-featured-img":"","footer-sml-layout":"","ast-disable-related-posts":"","theme-transparent-header-meta":"default","adv-header-id-meta":"","stick-header-meta":"default","header-above-stick-meta":"","header-main-stick-meta":"","header-below-stick-meta":"","astra-migrate-meta-layouts":"default","ast-page-background-enabled":"default","ast-page-background-meta":{"desktop":{"background-color":"","background-image":"","background-repeat":"repeat","background-position":"center center","background-size":"auto","background-attachment":"scroll","background-type":"","background-media":"","overlay-type":"","overlay-color":"","overlay-opacity":"","overlay-gradient":""},"tablet":{"background-color":"","background-image":"","background-repeat":"repeat","background-position":"center center","background-size":"auto","background-attachment":"scroll","background-type":"","background-media":"","overlay-type":"","overlay-color":"","overlay-opacity":"","overlay-gradient":""},"mobile":{"background-color":"","background-image":"","background-repeat":"repeat","background-position":"center center","background-size":"auto","background-attachment":"scroll","background-type":"","background-media":"","overlay-type":"","overlay-color":"","overlay-opacity":"","overlay-gradient":""}},"ast-content-background-meta":{"desktop":{"background-color":"var(--ast-global-color-5)","background-image":"","background-repeat":"repeat","background-position":"center center","background-size":"auto","background-attachment":"scroll","background-type":"","background-media":"","overlay-type":"","overlay-color":"","overlay-opacity":"","overlay-gradient":""},"tablet":{"background-color":"var(--ast-global-color-5)","background-image":"","background-repeat":"repeat","background-position":"center center","background-size":"auto","background-attachment":"scroll","background-type":"","background-media":"","overlay-type":"","overlay-color":"","overlay-opacity":"","overlay-gradient":""},"mobile":{"background-color":"var(--ast-global-color-5)","background-image":"","background-repeat":"repeat","background-position":"center center","background-size":"auto","background-attachment":"scroll","background-type":"","background-media":"","overlay-type":"","overlay-color":"","overlay-opacity":"","overlay-gradient":""}}},"product_brand":[],"product_cat":[286,287],"product_tag":[],"class_list":{"0":"post-4281","1":"product","2":"type-product","3":"status-publish","4":"has-post-thumbnail","6":"product_cat-mooncatchers-eng","7":"product_cat-swings-eng","8":"product_shipping_class-starcatcher","9":"desktop-align-left","10":"tablet-align-left","11":"mobile-align-left","12":"ast-product-gallery-layout-horizontal-slider","13":"ast-magnify-disabled","14":"ast-product-tabs-layout-horizontal","15":"tm-no-options","17":"first","18":"instock","19":"shipping-taxable","20":"purchasable","21":"product-type-simple"},"yoast_head":"<!-- This site is optimized with the Yoast SEO plugin v27.4 - https:\/\/yoast.com\/product\/yoast-seo-wordpress\/ -->\n<title>Mooncatcher with pastel pink cushion - K\u00c4SIT\u00d6\u00d6 DISAINKIIGED<\/title>\n<meta name=\"robots\" content=\"index, follow, max-snippet:-1, max-image-preview:large, max-video-preview:-1\" \/>\n<link rel=\"canonical\" href=\"https:\/\/kiigik.com\/en\/shop\/mooncatcher-with-pastel-pink-cushion\/\" \/>\n<meta property=\"og:locale\" content=\"en_US\" \/>\n<meta property=\"og:type\" content=\"article\" \/>\n<meta property=\"og:title\" content=\"Mooncatcher with pastel pink cushion - K\u00c4SIT\u00d6\u00d6 DISAINKIIGED\" \/>\n<meta property=\"og:description\" content=\"NB!Your order will be ready to ship in 2-5 days but if you need it quicker please let us know and we will try to do our best.\" \/>\n<meta property=\"og:url\" content=\"https:\/\/kiigik.com\/en\/shop\/mooncatcher-with-pastel-pink-cushion\/\" \/>\n<meta property=\"og:site_name\" content=\"K\u00c4SIT\u00d6\u00d6 DISAINKIIGED\" \/>\n<meta property=\"og:image\" content=\"https:\/\/kiigik.com\/wp-content\/uploads\/2018\/04\/DSC08229-scaled-e1580494613928.jpg\" \/>\n\t<meta property=\"og:image:width\" content=\"1695\" \/>\n\t<meta property=\"og:image:height\" content=\"2080\" \/>\n\t<meta property=\"og:image:type\" content=\"image\/jpeg\" \/>\n<meta name=\"twitter:card\" content=\"summary_large_image\" \/>\n<script type=\"application\/ld+json\" class=\"yoast-schema-graph\">{\"@context\":\"https:\\\/\\\/schema.org\",\"@graph\":[{\"@type\":\"WebPage\",\"@id\":\"https:\\\/\\\/kiigik.com\\\/en\\\/shop\\\/mooncatcher-with-pastel-pink-cushion\\\/\",\"url\":\"https:\\\/\\\/kiigik.com\\\/en\\\/shop\\\/mooncatcher-with-pastel-pink-cushion\\\/\",\"name\":\"Mooncatcher with pastel pink cushion - K\u00c4SIT\u00d6\u00d6 DISAINKIIGED\",\"isPartOf\":{\"@id\":\"https:\\\/\\\/kiigik.com\\\/en\\\/#website\"},\"primaryImageOfPage\":{\"@id\":\"https:\\\/\\\/kiigik.com\\\/en\\\/shop\\\/mooncatcher-with-pastel-pink-cushion\\\/#primaryimage\"},\"image\":{\"@id\":\"https:\\\/\\\/kiigik.com\\\/en\\\/shop\\\/mooncatcher-with-pastel-pink-cushion\\\/#primaryimage\"},\"thumbnailUrl\":\"https:\\\/\\\/kiigik.com\\\/wp-content\\\/uploads\\\/2018\\\/04\\\/DSC08229-scaled-e1580494613928.jpg\",\"datePublished\":\"2018-04-07T17:07:46+00:00\",\"breadcrumb\":{\"@id\":\"https:\\\/\\\/kiigik.com\\\/en\\\/shop\\\/mooncatcher-with-pastel-pink-cushion\\\/#breadcrumb\"},\"inLanguage\":\"en-US\",\"potentialAction\":[{\"@type\":\"ReadAction\",\"target\":[\"https:\\\/\\\/kiigik.com\\\/en\\\/shop\\\/mooncatcher-with-pastel-pink-cushion\\\/\"]}]},{\"@type\":\"ImageObject\",\"inLanguage\":\"en-US\",\"@id\":\"https:\\\/\\\/kiigik.com\\\/en\\\/shop\\\/mooncatcher-with-pastel-pink-cushion\\\/#primaryimage\",\"url\":\"https:\\\/\\\/kiigik.com\\\/wp-content\\\/uploads\\\/2018\\\/04\\\/DSC08229-scaled-e1580494613928.jpg\",\"contentUrl\":\"https:\\\/\\\/kiigik.com\\\/wp-content\\\/uploads\\\/2018\\\/04\\\/DSC08229-scaled-e1580494613928.jpg\",\"width\":1695,\"height\":2080},{\"@type\":\"BreadcrumbList\",\"@id\":\"https:\\\/\\\/kiigik.com\\\/en\\\/shop\\\/mooncatcher-with-pastel-pink-cushion\\\/#breadcrumb\",\"itemListElement\":[{\"@type\":\"ListItem\",\"position\":1,\"name\":\"Home\",\"item\":\"https:\\\/\\\/kiigik.com\\\/en\\\/\"},{\"@type\":\"ListItem\",\"position\":2,\"name\":\"Shop\",\"item\":\"https:\\\/\\\/kiigik.com\\\/en\\\/shop\\\/\"},{\"@type\":\"ListItem\",\"position\":3,\"name\":\"Mooncatcher with pastel pink cushion\"}]},{\"@type\":\"WebSite\",\"@id\":\"https:\\\/\\\/kiigik.com\\\/en\\\/#website\",\"url\":\"https:\\\/\\\/kiigik.com\\\/en\\\/\",\"name\":\"K\u00c4SIT\u00d6\u00d6 DISAINKIIGED\",\"description\":\"kiigik.com\",\"publisher\":{\"@id\":\"https:\\\/\\\/kiigik.com\\\/en\\\/#organization\"},\"potentialAction\":[{\"@type\":\"SearchAction\",\"target\":{\"@type\":\"EntryPoint\",\"urlTemplate\":\"https:\\\/\\\/kiigik.com\\\/en\\\/?s={search_term_string}\"},\"query-input\":{\"@type\":\"PropertyValueSpecification\",\"valueRequired\":true,\"valueName\":\"search_term_string\"}}],\"inLanguage\":\"en-US\"},{\"@type\":\"Organization\",\"@id\":\"https:\\\/\\\/kiigik.com\\\/en\\\/#organization\",\"name\":\"K\u00c4SIT\u00d6\u00d6 DISAINKIIGED\",\"url\":\"https:\\\/\\\/kiigik.com\\\/en\\\/\",\"logo\":{\"@type\":\"ImageObject\",\"inLanguage\":\"en-US\",\"@id\":\"https:\\\/\\\/kiigik.com\\\/en\\\/#\\\/schema\\\/logo\\\/image\\\/\",\"url\":\"https:\\\/\\\/kiigik.com\\\/wp-content\\\/uploads\\\/2020\\\/05\\\/kiigik-logo.svg\",\"contentUrl\":\"https:\\\/\\\/kiigik.com\\\/wp-content\\\/uploads\\\/2020\\\/05\\\/kiigik-logo.svg\",\"width\":115,\"height\":57,\"caption\":\"K\u00c4SIT\u00d6\u00d6 DISAINKIIGED\"},\"image\":{\"@id\":\"https:\\\/\\\/kiigik.com\\\/en\\\/#\\\/schema\\\/logo\\\/image\\\/\"}}]}<\/script>\n<!-- \/ Yoast SEO plugin. -->","yoast_head_json":{"title":"Mooncatcher with pastel pink cushion - K\u00c4SIT\u00d6\u00d6 DISAINKIIGED","robots":{"index":"index","follow":"follow","max-snippet":"max-snippet:-1","max-image-preview":"max-image-preview:large","max-video-preview":"max-video-preview:-1"},"canonical":"https:\/\/kiigik.com\/en\/shop\/mooncatcher-with-pastel-pink-cushion\/","og_locale":"en_US","og_type":"article","og_title":"Mooncatcher with pastel pink cushion - K\u00c4SIT\u00d6\u00d6 DISAINKIIGED","og_description":"NB!Your order will be ready to ship in 2-5 days but if you need it quicker please let us know and we will try to do our best.","og_url":"https:\/\/kiigik.com\/en\/shop\/mooncatcher-with-pastel-pink-cushion\/","og_site_name":"K\u00c4SIT\u00d6\u00d6 DISAINKIIGED","og_image":[{"width":1695,"height":2080,"url":"https:\/\/kiigik.com\/wp-content\/uploads\/2018\/04\/DSC08229-scaled-e1580494613928.jpg","type":"image\/jpeg"}],"twitter_card":"summary_large_image","schema":{"@context":"https:\/\/schema.org","@graph":[{"@type":"WebPage","@id":"https:\/\/kiigik.com\/en\/shop\/mooncatcher-with-pastel-pink-cushion\/","url":"https:\/\/kiigik.com\/en\/shop\/mooncatcher-with-pastel-pink-cushion\/","name":"Mooncatcher with pastel pink cushion - K\u00c4SIT\u00d6\u00d6 DISAINKIIGED","isPartOf":{"@id":"https:\/\/kiigik.com\/en\/#website"},"primaryImageOfPage":{"@id":"https:\/\/kiigik.com\/en\/shop\/mooncatcher-with-pastel-pink-cushion\/#primaryimage"},"image":{"@id":"https:\/\/kiigik.com\/en\/shop\/mooncatcher-with-pastel-pink-cushion\/#primaryimage"},"thumbnailUrl":"https:\/\/kiigik.com\/wp-content\/uploads\/2018\/04\/DSC08229-scaled-e1580494613928.jpg","datePublished":"2018-04-07T17:07:46+00:00","breadcrumb":{"@id":"https:\/\/kiigik.com\/en\/shop\/mooncatcher-with-pastel-pink-cushion\/#breadcrumb"},"inLanguage":"en-US","potentialAction":[{"@type":"ReadAction","target":["https:\/\/kiigik.com\/en\/shop\/mooncatcher-with-pastel-pink-cushion\/"]}]},{"@type":"ImageObject","inLanguage":"en-US","@id":"https:\/\/kiigik.com\/en\/shop\/mooncatcher-with-pastel-pink-cushion\/#primaryimage","url":"https:\/\/kiigik.com\/wp-content\/uploads\/2018\/04\/DSC08229-scaled-e1580494613928.jpg","contentUrl":"https:\/\/kiigik.com\/wp-content\/uploads\/2018\/04\/DSC08229-scaled-e1580494613928.jpg","width":1695,"height":2080},{"@type":"BreadcrumbList","@id":"https:\/\/kiigik.com\/en\/shop\/mooncatcher-with-pastel-pink-cushion\/#breadcrumb","itemListElement":[{"@type":"ListItem","position":1,"name":"Home","item":"https:\/\/kiigik.com\/en\/"},{"@type":"ListItem","position":2,"name":"Shop","item":"https:\/\/kiigik.com\/en\/shop\/"},{"@type":"ListItem","position":3,"name":"Mooncatcher with pastel pink cushion"}]},{"@type":"WebSite","@id":"https:\/\/kiigik.com\/en\/#website","url":"https:\/\/kiigik.com\/en\/","name":"K\u00c4SIT\u00d6\u00d6 DISAINKIIGED","description":"kiigik.com","publisher":{"@id":"https:\/\/kiigik.com\/en\/#organization"},"potentialAction":[{"@type":"SearchAction","target":{"@type":"EntryPoint","urlTemplate":"https:\/\/kiigik.com\/en\/?s={search_term_string}"},"query-input":{"@type":"PropertyValueSpecification","valueRequired":true,"valueName":"search_term_string"}}],"inLanguage":"en-US"},{"@type":"Organization","@id":"https:\/\/kiigik.com\/en\/#organization","name":"K\u00c4SIT\u00d6\u00d6 DISAINKIIGED","url":"https:\/\/kiigik.com\/en\/","logo":{"@type":"ImageObject","inLanguage":"en-US","@id":"https:\/\/kiigik.com\/en\/#\/schema\/logo\/image\/","url":"https:\/\/kiigik.com\/wp-content\/uploads\/2020\/05\/kiigik-logo.svg","contentUrl":"https:\/\/kiigik.com\/wp-content\/uploads\/2020\/05\/kiigik-logo.svg","width":115,"height":57,"caption":"K\u00c4SIT\u00d6\u00d6 DISAINKIIGED"},"image":{"@id":"https:\/\/kiigik.com\/en\/#\/schema\/logo\/image\/"}}]}},"uagb_featured_image_src":{"full":["https:\/\/kiigik.com\/wp-content\/uploads\/2018\/04\/DSC08229-scaled-e1580494613928.jpg",1695,2080,false],"thumbnail":["https:\/\/kiigik.com\/wp-content\/uploads\/2018\/04\/DSC08229-scaled-e1580494613928-122x150.jpg",122,150,true],"medium":["https:\/\/kiigik.com\/wp-content\/uploads\/2018\/04\/DSC08229-scaled-e1580494613928-244x300.jpg",244,300,true],"medium_large":["https:\/\/kiigik.com\/wp-content\/uploads\/2018\/04\/DSC08229-scaled-e1580494613928-768x942.jpg",768,942,true],"large":["https:\/\/kiigik.com\/wp-content\/uploads\/2018\/04\/DSC08229-scaled-e1580494613928-834x1024.jpg",834,1024,true],"1536x1536":["https:\/\/kiigik.com\/wp-content\/uploads\/2018\/04\/DSC08229-scaled-e1580494613928-1252x1536.jpg",1252,1536,true],"2048x2048":["https:\/\/kiigik.com\/wp-content\/uploads\/2018\/04\/DSC08229-scaled-e1580494613928-1669x2048.jpg",1669,2048,true],"woocommerce_thumbnail":["https:\/\/kiigik.com\/wp-content\/uploads\/2018\/04\/DSC08229-scaled-e1580494613928-400x400.jpg",400,400,true],"woocommerce_single":["https:\/\/kiigik.com\/wp-content\/uploads\/2018\/04\/DSC08229-scaled-e1580494613928-600x736.jpg",600,736,true],"woocommerce_gallery_thumbnail":["https:\/\/kiigik.com\/wp-content\/uploads\/2018\/04\/DSC08229-scaled-e1580494613928-100x100.jpg",100,100,true]},"uagb_author_info":{"display_name":"H\u00e4li-Herta Haavapuu","author_link":"https:\/\/kiigik.com\/en\/author\/"},"uagb_comment_info":0,"uagb_excerpt":"NB!Your order will be ready to ship in 2-5 days but if you need it quicker please let us know and we will try to do our best.","_links":{"self":[{"href":"https:\/\/kiigik.com\/en\/wp-json\/wp\/v2\/product\/4281","targetHints":{"allow":["GET"]}}],"collection":[{"href":"https:\/\/kiigik.com\/en\/wp-json\/wp\/v2\/product"}],"about":[{"href":"https:\/\/kiigik.com\/en\/wp-json\/wp\/v2\/types\/product"}],"replies":[{"embeddable":true,"href":"https:\/\/kiigik.com\/en\/wp-json\/wp\/v2\/comments?post=4281"}],"wp:featuredmedia":[{"embeddable":true,"href":"https:\/\/kiigik.com\/en\/wp-json\/wp\/v2\/media\/4284"}],"wp:attachment":[{"href":"https:\/\/kiigik.com\/en\/wp-json\/wp\/v2\/media?parent=4281"}],"wp:term":[{"taxonomy":"product_brand","embeddable":true,"href":"https:\/\/kiigik.com\/en\/wp-json\/wp\/v2\/product_brand?post=4281"},{"taxonomy":"product_cat","embeddable":true,"href":"https:\/\/kiigik.com\/en\/wp-json\/wp\/v2\/product_cat?post=4281"},{"taxonomy":"product_tag","embeddable":true,"href":"https:\/\/kiigik.com\/en\/wp-json\/wp\/v2\/product_tag?post=4281"}],"curies":[{"name":"wp","href":"https:\/\/api.w.org\/{rel}","templated":true}]}}