{"id":4314,"date":"2018-07-20T13:32:46","date_gmt":"2018-07-20T10:32:46","guid":{"rendered":"https:\/\/kiigik.com\/pood\/cream-princess-cloudcatcher\/"},"modified":"2020-09-25T21:25:37","modified_gmt":"2020-09-25T18:25:37","slug":"cream-princess-cloudcatcher","status":"publish","type":"product","link":"https:\/\/kiigik.com\/en\/shop\/cream-princess-cloudcatcher\/","title":{"rendered":"Cream princess Cloudcatcher"},"content":{"rendered":"<p>The Cloudcatcher is made from durable pine wood, high load capacity soft cotton rope and Oeko-Tex Standard 100 canvas cotton fabric. The wooden part is finished with natural and non-toxic Vintro chalk paint. The steel rings attached to the ropes are stainless.  <\/p>\n<p>\u2601 Suitable for children from approximately 3 years.<\/p>\n<p>\u2601 Maximum load capacity 80 kg.<\/p>\n<p>\u2601 Dimensions of the wooden part 50\u00d725 cm.<\/p>\n<p>\u2601 The diameter of the soft cotton ropes are 16mm and are suitable for standard ceiling height 2.75 m.<\/p>\n<p>\u2601 Metallic rings are attached to the ropes.<\/p>\n<p>\u2601 CLOUDCATCHER swing is made of glulam (glued wood), which is definitely more durable than solid wood. In addition, glued wood does not undergo the process of sticking, delamination or most importantly &#8211; twisting.<\/p>\n<p>\u2601 The wooden part is painted with Vintro chalk paint (tone: Crystal) which is 100% from nature, free of any toxins and safe for children, meeting the requirements of &#8220;Toy safety&#8221; and CE marking.<\/p>\n<p>\u2601 The seat cushion is filled with soft and high-density foam and the fabric used is Oeko- standard 100 cotton kanvas fabric which is durable, strong and easy to clean.<\/p>\n<p>NB! If you need the swing fast please choose express shipping as standard shipping takes a lot more time.<\/p>\n<p>NB! When choosing express shipping please provide us with you contact number. It is needed for the courier to deliver the parcel. Without any contact number we can not ship express.<\/p>\n<p>For custom made orders please send us a direct message.<\/p>\n<p>NB! Please notice that when you order from a country outside the European Union the prices are excluding VAT and that shipping costs do NOT include any customs duties or other taxes or import fees that may be levied in the country of destination.<\/p>\n<p>Extra charges, such as customs duties, taxes (e.g. VAT) and other import fees for countries outside the EU will be paid by you, the customer on delivery. Please contact your local customs office for further information on local tariffs.<\/p>\n","protected":false},"excerpt":{"rendered":"<p>This swing is a must have in every modern child\u00b4s room. Kids love it cause it is comfortable and fun. Parents love it cause it is a beautiful design element for their home. You can also use it outdoors in the summer. <\/p>\n<p>NB! Please notice that your order will be ready to ship in between 2-5 days. If you need it quicker please contact us and we will do our best to meet your needs.<\/p>\n","protected":false},"featured_media":4325,"comment_status":"closed","ping_status":"closed","template":"","meta":{"_seopress_robots_primary_cat":"","_seopress_titles_title":"","_seopress_titles_desc":"","_seopress_robots_index":"","_uag_custom_page_level_css":"","site-sidebar-layout":"default","site-content-layout":"","ast-site-content-layout":"default","site-content-style":"default","site-sidebar-style":"default","ast-global-header-display":"","ast-banner-title-visibility":"","ast-main-header-display":"","ast-hfb-above-header-display":"","ast-hfb-below-header-display":"","ast-hfb-mobile-header-display":"","site-post-title":"","ast-breadcrumbs-content":"","ast-featured-img":"","footer-sml-layout":"","ast-disable-related-posts":"","theme-transparent-header-meta":"","adv-header-id-meta":"","stick-header-meta":"","header-above-stick-meta":"","header-main-stick-meta":"","header-below-stick-meta":"","astra-migrate-meta-layouts":"default","ast-page-background-enabled":"default","ast-page-background-meta":{"desktop":{"background-color":"","background-image":"","background-repeat":"repeat","background-position":"center center","background-size":"auto","background-attachment":"scroll","background-type":"","background-media":"","overlay-type":"","overlay-color":"","overlay-opacity":"","overlay-gradient":""},"tablet":{"background-color":"","background-image":"","background-repeat":"repeat","background-position":"center center","background-size":"auto","background-attachment":"scroll","background-type":"","background-media":"","overlay-type":"","overlay-color":"","overlay-opacity":"","overlay-gradient":""},"mobile":{"background-color":"","background-image":"","background-repeat":"repeat","background-position":"center center","background-size":"auto","background-attachment":"scroll","background-type":"","background-media":"","overlay-type":"","overlay-color":"","overlay-opacity":"","overlay-gradient":""}},"ast-content-background-meta":{"desktop":{"background-color":"var(--ast-global-color-5)","background-image":"","background-repeat":"repeat","background-position":"center center","background-size":"auto","background-attachment":"scroll","background-type":"","background-media":"","overlay-type":"","overlay-color":"","overlay-opacity":"","overlay-gradient":""},"tablet":{"background-color":"var(--ast-global-color-5)","background-image":"","background-repeat":"repeat","background-position":"center center","background-size":"auto","background-attachment":"scroll","background-type":"","background-media":"","overlay-type":"","overlay-color":"","overlay-opacity":"","overlay-gradient":""},"mobile":{"background-color":"var(--ast-global-color-5)","background-image":"","background-repeat":"repeat","background-position":"center center","background-size":"auto","background-attachment":"scroll","background-type":"","background-media":"","overlay-type":"","overlay-color":"","overlay-opacity":"","overlay-gradient":""}}},"product_brand":[],"product_cat":[301,287],"product_tag":[],"class_list":{"0":"post-4314","1":"product","2":"type-product","3":"status-publish","4":"has-post-thumbnail","6":"product_cat-cloudcatchers-en","7":"product_cat-swings-eng","8":"product_shipping_class-starcatcher","9":"desktop-align-left","10":"tablet-align-left","11":"mobile-align-left","12":"ast-product-gallery-layout-horizontal-slider","13":"ast-magnify-disabled","14":"ast-product-tabs-layout-horizontal","15":"tm-has-options","17":"first","18":"instock","19":"shipping-taxable","20":"purchasable","21":"product-type-simple"},"yoast_head":"<!-- This site is optimized with the Yoast SEO plugin v27.3 - https:\/\/yoast.com\/product\/yoast-seo-wordpress\/ -->\n<title>Cream princess Cloudcatcher - K\u00c4SIT\u00d6\u00d6 DISAINKIIGED<\/title>\n<meta name=\"robots\" content=\"index, follow, max-snippet:-1, max-image-preview:large, max-video-preview:-1\" \/>\n<link rel=\"canonical\" href=\"https:\/\/kiigik.com\/shop\/pilvepuudja-roosa-pastell\/\" \/>\n<meta property=\"og:locale\" content=\"en_US\" \/>\n<meta property=\"og:type\" content=\"article\" \/>\n<meta property=\"og:title\" content=\"Cream princess Cloudcatcher - K\u00c4SIT\u00d6\u00d6 DISAINKIIGED\" \/>\n<meta property=\"og:description\" content=\"This swing is a must have in every modern child\u00b4s room. Kids love it cause it is comfortable and fun. Parents love it cause it is a beautiful design element for their home. You can also use it outdoors in the summer.   NB! Please notice that your order will be ready to ship in between 2-5 days. If you need it quicker please contact us and we will do our best to meet your needs.\" \/>\n<meta property=\"og:url\" content=\"https:\/\/kiigik.com\/shop\/pilvepuudja-roosa-pastell\/\" \/>\n<meta property=\"og:site_name\" content=\"K\u00c4SIT\u00d6\u00d6 DISAINKIIGED\" \/>\n<meta property=\"article:modified_time\" content=\"2020-09-25T18:25:37+00:00\" \/>\n<meta property=\"og:image\" content=\"https:\/\/kiigik.com\/wp-content\/uploads\/2020\/03\/DSC00094-scaled.jpg\" \/>\n\t<meta property=\"og:image:width\" content=\"2560\" \/>\n\t<meta property=\"og:image:height\" content=\"1707\" \/>\n\t<meta property=\"og:image:type\" content=\"image\/jpeg\" \/>\n<meta name=\"twitter:card\" content=\"summary_large_image\" \/>\n<meta name=\"twitter:label1\" content=\"Est. reading time\" \/>\n\t<meta name=\"twitter:data1\" content=\"2 minutes\" \/>\n<script type=\"application\/ld+json\" class=\"yoast-schema-graph\">{\"@context\":\"https:\\\/\\\/schema.org\",\"@graph\":[{\"@type\":\"WebPage\",\"@id\":\"https:\\\/\\\/kiigik.com\\\/shop\\\/pilvepuudja-roosa-pastell\\\/\",\"url\":\"https:\\\/\\\/kiigik.com\\\/shop\\\/pilvepuudja-roosa-pastell\\\/\",\"name\":\"Cream princess Cloudcatcher - K\u00c4SIT\u00d6\u00d6 DISAINKIIGED\",\"isPartOf\":{\"@id\":\"https:\\\/\\\/kiigik.com\\\/en\\\/#website\"},\"primaryImageOfPage\":{\"@id\":\"https:\\\/\\\/kiigik.com\\\/shop\\\/pilvepuudja-roosa-pastell\\\/#primaryimage\"},\"image\":{\"@id\":\"https:\\\/\\\/kiigik.com\\\/shop\\\/pilvepuudja-roosa-pastell\\\/#primaryimage\"},\"thumbnailUrl\":\"https:\\\/\\\/kiigik.com\\\/wp-content\\\/uploads\\\/2020\\\/03\\\/DSC00094-scaled.jpg\",\"datePublished\":\"2018-07-20T10:32:46+00:00\",\"dateModified\":\"2020-09-25T18:25:37+00:00\",\"breadcrumb\":{\"@id\":\"https:\\\/\\\/kiigik.com\\\/shop\\\/pilvepuudja-roosa-pastell\\\/#breadcrumb\"},\"inLanguage\":\"en-US\",\"potentialAction\":[{\"@type\":\"ReadAction\",\"target\":[\"https:\\\/\\\/kiigik.com\\\/shop\\\/pilvepuudja-roosa-pastell\\\/\"]}]},{\"@type\":\"ImageObject\",\"inLanguage\":\"en-US\",\"@id\":\"https:\\\/\\\/kiigik.com\\\/shop\\\/pilvepuudja-roosa-pastell\\\/#primaryimage\",\"url\":\"https:\\\/\\\/kiigik.com\\\/wp-content\\\/uploads\\\/2020\\\/03\\\/DSC00094-scaled.jpg\",\"contentUrl\":\"https:\\\/\\\/kiigik.com\\\/wp-content\\\/uploads\\\/2020\\\/03\\\/DSC00094-scaled.jpg\",\"width\":2560,\"height\":1707},{\"@type\":\"BreadcrumbList\",\"@id\":\"https:\\\/\\\/kiigik.com\\\/shop\\\/pilvepuudja-roosa-pastell\\\/#breadcrumb\",\"itemListElement\":[{\"@type\":\"ListItem\",\"position\":1,\"name\":\"Home\",\"item\":\"https:\\\/\\\/kiigik.com\\\/en\\\/\"},{\"@type\":\"ListItem\",\"position\":2,\"name\":\"Shop\",\"item\":\"https:\\\/\\\/kiigik.com\\\/en\\\/shop\\\/\"},{\"@type\":\"ListItem\",\"position\":3,\"name\":\"Cream princess Cloudcatcher\"}]},{\"@type\":\"WebSite\",\"@id\":\"https:\\\/\\\/kiigik.com\\\/en\\\/#website\",\"url\":\"https:\\\/\\\/kiigik.com\\\/en\\\/\",\"name\":\"K\u00c4SIT\u00d6\u00d6 DISAINKIIGED\",\"description\":\"kiigik.com\",\"publisher\":{\"@id\":\"https:\\\/\\\/kiigik.com\\\/en\\\/#organization\"},\"potentialAction\":[{\"@type\":\"SearchAction\",\"target\":{\"@type\":\"EntryPoint\",\"urlTemplate\":\"https:\\\/\\\/kiigik.com\\\/en\\\/?s={search_term_string}\"},\"query-input\":{\"@type\":\"PropertyValueSpecification\",\"valueRequired\":true,\"valueName\":\"search_term_string\"}}],\"inLanguage\":\"en-US\"},{\"@type\":\"Organization\",\"@id\":\"https:\\\/\\\/kiigik.com\\\/en\\\/#organization\",\"name\":\"K\u00c4SIT\u00d6\u00d6 DISAINKIIGED\",\"url\":\"https:\\\/\\\/kiigik.com\\\/en\\\/\",\"logo\":{\"@type\":\"ImageObject\",\"inLanguage\":\"en-US\",\"@id\":\"https:\\\/\\\/kiigik.com\\\/en\\\/#\\\/schema\\\/logo\\\/image\\\/\",\"url\":\"https:\\\/\\\/kiigik.com\\\/wp-content\\\/uploads\\\/2020\\\/05\\\/kiigik-logo.svg\",\"contentUrl\":\"https:\\\/\\\/kiigik.com\\\/wp-content\\\/uploads\\\/2020\\\/05\\\/kiigik-logo.svg\",\"width\":115,\"height\":57,\"caption\":\"K\u00c4SIT\u00d6\u00d6 DISAINKIIGED\"},\"image\":{\"@id\":\"https:\\\/\\\/kiigik.com\\\/en\\\/#\\\/schema\\\/logo\\\/image\\\/\"}}]}<\/script>\n<!-- \/ Yoast SEO plugin. -->","yoast_head_json":{"title":"Cream princess Cloudcatcher - K\u00c4SIT\u00d6\u00d6 DISAINKIIGED","robots":{"index":"index","follow":"follow","max-snippet":"max-snippet:-1","max-image-preview":"max-image-preview:large","max-video-preview":"max-video-preview:-1"},"canonical":"https:\/\/kiigik.com\/shop\/pilvepuudja-roosa-pastell\/","og_locale":"en_US","og_type":"article","og_title":"Cream princess Cloudcatcher - K\u00c4SIT\u00d6\u00d6 DISAINKIIGED","og_description":"This swing is a must have in every modern child\u00b4s room. Kids love it cause it is comfortable and fun. Parents love it cause it is a beautiful design element for their home. You can also use it outdoors in the summer.   NB! Please notice that your order will be ready to ship in between 2-5 days. If you need it quicker please contact us and we will do our best to meet your needs.","og_url":"https:\/\/kiigik.com\/shop\/pilvepuudja-roosa-pastell\/","og_site_name":"K\u00c4SIT\u00d6\u00d6 DISAINKIIGED","article_modified_time":"2020-09-25T18:25:37+00:00","og_image":[{"width":2560,"height":1707,"url":"https:\/\/kiigik.com\/wp-content\/uploads\/2020\/03\/DSC00094-scaled.jpg","type":"image\/jpeg"}],"twitter_card":"summary_large_image","twitter_misc":{"Est. reading time":"2 minutes"},"schema":{"@context":"https:\/\/schema.org","@graph":[{"@type":"WebPage","@id":"https:\/\/kiigik.com\/shop\/pilvepuudja-roosa-pastell\/","url":"https:\/\/kiigik.com\/shop\/pilvepuudja-roosa-pastell\/","name":"Cream princess Cloudcatcher - K\u00c4SIT\u00d6\u00d6 DISAINKIIGED","isPartOf":{"@id":"https:\/\/kiigik.com\/en\/#website"},"primaryImageOfPage":{"@id":"https:\/\/kiigik.com\/shop\/pilvepuudja-roosa-pastell\/#primaryimage"},"image":{"@id":"https:\/\/kiigik.com\/shop\/pilvepuudja-roosa-pastell\/#primaryimage"},"thumbnailUrl":"https:\/\/kiigik.com\/wp-content\/uploads\/2020\/03\/DSC00094-scaled.jpg","datePublished":"2018-07-20T10:32:46+00:00","dateModified":"2020-09-25T18:25:37+00:00","breadcrumb":{"@id":"https:\/\/kiigik.com\/shop\/pilvepuudja-roosa-pastell\/#breadcrumb"},"inLanguage":"en-US","potentialAction":[{"@type":"ReadAction","target":["https:\/\/kiigik.com\/shop\/pilvepuudja-roosa-pastell\/"]}]},{"@type":"ImageObject","inLanguage":"en-US","@id":"https:\/\/kiigik.com\/shop\/pilvepuudja-roosa-pastell\/#primaryimage","url":"https:\/\/kiigik.com\/wp-content\/uploads\/2020\/03\/DSC00094-scaled.jpg","contentUrl":"https:\/\/kiigik.com\/wp-content\/uploads\/2020\/03\/DSC00094-scaled.jpg","width":2560,"height":1707},{"@type":"BreadcrumbList","@id":"https:\/\/kiigik.com\/shop\/pilvepuudja-roosa-pastell\/#breadcrumb","itemListElement":[{"@type":"ListItem","position":1,"name":"Home","item":"https:\/\/kiigik.com\/en\/"},{"@type":"ListItem","position":2,"name":"Shop","item":"https:\/\/kiigik.com\/en\/shop\/"},{"@type":"ListItem","position":3,"name":"Cream princess Cloudcatcher"}]},{"@type":"WebSite","@id":"https:\/\/kiigik.com\/en\/#website","url":"https:\/\/kiigik.com\/en\/","name":"K\u00c4SIT\u00d6\u00d6 DISAINKIIGED","description":"kiigik.com","publisher":{"@id":"https:\/\/kiigik.com\/en\/#organization"},"potentialAction":[{"@type":"SearchAction","target":{"@type":"EntryPoint","urlTemplate":"https:\/\/kiigik.com\/en\/?s={search_term_string}"},"query-input":{"@type":"PropertyValueSpecification","valueRequired":true,"valueName":"search_term_string"}}],"inLanguage":"en-US"},{"@type":"Organization","@id":"https:\/\/kiigik.com\/en\/#organization","name":"K\u00c4SIT\u00d6\u00d6 DISAINKIIGED","url":"https:\/\/kiigik.com\/en\/","logo":{"@type":"ImageObject","inLanguage":"en-US","@id":"https:\/\/kiigik.com\/en\/#\/schema\/logo\/image\/","url":"https:\/\/kiigik.com\/wp-content\/uploads\/2020\/05\/kiigik-logo.svg","contentUrl":"https:\/\/kiigik.com\/wp-content\/uploads\/2020\/05\/kiigik-logo.svg","width":115,"height":57,"caption":"K\u00c4SIT\u00d6\u00d6 DISAINKIIGED"},"image":{"@id":"https:\/\/kiigik.com\/en\/#\/schema\/logo\/image\/"}}]}},"uagb_featured_image_src":{"full":["https:\/\/kiigik.com\/wp-content\/uploads\/2020\/03\/DSC00094-scaled.jpg",2560,1707,false],"thumbnail":["https:\/\/kiigik.com\/wp-content\/uploads\/2020\/03\/DSC00094-150x100.jpg",150,100,true],"medium":["https:\/\/kiigik.com\/wp-content\/uploads\/2020\/03\/DSC00094-300x200.jpg",300,200,true],"medium_large":["https:\/\/kiigik.com\/wp-content\/uploads\/2020\/03\/DSC00094-768x512.jpg",768,512,true],"large":["https:\/\/kiigik.com\/wp-content\/uploads\/2020\/03\/DSC00094-1024x683.jpg",1024,683,true],"1536x1536":["https:\/\/kiigik.com\/wp-content\/uploads\/2020\/03\/DSC00094-1536x1024.jpg",1536,1024,true],"2048x2048":["https:\/\/kiigik.com\/wp-content\/uploads\/2020\/03\/DSC00094-2048x1365.jpg",2048,1365,true],"woocommerce_thumbnail":["https:\/\/kiigik.com\/wp-content\/uploads\/2020\/03\/DSC00094-scaled-400x400.jpg",400,400,true],"woocommerce_single":["https:\/\/kiigik.com\/wp-content\/uploads\/2020\/03\/DSC00094-scaled-600x400.jpg",600,400,true],"woocommerce_gallery_thumbnail":["https:\/\/kiigik.com\/wp-content\/uploads\/2020\/03\/DSC00094-scaled-100x100.jpg",100,100,true]},"uagb_author_info":{"display_name":"H\u00e4li-Herta Haavapuu","author_link":"https:\/\/kiigik.com\/en\/author\/"},"uagb_comment_info":0,"uagb_excerpt":"This swing is a must have in every modern child\u00b4s room. Kids love it cause it is comfortable and fun. Parents love it cause it is a beautiful design element for their home. You can also use it outdoors in the summer. NB! Please notice that your order will be ready to ship in between&hellip;","_links":{"self":[{"href":"https:\/\/kiigik.com\/en\/wp-json\/wp\/v2\/product\/4314","targetHints":{"allow":["GET"]}}],"collection":[{"href":"https:\/\/kiigik.com\/en\/wp-json\/wp\/v2\/product"}],"about":[{"href":"https:\/\/kiigik.com\/en\/wp-json\/wp\/v2\/types\/product"}],"replies":[{"embeddable":true,"href":"https:\/\/kiigik.com\/en\/wp-json\/wp\/v2\/comments?post=4314"}],"wp:featuredmedia":[{"embeddable":true,"href":"https:\/\/kiigik.com\/en\/wp-json\/wp\/v2\/media\/4325"}],"wp:attachment":[{"href":"https:\/\/kiigik.com\/en\/wp-json\/wp\/v2\/media?parent=4314"}],"wp:term":[{"taxonomy":"product_brand","embeddable":true,"href":"https:\/\/kiigik.com\/en\/wp-json\/wp\/v2\/product_brand?post=4314"},{"taxonomy":"product_cat","embeddable":true,"href":"https:\/\/kiigik.com\/en\/wp-json\/wp\/v2\/product_cat?post=4314"},{"taxonomy":"product_tag","embeddable":true,"href":"https:\/\/kiigik.com\/en\/wp-json\/wp\/v2\/product_tag?post=4314"}],"curies":[{"name":"wp","href":"https:\/\/api.w.org\/{rel}","templated":true}]}}