{"id":4349,"date":"2019-08-27T23:08:16","date_gmt":"2019-08-27T20:08:16","guid":{"rendered":"https:\/\/kiigik.com\/pood\/grey-starcatcher-with-pink-pillow-and-bow\/"},"modified":"2019-08-27T23:08:16","modified_gmt":"2019-08-27T20:08:16","slug":"grey-starcatcher-with-pink-pillow-and-bow","status":"publish","type":"product","link":"https:\/\/kiigik.com\/en\/shop\/grey-starcatcher-with-pink-pillow-and-bow\/","title":{"rendered":"Grey Starcatcher with pink pillow and bow"},"content":{"rendered":"<p>The high quality fabric, multiple seams with extra strong thread, non-toxic chalk paint and soft cotton rope used to create a Starcatcher make sure your little one is safe and sound while swinging to the stars. The baby swings are most suitable for children 0,5 to approximately 3 years and the max load is 40kg. The dimensions of the swings are 40&#215;40 cm and depth approximately 35 cm.<\/p>\n","protected":false},"excerpt":{"rendered":"<p>This is a beautiful light grey baby swing made with Oeko-tex Standard 100 cotton canvas fabric. You can choose between different colours for the pillow. <\/p>\n<p>NB!Your order will be ready to ship in 2-5 days but if you need it quicker please let us know and we will try to do our best.<\/p>\n","protected":false},"featured_media":4350,"comment_status":"closed","ping_status":"closed","template":"","meta":{"_seopress_robots_primary_cat":"none","_seopress_titles_title":"","_seopress_titles_desc":"","_seopress_robots_index":"","_uag_custom_page_level_css":"","site-sidebar-layout":"default","site-content-layout":"default","ast-site-content-layout":"default","site-content-style":"default","site-sidebar-style":"default","ast-global-header-display":"","ast-banner-title-visibility":"","ast-main-header-display":"","ast-hfb-above-header-display":"","ast-hfb-below-header-display":"","ast-hfb-mobile-header-display":"","site-post-title":"","ast-breadcrumbs-content":"","ast-featured-img":"","footer-sml-layout":"","ast-disable-related-posts":"","theme-transparent-header-meta":"default","adv-header-id-meta":"","stick-header-meta":"default","header-above-stick-meta":"","header-main-stick-meta":"","header-below-stick-meta":"","astra-migrate-meta-layouts":"default","ast-page-background-enabled":"default","ast-page-background-meta":{"desktop":{"background-color":"","background-image":"","background-repeat":"repeat","background-position":"center center","background-size":"auto","background-attachment":"scroll","background-type":"","background-media":"","overlay-type":"","overlay-color":"","overlay-opacity":"","overlay-gradient":""},"tablet":{"background-color":"","background-image":"","background-repeat":"repeat","background-position":"center center","background-size":"auto","background-attachment":"scroll","background-type":"","background-media":"","overlay-type":"","overlay-color":"","overlay-opacity":"","overlay-gradient":""},"mobile":{"background-color":"","background-image":"","background-repeat":"repeat","background-position":"center center","background-size":"auto","background-attachment":"scroll","background-type":"","background-media":"","overlay-type":"","overlay-color":"","overlay-opacity":"","overlay-gradient":""}},"ast-content-background-meta":{"desktop":{"background-color":"var(--ast-global-color-5)","background-image":"","background-repeat":"repeat","background-position":"center center","background-size":"auto","background-attachment":"scroll","background-type":"","background-media":"","overlay-type":"","overlay-color":"","overlay-opacity":"","overlay-gradient":""},"tablet":{"background-color":"var(--ast-global-color-5)","background-image":"","background-repeat":"repeat","background-position":"center center","background-size":"auto","background-attachment":"scroll","background-type":"","background-media":"","overlay-type":"","overlay-color":"","overlay-opacity":"","overlay-gradient":""},"mobile":{"background-color":"var(--ast-global-color-5)","background-image":"","background-repeat":"repeat","background-position":"center center","background-size":"auto","background-attachment":"scroll","background-type":"","background-media":"","overlay-type":"","overlay-color":"","overlay-opacity":"","overlay-gradient":""}}},"product_brand":[],"product_cat":[289,300,287],"product_tag":[],"class_list":{"0":"post-4349","1":"product","2":"type-product","3":"status-publish","4":"has-post-thumbnail","6":"product_cat-bows-frills-flowers","7":"product_cat-starcatchers-eng","8":"product_cat-swings-eng","9":"product_shipping_class-starcatcher","10":"desktop-align-left","11":"tablet-align-left","12":"mobile-align-left","13":"ast-product-gallery-layout-horizontal-slider","14":"ast-magnify-disabled","15":"ast-product-tabs-layout-horizontal","16":"tm-has-options","18":"first","19":"instock","20":"sale","21":"featured","22":"shipping-taxable","23":"purchasable","24":"product-type-simple"},"yoast_head":"<!-- This site is optimized with the Yoast SEO plugin v27.3 - https:\/\/yoast.com\/product\/yoast-seo-wordpress\/ -->\n<title>Grey Starcatcher with pink pillow and bow - K\u00c4SIT\u00d6\u00d6 DISAINKIIGED<\/title>\n<meta name=\"robots\" content=\"index, follow, max-snippet:-1, max-image-preview:large, max-video-preview:-1\" \/>\n<link rel=\"canonical\" href=\"https:\/\/kiigik.com\/en\/shop\/grey-starcatcher-with-pink-pillow-and-bow\/\" \/>\n<meta property=\"og:locale\" content=\"en_US\" \/>\n<meta property=\"og:type\" content=\"article\" \/>\n<meta property=\"og:title\" content=\"Grey Starcatcher with pink pillow and bow - K\u00c4SIT\u00d6\u00d6 DISAINKIIGED\" \/>\n<meta property=\"og:description\" content=\"This is a beautiful light grey baby swing made with Oeko-tex Standard 100 cotton canvas fabric. You can choose between different colours for the pillow.    NB!Your order will be ready to ship in 2-5 days but if you need it quicker please let us know and we will try to do our best.\" \/>\n<meta property=\"og:url\" content=\"https:\/\/kiigik.com\/en\/shop\/grey-starcatcher-with-pink-pillow-and-bow\/\" \/>\n<meta property=\"og:site_name\" content=\"K\u00c4SIT\u00d6\u00d6 DISAINKIIGED\" \/>\n<meta property=\"og:image\" content=\"https:\/\/kiigik.com\/wp-content\/uploads\/2019\/08\/DSC02835-e1566937076480.jpg\" \/>\n\t<meta property=\"og:image:width\" content=\"1062\" \/>\n\t<meta property=\"og:image:height\" content=\"1224\" \/>\n\t<meta property=\"og:image:type\" content=\"image\/jpeg\" \/>\n<meta name=\"twitter:card\" content=\"summary_large_image\" \/>\n<script type=\"application\/ld+json\" class=\"yoast-schema-graph\">{\"@context\":\"https:\\\/\\\/schema.org\",\"@graph\":[{\"@type\":\"WebPage\",\"@id\":\"https:\\\/\\\/kiigik.com\\\/en\\\/shop\\\/grey-starcatcher-with-pink-pillow-and-bow\\\/\",\"url\":\"https:\\\/\\\/kiigik.com\\\/en\\\/shop\\\/grey-starcatcher-with-pink-pillow-and-bow\\\/\",\"name\":\"Grey Starcatcher with pink pillow and bow - K\u00c4SIT\u00d6\u00d6 DISAINKIIGED\",\"isPartOf\":{\"@id\":\"https:\\\/\\\/kiigik.com\\\/en\\\/#website\"},\"primaryImageOfPage\":{\"@id\":\"https:\\\/\\\/kiigik.com\\\/en\\\/shop\\\/grey-starcatcher-with-pink-pillow-and-bow\\\/#primaryimage\"},\"image\":{\"@id\":\"https:\\\/\\\/kiigik.com\\\/en\\\/shop\\\/grey-starcatcher-with-pink-pillow-and-bow\\\/#primaryimage\"},\"thumbnailUrl\":\"https:\\\/\\\/kiigik.com\\\/wp-content\\\/uploads\\\/2019\\\/08\\\/DSC02835-e1566937076480.jpg\",\"datePublished\":\"2019-08-27T20:08:16+00:00\",\"breadcrumb\":{\"@id\":\"https:\\\/\\\/kiigik.com\\\/en\\\/shop\\\/grey-starcatcher-with-pink-pillow-and-bow\\\/#breadcrumb\"},\"inLanguage\":\"en-US\",\"potentialAction\":[{\"@type\":\"ReadAction\",\"target\":[\"https:\\\/\\\/kiigik.com\\\/en\\\/shop\\\/grey-starcatcher-with-pink-pillow-and-bow\\\/\"]}]},{\"@type\":\"ImageObject\",\"inLanguage\":\"en-US\",\"@id\":\"https:\\\/\\\/kiigik.com\\\/en\\\/shop\\\/grey-starcatcher-with-pink-pillow-and-bow\\\/#primaryimage\",\"url\":\"https:\\\/\\\/kiigik.com\\\/wp-content\\\/uploads\\\/2019\\\/08\\\/DSC02835-e1566937076480.jpg\",\"contentUrl\":\"https:\\\/\\\/kiigik.com\\\/wp-content\\\/uploads\\\/2019\\\/08\\\/DSC02835-e1566937076480.jpg\",\"width\":1062,\"height\":1224},{\"@type\":\"BreadcrumbList\",\"@id\":\"https:\\\/\\\/kiigik.com\\\/en\\\/shop\\\/grey-starcatcher-with-pink-pillow-and-bow\\\/#breadcrumb\",\"itemListElement\":[{\"@type\":\"ListItem\",\"position\":1,\"name\":\"Home\",\"item\":\"https:\\\/\\\/kiigik.com\\\/en\\\/\"},{\"@type\":\"ListItem\",\"position\":2,\"name\":\"Shop\",\"item\":\"https:\\\/\\\/kiigik.com\\\/en\\\/shop\\\/\"},{\"@type\":\"ListItem\",\"position\":3,\"name\":\"Grey Starcatcher with pink pillow and bow\"}]},{\"@type\":\"WebSite\",\"@id\":\"https:\\\/\\\/kiigik.com\\\/en\\\/#website\",\"url\":\"https:\\\/\\\/kiigik.com\\\/en\\\/\",\"name\":\"K\u00c4SIT\u00d6\u00d6 DISAINKIIGED\",\"description\":\"kiigik.com\",\"publisher\":{\"@id\":\"https:\\\/\\\/kiigik.com\\\/en\\\/#organization\"},\"potentialAction\":[{\"@type\":\"SearchAction\",\"target\":{\"@type\":\"EntryPoint\",\"urlTemplate\":\"https:\\\/\\\/kiigik.com\\\/en\\\/?s={search_term_string}\"},\"query-input\":{\"@type\":\"PropertyValueSpecification\",\"valueRequired\":true,\"valueName\":\"search_term_string\"}}],\"inLanguage\":\"en-US\"},{\"@type\":\"Organization\",\"@id\":\"https:\\\/\\\/kiigik.com\\\/en\\\/#organization\",\"name\":\"K\u00c4SIT\u00d6\u00d6 DISAINKIIGED\",\"url\":\"https:\\\/\\\/kiigik.com\\\/en\\\/\",\"logo\":{\"@type\":\"ImageObject\",\"inLanguage\":\"en-US\",\"@id\":\"https:\\\/\\\/kiigik.com\\\/en\\\/#\\\/schema\\\/logo\\\/image\\\/\",\"url\":\"https:\\\/\\\/kiigik.com\\\/wp-content\\\/uploads\\\/2020\\\/05\\\/kiigik-logo.svg\",\"contentUrl\":\"https:\\\/\\\/kiigik.com\\\/wp-content\\\/uploads\\\/2020\\\/05\\\/kiigik-logo.svg\",\"width\":115,\"height\":57,\"caption\":\"K\u00c4SIT\u00d6\u00d6 DISAINKIIGED\"},\"image\":{\"@id\":\"https:\\\/\\\/kiigik.com\\\/en\\\/#\\\/schema\\\/logo\\\/image\\\/\"}}]}<\/script>\n<!-- \/ Yoast SEO plugin. -->","yoast_head_json":{"title":"Grey Starcatcher with pink pillow and bow - K\u00c4SIT\u00d6\u00d6 DISAINKIIGED","robots":{"index":"index","follow":"follow","max-snippet":"max-snippet:-1","max-image-preview":"max-image-preview:large","max-video-preview":"max-video-preview:-1"},"canonical":"https:\/\/kiigik.com\/en\/shop\/grey-starcatcher-with-pink-pillow-and-bow\/","og_locale":"en_US","og_type":"article","og_title":"Grey Starcatcher with pink pillow and bow - K\u00c4SIT\u00d6\u00d6 DISAINKIIGED","og_description":"This is a beautiful light grey baby swing made with Oeko-tex Standard 100 cotton canvas fabric. You can choose between different colours for the pillow.    NB!Your order will be ready to ship in 2-5 days but if you need it quicker please let us know and we will try to do our best.","og_url":"https:\/\/kiigik.com\/en\/shop\/grey-starcatcher-with-pink-pillow-and-bow\/","og_site_name":"K\u00c4SIT\u00d6\u00d6 DISAINKIIGED","og_image":[{"width":1062,"height":1224,"url":"https:\/\/kiigik.com\/wp-content\/uploads\/2019\/08\/DSC02835-e1566937076480.jpg","type":"image\/jpeg"}],"twitter_card":"summary_large_image","schema":{"@context":"https:\/\/schema.org","@graph":[{"@type":"WebPage","@id":"https:\/\/kiigik.com\/en\/shop\/grey-starcatcher-with-pink-pillow-and-bow\/","url":"https:\/\/kiigik.com\/en\/shop\/grey-starcatcher-with-pink-pillow-and-bow\/","name":"Grey Starcatcher with pink pillow and bow - K\u00c4SIT\u00d6\u00d6 DISAINKIIGED","isPartOf":{"@id":"https:\/\/kiigik.com\/en\/#website"},"primaryImageOfPage":{"@id":"https:\/\/kiigik.com\/en\/shop\/grey-starcatcher-with-pink-pillow-and-bow\/#primaryimage"},"image":{"@id":"https:\/\/kiigik.com\/en\/shop\/grey-starcatcher-with-pink-pillow-and-bow\/#primaryimage"},"thumbnailUrl":"https:\/\/kiigik.com\/wp-content\/uploads\/2019\/08\/DSC02835-e1566937076480.jpg","datePublished":"2019-08-27T20:08:16+00:00","breadcrumb":{"@id":"https:\/\/kiigik.com\/en\/shop\/grey-starcatcher-with-pink-pillow-and-bow\/#breadcrumb"},"inLanguage":"en-US","potentialAction":[{"@type":"ReadAction","target":["https:\/\/kiigik.com\/en\/shop\/grey-starcatcher-with-pink-pillow-and-bow\/"]}]},{"@type":"ImageObject","inLanguage":"en-US","@id":"https:\/\/kiigik.com\/en\/shop\/grey-starcatcher-with-pink-pillow-and-bow\/#primaryimage","url":"https:\/\/kiigik.com\/wp-content\/uploads\/2019\/08\/DSC02835-e1566937076480.jpg","contentUrl":"https:\/\/kiigik.com\/wp-content\/uploads\/2019\/08\/DSC02835-e1566937076480.jpg","width":1062,"height":1224},{"@type":"BreadcrumbList","@id":"https:\/\/kiigik.com\/en\/shop\/grey-starcatcher-with-pink-pillow-and-bow\/#breadcrumb","itemListElement":[{"@type":"ListItem","position":1,"name":"Home","item":"https:\/\/kiigik.com\/en\/"},{"@type":"ListItem","position":2,"name":"Shop","item":"https:\/\/kiigik.com\/en\/shop\/"},{"@type":"ListItem","position":3,"name":"Grey Starcatcher with pink pillow and bow"}]},{"@type":"WebSite","@id":"https:\/\/kiigik.com\/en\/#website","url":"https:\/\/kiigik.com\/en\/","name":"K\u00c4SIT\u00d6\u00d6 DISAINKIIGED","description":"kiigik.com","publisher":{"@id":"https:\/\/kiigik.com\/en\/#organization"},"potentialAction":[{"@type":"SearchAction","target":{"@type":"EntryPoint","urlTemplate":"https:\/\/kiigik.com\/en\/?s={search_term_string}"},"query-input":{"@type":"PropertyValueSpecification","valueRequired":true,"valueName":"search_term_string"}}],"inLanguage":"en-US"},{"@type":"Organization","@id":"https:\/\/kiigik.com\/en\/#organization","name":"K\u00c4SIT\u00d6\u00d6 DISAINKIIGED","url":"https:\/\/kiigik.com\/en\/","logo":{"@type":"ImageObject","inLanguage":"en-US","@id":"https:\/\/kiigik.com\/en\/#\/schema\/logo\/image\/","url":"https:\/\/kiigik.com\/wp-content\/uploads\/2020\/05\/kiigik-logo.svg","contentUrl":"https:\/\/kiigik.com\/wp-content\/uploads\/2020\/05\/kiigik-logo.svg","width":115,"height":57,"caption":"K\u00c4SIT\u00d6\u00d6 DISAINKIIGED"},"image":{"@id":"https:\/\/kiigik.com\/en\/#\/schema\/logo\/image\/"}}]}},"uagb_featured_image_src":{"full":["https:\/\/kiigik.com\/wp-content\/uploads\/2019\/08\/DSC02835-e1566937076480.jpg",1062,1224,false],"thumbnail":["https:\/\/kiigik.com\/wp-content\/uploads\/2019\/08\/DSC02835-e1566937076480-130x150.jpg",130,150,true],"medium":["https:\/\/kiigik.com\/wp-content\/uploads\/2019\/08\/DSC02835-e1566937076480-260x300.jpg",260,300,true],"medium_large":["https:\/\/kiigik.com\/wp-content\/uploads\/2019\/08\/DSC02835-e1566937076480-768x885.jpg",768,885,true],"large":["https:\/\/kiigik.com\/wp-content\/uploads\/2019\/08\/DSC02835-e1566937076480-888x1024.jpg",888,1024,true],"1536x1536":["https:\/\/kiigik.com\/wp-content\/uploads\/2019\/08\/DSC02835-e1566937076480.jpg",1062,1224,false],"2048x2048":["https:\/\/kiigik.com\/wp-content\/uploads\/2019\/08\/DSC02835-e1566937076480.jpg",1062,1224,false],"woocommerce_thumbnail":["https:\/\/kiigik.com\/wp-content\/uploads\/2019\/08\/DSC02835-e1566937076480-400x400.jpg",400,400,true],"woocommerce_single":["https:\/\/kiigik.com\/wp-content\/uploads\/2019\/08\/DSC02835-e1566937076480-600x692.jpg",600,692,true],"woocommerce_gallery_thumbnail":["https:\/\/kiigik.com\/wp-content\/uploads\/2019\/08\/DSC02835-e1566937076480-100x100.jpg",100,100,true]},"uagb_author_info":{"display_name":"H\u00e4li-Herta Haavapuu","author_link":"https:\/\/kiigik.com\/en\/author\/"},"uagb_comment_info":0,"uagb_excerpt":"This is a beautiful light grey baby swing made with Oeko-tex Standard 100 cotton canvas fabric. You can choose between different colours for the pillow. NB!Your order will be ready to ship in 2-5 days but if you need it quicker please let us know and we will try to do our best.","_links":{"self":[{"href":"https:\/\/kiigik.com\/en\/wp-json\/wp\/v2\/product\/4349","targetHints":{"allow":["GET"]}}],"collection":[{"href":"https:\/\/kiigik.com\/en\/wp-json\/wp\/v2\/product"}],"about":[{"href":"https:\/\/kiigik.com\/en\/wp-json\/wp\/v2\/types\/product"}],"replies":[{"embeddable":true,"href":"https:\/\/kiigik.com\/en\/wp-json\/wp\/v2\/comments?post=4349"}],"wp:featuredmedia":[{"embeddable":true,"href":"https:\/\/kiigik.com\/en\/wp-json\/wp\/v2\/media\/4350"}],"wp:attachment":[{"href":"https:\/\/kiigik.com\/en\/wp-json\/wp\/v2\/media?parent=4349"}],"wp:term":[{"taxonomy":"product_brand","embeddable":true,"href":"https:\/\/kiigik.com\/en\/wp-json\/wp\/v2\/product_brand?post=4349"},{"taxonomy":"product_cat","embeddable":true,"href":"https:\/\/kiigik.com\/en\/wp-json\/wp\/v2\/product_cat?post=4349"},{"taxonomy":"product_tag","embeddable":true,"href":"https:\/\/kiigik.com\/en\/wp-json\/wp\/v2\/product_tag?post=4349"}],"curies":[{"name":"wp","href":"https:\/\/api.w.org\/{rel}","templated":true}]}}