{"id":4625,"date":"2020-04-03T02:07:47","date_gmt":"2020-04-02T23:07:47","guid":{"rendered":"https:\/\/kiigik.com\/pood\/mustard-brown-linen-flag-garland\/"},"modified":"2020-05-08T14:30:28","modified_gmt":"2020-05-08T11:30:28","slug":"mustard-brown-linen-flag-garland","status":"publish","type":"product","link":"https:\/\/kiigik.com\/en\/shop\/mustard-brown-linen-flag-garland\/","title":{"rendered":"Mustard brown linen flag garland"},"content":{"rendered":"<p>The 100% linen flags are finished with narrow overlock which makes it beautifully lightweight and flying.<\/p>\n","protected":false},"excerpt":{"rendered":"<p>The 100% linen flags are finished with narrow overlock which makes it beautifully lightweight and flying.<\/p>\n","protected":false},"featured_media":4626,"comment_status":"closed","ping_status":"closed","template":"","meta":{"_seopress_robots_primary_cat":"none","_seopress_titles_title":"","_seopress_titles_desc":"","_seopress_robots_index":"","_uag_custom_page_level_css":"","site-sidebar-layout":"default","site-content-layout":"default","ast-site-content-layout":"default","site-content-style":"default","site-sidebar-style":"default","ast-global-header-display":"","ast-banner-title-visibility":"","ast-main-header-display":"","ast-hfb-above-header-display":"","ast-hfb-below-header-display":"","ast-hfb-mobile-header-display":"","site-post-title":"","ast-breadcrumbs-content":"","ast-featured-img":"","footer-sml-layout":"","ast-disable-related-posts":"","theme-transparent-header-meta":"default","adv-header-id-meta":"","stick-header-meta":"default","header-above-stick-meta":"","header-main-stick-meta":"","header-below-stick-meta":"","astra-migrate-meta-layouts":"default","ast-page-background-enabled":"default","ast-page-background-meta":{"desktop":{"background-color":"","background-image":"","background-repeat":"repeat","background-position":"center center","background-size":"auto","background-attachment":"scroll","background-type":"","background-media":"","overlay-type":"","overlay-color":"","overlay-opacity":"","overlay-gradient":""},"tablet":{"background-color":"","background-image":"","background-repeat":"repeat","background-position":"center center","background-size":"auto","background-attachment":"scroll","background-type":"","background-media":"","overlay-type":"","overlay-color":"","overlay-opacity":"","overlay-gradient":""},"mobile":{"background-color":"","background-image":"","background-repeat":"repeat","background-position":"center center","background-size":"auto","background-attachment":"scroll","background-type":"","background-media":"","overlay-type":"","overlay-color":"","overlay-opacity":"","overlay-gradient":""}},"ast-content-background-meta":{"desktop":{"background-color":"var(--ast-global-color-5)","background-image":"","background-repeat":"repeat","background-position":"center center","background-size":"auto","background-attachment":"scroll","background-type":"","background-media":"","overlay-type":"","overlay-color":"","overlay-opacity":"","overlay-gradient":""},"tablet":{"background-color":"var(--ast-global-color-5)","background-image":"","background-repeat":"repeat","background-position":"center center","background-size":"auto","background-attachment":"scroll","background-type":"","background-media":"","overlay-type":"","overlay-color":"","overlay-opacity":"","overlay-gradient":""},"mobile":{"background-color":"var(--ast-global-color-5)","background-image":"","background-repeat":"repeat","background-position":"center center","background-size":"auto","background-attachment":"scroll","background-type":"","background-media":"","overlay-type":"","overlay-color":"","overlay-opacity":"","overlay-gradient":""}}},"product_brand":[],"product_cat":[302],"product_tag":[],"class_list":{"0":"post-4625","1":"product","2":"type-product","3":"status-publish","4":"has-post-thumbnail","6":"product_cat-flag-chains","7":"product_shipping_class-cloudcatcher","8":"desktop-align-left","9":"tablet-align-left","10":"mobile-align-left","11":"ast-product-gallery-layout-horizontal-slider","12":"ast-magnify-disabled","13":"ast-product-tabs-layout-horizontal","14":"tm-no-options","16":"first","17":"outofstock","18":"shipping-taxable","19":"purchasable","20":"product-type-simple"},"yoast_head":"<!-- This site is optimized with the Yoast SEO plugin v27.3 - https:\/\/yoast.com\/product\/yoast-seo-wordpress\/ -->\n<title>Mustard brown linen flag garland - K\u00c4SIT\u00d6\u00d6 DISAINKIIGED<\/title>\n<meta name=\"robots\" content=\"index, follow, max-snippet:-1, max-image-preview:large, max-video-preview:-1\" \/>\n<link rel=\"canonical\" href=\"https:\/\/kiigik.com\/en\/shop\/mustard-brown-linen-flag-garland\/\" \/>\n<meta property=\"og:locale\" content=\"en_US\" \/>\n<meta property=\"og:type\" content=\"article\" \/>\n<meta property=\"og:title\" content=\"Mustard brown linen flag garland - K\u00c4SIT\u00d6\u00d6 DISAINKIIGED\" \/>\n<meta property=\"og:description\" content=\"The 100% linen flags are finished with narrow overlock which makes it beautifully lightweight and flying.\" \/>\n<meta property=\"og:url\" content=\"https:\/\/kiigik.com\/en\/shop\/mustard-brown-linen-flag-garland\/\" \/>\n<meta property=\"og:site_name\" content=\"K\u00c4SIT\u00d6\u00d6 DISAINKIIGED\" \/>\n<meta property=\"article:modified_time\" content=\"2020-05-08T11:30:28+00:00\" \/>\n<meta property=\"og:image\" content=\"https:\/\/kiigik.com\/wp-content\/uploads\/2020\/04\/DSC00743-scaled.jpg\" \/>\n\t<meta property=\"og:image:width\" content=\"1707\" \/>\n\t<meta property=\"og:image:height\" content=\"2560\" \/>\n\t<meta property=\"og:image:type\" content=\"image\/jpeg\" \/>\n<meta name=\"twitter:card\" content=\"summary_large_image\" \/>\n<script type=\"application\/ld+json\" class=\"yoast-schema-graph\">{\"@context\":\"https:\\\/\\\/schema.org\",\"@graph\":[{\"@type\":\"WebPage\",\"@id\":\"https:\\\/\\\/kiigik.com\\\/en\\\/shop\\\/mustard-brown-linen-flag-garland\\\/\",\"url\":\"https:\\\/\\\/kiigik.com\\\/en\\\/shop\\\/mustard-brown-linen-flag-garland\\\/\",\"name\":\"Mustard brown linen flag garland - K\u00c4SIT\u00d6\u00d6 DISAINKIIGED\",\"isPartOf\":{\"@id\":\"https:\\\/\\\/kiigik.com\\\/en\\\/#website\"},\"primaryImageOfPage\":{\"@id\":\"https:\\\/\\\/kiigik.com\\\/en\\\/shop\\\/mustard-brown-linen-flag-garland\\\/#primaryimage\"},\"image\":{\"@id\":\"https:\\\/\\\/kiigik.com\\\/en\\\/shop\\\/mustard-brown-linen-flag-garland\\\/#primaryimage\"},\"thumbnailUrl\":\"https:\\\/\\\/kiigik.com\\\/wp-content\\\/uploads\\\/2020\\\/04\\\/DSC00743-scaled.jpg\",\"datePublished\":\"2020-04-02T23:07:47+00:00\",\"dateModified\":\"2020-05-08T11:30:28+00:00\",\"breadcrumb\":{\"@id\":\"https:\\\/\\\/kiigik.com\\\/en\\\/shop\\\/mustard-brown-linen-flag-garland\\\/#breadcrumb\"},\"inLanguage\":\"en-US\",\"potentialAction\":[{\"@type\":\"ReadAction\",\"target\":[\"https:\\\/\\\/kiigik.com\\\/en\\\/shop\\\/mustard-brown-linen-flag-garland\\\/\"]}]},{\"@type\":\"ImageObject\",\"inLanguage\":\"en-US\",\"@id\":\"https:\\\/\\\/kiigik.com\\\/en\\\/shop\\\/mustard-brown-linen-flag-garland\\\/#primaryimage\",\"url\":\"https:\\\/\\\/kiigik.com\\\/wp-content\\\/uploads\\\/2020\\\/04\\\/DSC00743-scaled.jpg\",\"contentUrl\":\"https:\\\/\\\/kiigik.com\\\/wp-content\\\/uploads\\\/2020\\\/04\\\/DSC00743-scaled.jpg\",\"width\":1707,\"height\":2560},{\"@type\":\"BreadcrumbList\",\"@id\":\"https:\\\/\\\/kiigik.com\\\/en\\\/shop\\\/mustard-brown-linen-flag-garland\\\/#breadcrumb\",\"itemListElement\":[{\"@type\":\"ListItem\",\"position\":1,\"name\":\"Home\",\"item\":\"https:\\\/\\\/kiigik.com\\\/en\\\/\"},{\"@type\":\"ListItem\",\"position\":2,\"name\":\"Shop\",\"item\":\"https:\\\/\\\/kiigik.com\\\/en\\\/shop\\\/\"},{\"@type\":\"ListItem\",\"position\":3,\"name\":\"Mustard brown linen flag garland\"}]},{\"@type\":\"WebSite\",\"@id\":\"https:\\\/\\\/kiigik.com\\\/en\\\/#website\",\"url\":\"https:\\\/\\\/kiigik.com\\\/en\\\/\",\"name\":\"K\u00c4SIT\u00d6\u00d6 DISAINKIIGED\",\"description\":\"kiigik.com\",\"publisher\":{\"@id\":\"https:\\\/\\\/kiigik.com\\\/en\\\/#organization\"},\"potentialAction\":[{\"@type\":\"SearchAction\",\"target\":{\"@type\":\"EntryPoint\",\"urlTemplate\":\"https:\\\/\\\/kiigik.com\\\/en\\\/?s={search_term_string}\"},\"query-input\":{\"@type\":\"PropertyValueSpecification\",\"valueRequired\":true,\"valueName\":\"search_term_string\"}}],\"inLanguage\":\"en-US\"},{\"@type\":\"Organization\",\"@id\":\"https:\\\/\\\/kiigik.com\\\/en\\\/#organization\",\"name\":\"K\u00c4SIT\u00d6\u00d6 DISAINKIIGED\",\"url\":\"https:\\\/\\\/kiigik.com\\\/en\\\/\",\"logo\":{\"@type\":\"ImageObject\",\"inLanguage\":\"en-US\",\"@id\":\"https:\\\/\\\/kiigik.com\\\/en\\\/#\\\/schema\\\/logo\\\/image\\\/\",\"url\":\"https:\\\/\\\/kiigik.com\\\/wp-content\\\/uploads\\\/2020\\\/05\\\/kiigik-logo.svg\",\"contentUrl\":\"https:\\\/\\\/kiigik.com\\\/wp-content\\\/uploads\\\/2020\\\/05\\\/kiigik-logo.svg\",\"width\":115,\"height\":57,\"caption\":\"K\u00c4SIT\u00d6\u00d6 DISAINKIIGED\"},\"image\":{\"@id\":\"https:\\\/\\\/kiigik.com\\\/en\\\/#\\\/schema\\\/logo\\\/image\\\/\"}}]}<\/script>\n<!-- \/ Yoast SEO plugin. -->","yoast_head_json":{"title":"Mustard brown linen flag garland - K\u00c4SIT\u00d6\u00d6 DISAINKIIGED","robots":{"index":"index","follow":"follow","max-snippet":"max-snippet:-1","max-image-preview":"max-image-preview:large","max-video-preview":"max-video-preview:-1"},"canonical":"https:\/\/kiigik.com\/en\/shop\/mustard-brown-linen-flag-garland\/","og_locale":"en_US","og_type":"article","og_title":"Mustard brown linen flag garland - K\u00c4SIT\u00d6\u00d6 DISAINKIIGED","og_description":"The 100% linen flags are finished with narrow overlock which makes it beautifully lightweight and flying.","og_url":"https:\/\/kiigik.com\/en\/shop\/mustard-brown-linen-flag-garland\/","og_site_name":"K\u00c4SIT\u00d6\u00d6 DISAINKIIGED","article_modified_time":"2020-05-08T11:30:28+00:00","og_image":[{"width":1707,"height":2560,"url":"https:\/\/kiigik.com\/wp-content\/uploads\/2020\/04\/DSC00743-scaled.jpg","type":"image\/jpeg"}],"twitter_card":"summary_large_image","schema":{"@context":"https:\/\/schema.org","@graph":[{"@type":"WebPage","@id":"https:\/\/kiigik.com\/en\/shop\/mustard-brown-linen-flag-garland\/","url":"https:\/\/kiigik.com\/en\/shop\/mustard-brown-linen-flag-garland\/","name":"Mustard brown linen flag garland - K\u00c4SIT\u00d6\u00d6 DISAINKIIGED","isPartOf":{"@id":"https:\/\/kiigik.com\/en\/#website"},"primaryImageOfPage":{"@id":"https:\/\/kiigik.com\/en\/shop\/mustard-brown-linen-flag-garland\/#primaryimage"},"image":{"@id":"https:\/\/kiigik.com\/en\/shop\/mustard-brown-linen-flag-garland\/#primaryimage"},"thumbnailUrl":"https:\/\/kiigik.com\/wp-content\/uploads\/2020\/04\/DSC00743-scaled.jpg","datePublished":"2020-04-02T23:07:47+00:00","dateModified":"2020-05-08T11:30:28+00:00","breadcrumb":{"@id":"https:\/\/kiigik.com\/en\/shop\/mustard-brown-linen-flag-garland\/#breadcrumb"},"inLanguage":"en-US","potentialAction":[{"@type":"ReadAction","target":["https:\/\/kiigik.com\/en\/shop\/mustard-brown-linen-flag-garland\/"]}]},{"@type":"ImageObject","inLanguage":"en-US","@id":"https:\/\/kiigik.com\/en\/shop\/mustard-brown-linen-flag-garland\/#primaryimage","url":"https:\/\/kiigik.com\/wp-content\/uploads\/2020\/04\/DSC00743-scaled.jpg","contentUrl":"https:\/\/kiigik.com\/wp-content\/uploads\/2020\/04\/DSC00743-scaled.jpg","width":1707,"height":2560},{"@type":"BreadcrumbList","@id":"https:\/\/kiigik.com\/en\/shop\/mustard-brown-linen-flag-garland\/#breadcrumb","itemListElement":[{"@type":"ListItem","position":1,"name":"Home","item":"https:\/\/kiigik.com\/en\/"},{"@type":"ListItem","position":2,"name":"Shop","item":"https:\/\/kiigik.com\/en\/shop\/"},{"@type":"ListItem","position":3,"name":"Mustard brown linen flag garland"}]},{"@type":"WebSite","@id":"https:\/\/kiigik.com\/en\/#website","url":"https:\/\/kiigik.com\/en\/","name":"K\u00c4SIT\u00d6\u00d6 DISAINKIIGED","description":"kiigik.com","publisher":{"@id":"https:\/\/kiigik.com\/en\/#organization"},"potentialAction":[{"@type":"SearchAction","target":{"@type":"EntryPoint","urlTemplate":"https:\/\/kiigik.com\/en\/?s={search_term_string}"},"query-input":{"@type":"PropertyValueSpecification","valueRequired":true,"valueName":"search_term_string"}}],"inLanguage":"en-US"},{"@type":"Organization","@id":"https:\/\/kiigik.com\/en\/#organization","name":"K\u00c4SIT\u00d6\u00d6 DISAINKIIGED","url":"https:\/\/kiigik.com\/en\/","logo":{"@type":"ImageObject","inLanguage":"en-US","@id":"https:\/\/kiigik.com\/en\/#\/schema\/logo\/image\/","url":"https:\/\/kiigik.com\/wp-content\/uploads\/2020\/05\/kiigik-logo.svg","contentUrl":"https:\/\/kiigik.com\/wp-content\/uploads\/2020\/05\/kiigik-logo.svg","width":115,"height":57,"caption":"K\u00c4SIT\u00d6\u00d6 DISAINKIIGED"},"image":{"@id":"https:\/\/kiigik.com\/en\/#\/schema\/logo\/image\/"}}]}},"uagb_featured_image_src":{"full":["https:\/\/kiigik.com\/wp-content\/uploads\/2020\/04\/DSC00743-scaled.jpg",1707,2560,false],"thumbnail":["https:\/\/kiigik.com\/wp-content\/uploads\/2020\/04\/DSC00743-100x150.jpg",100,150,true],"medium":["https:\/\/kiigik.com\/wp-content\/uploads\/2020\/04\/DSC00743-200x300.jpg",200,300,true],"medium_large":["https:\/\/kiigik.com\/wp-content\/uploads\/2020\/04\/DSC00743-768x1152.jpg",768,1152,true],"large":["https:\/\/kiigik.com\/wp-content\/uploads\/2020\/04\/DSC00743-683x1024.jpg",683,1024,true],"1536x1536":["https:\/\/kiigik.com\/wp-content\/uploads\/2020\/04\/DSC00743-1024x1536.jpg",1024,1536,true],"2048x2048":["https:\/\/kiigik.com\/wp-content\/uploads\/2020\/04\/DSC00743-1365x2048.jpg",1365,2048,true],"woocommerce_thumbnail":["https:\/\/kiigik.com\/wp-content\/uploads\/2020\/04\/DSC00743-scaled-400x400.jpg",400,400,true],"woocommerce_single":["https:\/\/kiigik.com\/wp-content\/uploads\/2020\/04\/DSC00743-scaled-600x900.jpg",600,900,true],"woocommerce_gallery_thumbnail":["https:\/\/kiigik.com\/wp-content\/uploads\/2020\/04\/DSC00743-scaled-100x100.jpg",100,100,true]},"uagb_author_info":{"display_name":"H\u00e4li-Herta Haavapuu","author_link":"https:\/\/kiigik.com\/en\/author\/"},"uagb_comment_info":0,"uagb_excerpt":"The 100% linen flags are finished with narrow overlock which makes it beautifully lightweight and flying.","_links":{"self":[{"href":"https:\/\/kiigik.com\/en\/wp-json\/wp\/v2\/product\/4625","targetHints":{"allow":["GET"]}}],"collection":[{"href":"https:\/\/kiigik.com\/en\/wp-json\/wp\/v2\/product"}],"about":[{"href":"https:\/\/kiigik.com\/en\/wp-json\/wp\/v2\/types\/product"}],"replies":[{"embeddable":true,"href":"https:\/\/kiigik.com\/en\/wp-json\/wp\/v2\/comments?post=4625"}],"wp:featuredmedia":[{"embeddable":true,"href":"https:\/\/kiigik.com\/en\/wp-json\/wp\/v2\/media\/4626"}],"wp:attachment":[{"href":"https:\/\/kiigik.com\/en\/wp-json\/wp\/v2\/media?parent=4625"}],"wp:term":[{"taxonomy":"product_brand","embeddable":true,"href":"https:\/\/kiigik.com\/en\/wp-json\/wp\/v2\/product_brand?post=4625"},{"taxonomy":"product_cat","embeddable":true,"href":"https:\/\/kiigik.com\/en\/wp-json\/wp\/v2\/product_cat?post=4625"},{"taxonomy":"product_tag","embeddable":true,"href":"https:\/\/kiigik.com\/en\/wp-json\/wp\/v2\/product_tag?post=4625"}],"curies":[{"name":"wp","href":"https:\/\/api.w.org\/{rel}","templated":true}]}}