{"id":8664,"date":"2020-11-06T20:15:28","date_gmt":"2020-11-06T18:15:28","guid":{"rendered":"https:\/\/kiigik.com\/?post_type=product&#038;p=8664"},"modified":"2020-11-06T20:17:27","modified_gmt":"2020-11-06T18:17:27","slug":"grey-baby-swing-with-powder-pink-heart-pillow","status":"publish","type":"product","link":"https:\/\/kiigik.com\/en\/shop\/grey-baby-swing-with-powder-pink-heart-pillow\/","title":{"rendered":"Grey baby swing with powder pink heart pillow"},"content":{"rendered":"<p>Handmade quality swing made for youngest<\/p>\n<p>The high quality fabric, multiple seams with extra strong thread, non-toxic chalk paint and soft and durable cotton rope used to create a starcatcher make sure your little one is safe and sound while swinging to the stars.<\/p>\n<p>\u2b50The baby swings are most suitable for children 0,5 to approximately 3- 4 years.<\/p>\n<p>\u2b50Max load is 40 kg.<\/p>\n<p>\u2b50The dimensions of the baby swings are 40\u00d740 cm and depth approximately 35 cm.<\/p>\n<p>\u2b50The cotton ropes attached are soft and durable.<\/p>\n<p>\u2b50We only use Vintro Chalk paint to finish the wooden parts &#8211; it is 100% natural and toxin free!<\/p>\n<p>\u2b50The fabric we use is 100% cotton Oeko-Tex canvas (strong and thick fabric).<\/p>\n<p>\u2b50The fabric part of the baby swing is removable and machine washable.<\/p>\n<p>\u2b50All our swings are manufactured in compliance with the requirements of the European Standards &#8220;Safety of toys&#8221; EN 71-8 and CE.<\/p>\n<p>Order your baby swing now to make your baby the happiest ever! As a bonus you will get a beautiful design element for you home or baby\u00b4s room.<\/p>\n<p>NB! When purchasing please provide us with your contact number also for the courier to contact you!<\/p>\n","protected":false},"excerpt":{"rendered":"<p>NB!Your order will be ready to ship at the beginning of December but if you need it sooner, please let us know and we will do our best to meet your wishes!<\/p>\n","protected":false},"featured_media":8656,"comment_status":"closed","ping_status":"closed","template":"","meta":{"_seopress_robots_primary_cat":"none","_seopress_titles_title":"","_seopress_titles_desc":"","_seopress_robots_index":"","_uag_custom_page_level_css":"","site-sidebar-layout":"default","site-content-layout":"default","ast-site-content-layout":"default","site-content-style":"default","site-sidebar-style":"default","ast-global-header-display":"","ast-banner-title-visibility":"","ast-main-header-display":"","ast-hfb-above-header-display":"","ast-hfb-below-header-display":"","ast-hfb-mobile-header-display":"","site-post-title":"","ast-breadcrumbs-content":"","ast-featured-img":"","footer-sml-layout":"","ast-disable-related-posts":"","theme-transparent-header-meta":"default","adv-header-id-meta":"","stick-header-meta":"default","header-above-stick-meta":"","header-main-stick-meta":"","header-below-stick-meta":"","astra-migrate-meta-layouts":"default","ast-page-background-enabled":"default","ast-page-background-meta":{"desktop":{"background-color":"","background-image":"","background-repeat":"repeat","background-position":"center center","background-size":"auto","background-attachment":"scroll","background-type":"","background-media":"","overlay-type":"","overlay-color":"","overlay-opacity":"","overlay-gradient":""},"tablet":{"background-color":"","background-image":"","background-repeat":"repeat","background-position":"center center","background-size":"auto","background-attachment":"scroll","background-type":"","background-media":"","overlay-type":"","overlay-color":"","overlay-opacity":"","overlay-gradient":""},"mobile":{"background-color":"","background-image":"","background-repeat":"repeat","background-position":"center center","background-size":"auto","background-attachment":"scroll","background-type":"","background-media":"","overlay-type":"","overlay-color":"","overlay-opacity":"","overlay-gradient":""}},"ast-content-background-meta":{"desktop":{"background-color":"var(--ast-global-color-5)","background-image":"","background-repeat":"repeat","background-position":"center center","background-size":"auto","background-attachment":"scroll","background-type":"","background-media":"","overlay-type":"","overlay-color":"","overlay-opacity":"","overlay-gradient":""},"tablet":{"background-color":"var(--ast-global-color-5)","background-image":"","background-repeat":"repeat","background-position":"center center","background-size":"auto","background-attachment":"scroll","background-type":"","background-media":"","overlay-type":"","overlay-color":"","overlay-opacity":"","overlay-gradient":""},"mobile":{"background-color":"var(--ast-global-color-5)","background-image":"","background-repeat":"repeat","background-position":"center center","background-size":"auto","background-attachment":"scroll","background-type":"","background-media":"","overlay-type":"","overlay-color":"","overlay-opacity":"","overlay-gradient":""}}},"product_brand":[],"product_cat":[300,287],"product_tag":[],"class_list":{"0":"post-8664","1":"product","2":"type-product","3":"status-publish","4":"has-post-thumbnail","6":"product_cat-starcatchers-eng","7":"product_cat-swings-eng","8":"product_shipping_class-starcatcher","9":"desktop-align-left","10":"tablet-align-left","11":"mobile-align-left","12":"ast-product-gallery-layout-horizontal-slider","13":"ast-magnify-disabled","14":"ast-product-tabs-layout-horizontal","15":"tm-no-options","17":"first","18":"instock","19":"sale","20":"featured","21":"shipping-taxable","22":"purchasable","23":"product-type-simple"},"yoast_head":"<!-- This site is optimized with the Yoast SEO plugin v27.4 - https:\/\/yoast.com\/product\/yoast-seo-wordpress\/ -->\n<title>Grey baby swing with powder pink heart pillow - K\u00c4SIT\u00d6\u00d6 DISAINKIIGED<\/title>\n<meta name=\"robots\" content=\"index, follow, max-snippet:-1, max-image-preview:large, max-video-preview:-1\" \/>\n<link rel=\"canonical\" href=\"https:\/\/kiigik.com\/en\/shop\/grey-baby-swing-with-powder-pink-heart-pillow\/\" \/>\n<meta property=\"og:locale\" content=\"en_US\" \/>\n<meta property=\"og:type\" content=\"article\" \/>\n<meta property=\"og:title\" content=\"Grey baby swing with powder pink heart pillow - K\u00c4SIT\u00d6\u00d6 DISAINKIIGED\" \/>\n<meta property=\"og:description\" content=\"NB!Your order will be ready to ship at the beginning of December but if you need it sooner, please let us know and we will do our best to meet your wishes!\" \/>\n<meta property=\"og:url\" content=\"https:\/\/kiigik.com\/en\/shop\/grey-baby-swing-with-powder-pink-heart-pillow\/\" \/>\n<meta property=\"og:site_name\" content=\"K\u00c4SIT\u00d6\u00d6 DISAINKIIGED\" \/>\n<meta property=\"article:modified_time\" content=\"2020-11-06T18:17:27+00:00\" \/>\n<meta property=\"og:image\" content=\"https:\/\/kiigik.com\/wp-content\/uploads\/2020\/11\/DSC09348-scaled.jpg\" \/>\n\t<meta property=\"og:image:width\" content=\"1707\" \/>\n\t<meta property=\"og:image:height\" content=\"2560\" \/>\n\t<meta property=\"og:image:type\" content=\"image\/jpeg\" \/>\n<meta name=\"twitter:card\" content=\"summary_large_image\" \/>\n<meta name=\"twitter:label1\" content=\"Est. reading time\" \/>\n\t<meta name=\"twitter:data1\" content=\"1 minute\" \/>\n<script type=\"application\/ld+json\" class=\"yoast-schema-graph\">{\"@context\":\"https:\\\/\\\/schema.org\",\"@graph\":[{\"@type\":\"WebPage\",\"@id\":\"https:\\\/\\\/kiigik.com\\\/en\\\/shop\\\/grey-baby-swing-with-powder-pink-heart-pillow\\\/\",\"url\":\"https:\\\/\\\/kiigik.com\\\/en\\\/shop\\\/grey-baby-swing-with-powder-pink-heart-pillow\\\/\",\"name\":\"Grey baby swing with powder pink heart pillow - K\u00c4SIT\u00d6\u00d6 DISAINKIIGED\",\"isPartOf\":{\"@id\":\"https:\\\/\\\/kiigik.com\\\/en\\\/#website\"},\"primaryImageOfPage\":{\"@id\":\"https:\\\/\\\/kiigik.com\\\/en\\\/shop\\\/grey-baby-swing-with-powder-pink-heart-pillow\\\/#primaryimage\"},\"image\":{\"@id\":\"https:\\\/\\\/kiigik.com\\\/en\\\/shop\\\/grey-baby-swing-with-powder-pink-heart-pillow\\\/#primaryimage\"},\"thumbnailUrl\":\"https:\\\/\\\/kiigik.com\\\/wp-content\\\/uploads\\\/2020\\\/11\\\/DSC09348-scaled.jpg\",\"datePublished\":\"2020-11-06T18:15:28+00:00\",\"dateModified\":\"2020-11-06T18:17:27+00:00\",\"breadcrumb\":{\"@id\":\"https:\\\/\\\/kiigik.com\\\/en\\\/shop\\\/grey-baby-swing-with-powder-pink-heart-pillow\\\/#breadcrumb\"},\"inLanguage\":\"en-US\",\"potentialAction\":[{\"@type\":\"ReadAction\",\"target\":[\"https:\\\/\\\/kiigik.com\\\/en\\\/shop\\\/grey-baby-swing-with-powder-pink-heart-pillow\\\/\"]}]},{\"@type\":\"ImageObject\",\"inLanguage\":\"en-US\",\"@id\":\"https:\\\/\\\/kiigik.com\\\/en\\\/shop\\\/grey-baby-swing-with-powder-pink-heart-pillow\\\/#primaryimage\",\"url\":\"https:\\\/\\\/kiigik.com\\\/wp-content\\\/uploads\\\/2020\\\/11\\\/DSC09348-scaled.jpg\",\"contentUrl\":\"https:\\\/\\\/kiigik.com\\\/wp-content\\\/uploads\\\/2020\\\/11\\\/DSC09348-scaled.jpg\",\"width\":1707,\"height\":2560},{\"@type\":\"BreadcrumbList\",\"@id\":\"https:\\\/\\\/kiigik.com\\\/en\\\/shop\\\/grey-baby-swing-with-powder-pink-heart-pillow\\\/#breadcrumb\",\"itemListElement\":[{\"@type\":\"ListItem\",\"position\":1,\"name\":\"Home\",\"item\":\"https:\\\/\\\/kiigik.com\\\/en\\\/\"},{\"@type\":\"ListItem\",\"position\":2,\"name\":\"Shop\",\"item\":\"https:\\\/\\\/kiigik.com\\\/en\\\/shop\\\/\"},{\"@type\":\"ListItem\",\"position\":3,\"name\":\"Privaatpostitus: Grey baby swing with powder pink heart pillow\"}]},{\"@type\":\"WebSite\",\"@id\":\"https:\\\/\\\/kiigik.com\\\/en\\\/#website\",\"url\":\"https:\\\/\\\/kiigik.com\\\/en\\\/\",\"name\":\"K\u00c4SIT\u00d6\u00d6 DISAINKIIGED\",\"description\":\"kiigik.com\",\"publisher\":{\"@id\":\"https:\\\/\\\/kiigik.com\\\/en\\\/#organization\"},\"potentialAction\":[{\"@type\":\"SearchAction\",\"target\":{\"@type\":\"EntryPoint\",\"urlTemplate\":\"https:\\\/\\\/kiigik.com\\\/en\\\/?s={search_term_string}\"},\"query-input\":{\"@type\":\"PropertyValueSpecification\",\"valueRequired\":true,\"valueName\":\"search_term_string\"}}],\"inLanguage\":\"en-US\"},{\"@type\":\"Organization\",\"@id\":\"https:\\\/\\\/kiigik.com\\\/en\\\/#organization\",\"name\":\"K\u00c4SIT\u00d6\u00d6 DISAINKIIGED\",\"url\":\"https:\\\/\\\/kiigik.com\\\/en\\\/\",\"logo\":{\"@type\":\"ImageObject\",\"inLanguage\":\"en-US\",\"@id\":\"https:\\\/\\\/kiigik.com\\\/en\\\/#\\\/schema\\\/logo\\\/image\\\/\",\"url\":\"https:\\\/\\\/kiigik.com\\\/wp-content\\\/uploads\\\/2020\\\/05\\\/kiigik-logo.svg\",\"contentUrl\":\"https:\\\/\\\/kiigik.com\\\/wp-content\\\/uploads\\\/2020\\\/05\\\/kiigik-logo.svg\",\"width\":115,\"height\":57,\"caption\":\"K\u00c4SIT\u00d6\u00d6 DISAINKIIGED\"},\"image\":{\"@id\":\"https:\\\/\\\/kiigik.com\\\/en\\\/#\\\/schema\\\/logo\\\/image\\\/\"}}]}<\/script>\n<!-- \/ Yoast SEO plugin. -->","yoast_head_json":{"title":"Grey baby swing with powder pink heart pillow - K\u00c4SIT\u00d6\u00d6 DISAINKIIGED","robots":{"index":"index","follow":"follow","max-snippet":"max-snippet:-1","max-image-preview":"max-image-preview:large","max-video-preview":"max-video-preview:-1"},"canonical":"https:\/\/kiigik.com\/en\/shop\/grey-baby-swing-with-powder-pink-heart-pillow\/","og_locale":"en_US","og_type":"article","og_title":"Grey baby swing with powder pink heart pillow - K\u00c4SIT\u00d6\u00d6 DISAINKIIGED","og_description":"NB!Your order will be ready to ship at the beginning of December but if you need it sooner, please let us know and we will do our best to meet your wishes!","og_url":"https:\/\/kiigik.com\/en\/shop\/grey-baby-swing-with-powder-pink-heart-pillow\/","og_site_name":"K\u00c4SIT\u00d6\u00d6 DISAINKIIGED","article_modified_time":"2020-11-06T18:17:27+00:00","og_image":[{"width":1707,"height":2560,"url":"https:\/\/kiigik.com\/wp-content\/uploads\/2020\/11\/DSC09348-scaled.jpg","type":"image\/jpeg"}],"twitter_card":"summary_large_image","twitter_misc":{"Est. reading time":"1 minute"},"schema":{"@context":"https:\/\/schema.org","@graph":[{"@type":"WebPage","@id":"https:\/\/kiigik.com\/en\/shop\/grey-baby-swing-with-powder-pink-heart-pillow\/","url":"https:\/\/kiigik.com\/en\/shop\/grey-baby-swing-with-powder-pink-heart-pillow\/","name":"Grey baby swing with powder pink heart pillow - K\u00c4SIT\u00d6\u00d6 DISAINKIIGED","isPartOf":{"@id":"https:\/\/kiigik.com\/en\/#website"},"primaryImageOfPage":{"@id":"https:\/\/kiigik.com\/en\/shop\/grey-baby-swing-with-powder-pink-heart-pillow\/#primaryimage"},"image":{"@id":"https:\/\/kiigik.com\/en\/shop\/grey-baby-swing-with-powder-pink-heart-pillow\/#primaryimage"},"thumbnailUrl":"https:\/\/kiigik.com\/wp-content\/uploads\/2020\/11\/DSC09348-scaled.jpg","datePublished":"2020-11-06T18:15:28+00:00","dateModified":"2020-11-06T18:17:27+00:00","breadcrumb":{"@id":"https:\/\/kiigik.com\/en\/shop\/grey-baby-swing-with-powder-pink-heart-pillow\/#breadcrumb"},"inLanguage":"en-US","potentialAction":[{"@type":"ReadAction","target":["https:\/\/kiigik.com\/en\/shop\/grey-baby-swing-with-powder-pink-heart-pillow\/"]}]},{"@type":"ImageObject","inLanguage":"en-US","@id":"https:\/\/kiigik.com\/en\/shop\/grey-baby-swing-with-powder-pink-heart-pillow\/#primaryimage","url":"https:\/\/kiigik.com\/wp-content\/uploads\/2020\/11\/DSC09348-scaled.jpg","contentUrl":"https:\/\/kiigik.com\/wp-content\/uploads\/2020\/11\/DSC09348-scaled.jpg","width":1707,"height":2560},{"@type":"BreadcrumbList","@id":"https:\/\/kiigik.com\/en\/shop\/grey-baby-swing-with-powder-pink-heart-pillow\/#breadcrumb","itemListElement":[{"@type":"ListItem","position":1,"name":"Home","item":"https:\/\/kiigik.com\/en\/"},{"@type":"ListItem","position":2,"name":"Shop","item":"https:\/\/kiigik.com\/en\/shop\/"},{"@type":"ListItem","position":3,"name":"Privaatpostitus: Grey baby swing with powder pink heart pillow"}]},{"@type":"WebSite","@id":"https:\/\/kiigik.com\/en\/#website","url":"https:\/\/kiigik.com\/en\/","name":"K\u00c4SIT\u00d6\u00d6 DISAINKIIGED","description":"kiigik.com","publisher":{"@id":"https:\/\/kiigik.com\/en\/#organization"},"potentialAction":[{"@type":"SearchAction","target":{"@type":"EntryPoint","urlTemplate":"https:\/\/kiigik.com\/en\/?s={search_term_string}"},"query-input":{"@type":"PropertyValueSpecification","valueRequired":true,"valueName":"search_term_string"}}],"inLanguage":"en-US"},{"@type":"Organization","@id":"https:\/\/kiigik.com\/en\/#organization","name":"K\u00c4SIT\u00d6\u00d6 DISAINKIIGED","url":"https:\/\/kiigik.com\/en\/","logo":{"@type":"ImageObject","inLanguage":"en-US","@id":"https:\/\/kiigik.com\/en\/#\/schema\/logo\/image\/","url":"https:\/\/kiigik.com\/wp-content\/uploads\/2020\/05\/kiigik-logo.svg","contentUrl":"https:\/\/kiigik.com\/wp-content\/uploads\/2020\/05\/kiigik-logo.svg","width":115,"height":57,"caption":"K\u00c4SIT\u00d6\u00d6 DISAINKIIGED"},"image":{"@id":"https:\/\/kiigik.com\/en\/#\/schema\/logo\/image\/"}}]}},"uagb_featured_image_src":{"full":["https:\/\/kiigik.com\/wp-content\/uploads\/2020\/11\/DSC09348-scaled.jpg",1707,2560,false],"thumbnail":["https:\/\/kiigik.com\/wp-content\/uploads\/2020\/11\/DSC09348-100x150.jpg",100,150,true],"medium":["https:\/\/kiigik.com\/wp-content\/uploads\/2020\/11\/DSC09348-200x300.jpg",200,300,true],"medium_large":["https:\/\/kiigik.com\/wp-content\/uploads\/2020\/11\/DSC09348-768x1152.jpg",768,1152,true],"large":["https:\/\/kiigik.com\/wp-content\/uploads\/2020\/11\/DSC09348-683x1024.jpg",683,1024,true],"1536x1536":["https:\/\/kiigik.com\/wp-content\/uploads\/2020\/11\/DSC09348-1024x1536.jpg",1024,1536,true],"2048x2048":["https:\/\/kiigik.com\/wp-content\/uploads\/2020\/11\/DSC09348-1365x2048.jpg",1365,2048,true],"woocommerce_thumbnail":["https:\/\/kiigik.com\/wp-content\/uploads\/2020\/11\/DSC09348-400x400.jpg",400,400,true],"woocommerce_single":["https:\/\/kiigik.com\/wp-content\/uploads\/2020\/11\/DSC09348-600x900.jpg",600,900,true],"woocommerce_gallery_thumbnail":["https:\/\/kiigik.com\/wp-content\/uploads\/2020\/11\/DSC09348-100x100.jpg",100,100,true]},"uagb_author_info":{"display_name":"H\u00e4li-Herta Haavapuu","author_link":"https:\/\/kiigik.com\/en\/author\/"},"uagb_comment_info":0,"uagb_excerpt":"NB!Your order will be ready to ship at the beginning of December but if you need it sooner, please let us know and we will do our best to meet your wishes!","_links":{"self":[{"href":"https:\/\/kiigik.com\/en\/wp-json\/wp\/v2\/product\/8664","targetHints":{"allow":["GET"]}}],"collection":[{"href":"https:\/\/kiigik.com\/en\/wp-json\/wp\/v2\/product"}],"about":[{"href":"https:\/\/kiigik.com\/en\/wp-json\/wp\/v2\/types\/product"}],"replies":[{"embeddable":true,"href":"https:\/\/kiigik.com\/en\/wp-json\/wp\/v2\/comments?post=8664"}],"wp:featuredmedia":[{"embeddable":true,"href":"https:\/\/kiigik.com\/en\/wp-json\/wp\/v2\/media\/8656"}],"wp:attachment":[{"href":"https:\/\/kiigik.com\/en\/wp-json\/wp\/v2\/media?parent=8664"}],"wp:term":[{"taxonomy":"product_brand","embeddable":true,"href":"https:\/\/kiigik.com\/en\/wp-json\/wp\/v2\/product_brand?post=8664"},{"taxonomy":"product_cat","embeddable":true,"href":"https:\/\/kiigik.com\/en\/wp-json\/wp\/v2\/product_cat?post=8664"},{"taxonomy":"product_tag","embeddable":true,"href":"https:\/\/kiigik.com\/en\/wp-json\/wp\/v2\/product_tag?post=8664"}],"curies":[{"name":"wp","href":"https:\/\/api.w.org\/{rel}","templated":true}]}}