{"id":9282,"date":"2021-03-28T18:00:39","date_gmt":"2021-03-28T15:00:39","guid":{"rendered":"https:\/\/kiigik.com\/?post_type=product&#038;p=9282"},"modified":"2021-03-29T18:27:46","modified_gmt":"2021-03-29T15:27:46","slug":"teether-sun","status":"publish","type":"product","link":"https:\/\/kiigik.com\/en\/shop\/teether-sun\/","title":{"rendered":"Teether &#8220;Sun&#8221;"},"content":{"rendered":"<p>Our teethers are big helpers for babies while they are teething.<br \/>\nThe teething toy is suitable for attaching in front of the swing or just to be used as an individual toy. You can choose between different designs and colours with a wooden star or a handmade bow.<\/p>\n<p>Beads are made from 100% food grade silicone and are FREE from BPA, PVC, Cadmium, Latex and Lead.<\/p>\n<p>NB!<\/p>\n<p>-Only hand wash with hot water allowed!<\/p>\n<p>-Check the condition of the toy before every use!<\/p>\n<p>-Do not use in case of damage!<\/p>\n<p>-Never leave your child unattended while he or she is using the toy!<\/p>\n<p>-It is recommended to use one toy for not longer than 4 months.<\/p>\n","protected":false},"excerpt":{"rendered":"<p>Our teethers are big helpers for babies while they are teething. The teething toy is suitable for attaching in front of the swing or just to be used as an individual toy. You can choose between different designs and colours with a wooden star or a handmade bow. Beads are made from 100% food grade [&hellip;]<\/p>\n","protected":false},"featured_media":0,"comment_status":"closed","ping_status":"closed","template":"","meta":{"_seopress_robots_primary_cat":"none","_seopress_titles_title":"","_seopress_titles_desc":"","_seopress_robots_index":"","_uag_custom_page_level_css":"","site-sidebar-layout":"default","site-content-layout":"default","ast-site-content-layout":"default","site-content-style":"default","site-sidebar-style":"default","ast-global-header-display":"","ast-banner-title-visibility":"","ast-main-header-display":"","ast-hfb-above-header-display":"","ast-hfb-below-header-display":"","ast-hfb-mobile-header-display":"","site-post-title":"","ast-breadcrumbs-content":"","ast-featured-img":"","footer-sml-layout":"","ast-disable-related-posts":"","theme-transparent-header-meta":"default","adv-header-id-meta":"","stick-header-meta":"default","header-above-stick-meta":"","header-main-stick-meta":"","header-below-stick-meta":"","astra-migrate-meta-layouts":"default","ast-page-background-enabled":"default","ast-page-background-meta":{"desktop":{"background-color":"","background-image":"","background-repeat":"repeat","background-position":"center center","background-size":"auto","background-attachment":"scroll","background-type":"","background-media":"","overlay-type":"","overlay-color":"","overlay-opacity":"","overlay-gradient":""},"tablet":{"background-color":"","background-image":"","background-repeat":"repeat","background-position":"center center","background-size":"auto","background-attachment":"scroll","background-type":"","background-media":"","overlay-type":"","overlay-color":"","overlay-opacity":"","overlay-gradient":""},"mobile":{"background-color":"","background-image":"","background-repeat":"repeat","background-position":"center center","background-size":"auto","background-attachment":"scroll","background-type":"","background-media":"","overlay-type":"","overlay-color":"","overlay-opacity":"","overlay-gradient":""}},"ast-content-background-meta":{"desktop":{"background-color":"var(--ast-global-color-5)","background-image":"","background-repeat":"repeat","background-position":"center center","background-size":"auto","background-attachment":"scroll","background-type":"","background-media":"","overlay-type":"","overlay-color":"","overlay-opacity":"","overlay-gradient":""},"tablet":{"background-color":"var(--ast-global-color-5)","background-image":"","background-repeat":"repeat","background-position":"center center","background-size":"auto","background-attachment":"scroll","background-type":"","background-media":"","overlay-type":"","overlay-color":"","overlay-opacity":"","overlay-gradient":""},"mobile":{"background-color":"var(--ast-global-color-5)","background-image":"","background-repeat":"repeat","background-position":"center center","background-size":"auto","background-attachment":"scroll","background-type":"","background-media":"","overlay-type":"","overlay-color":"","overlay-opacity":"","overlay-gradient":""}}},"product_brand":[],"product_cat":[309],"product_tag":[],"class_list":{"0":"post-9282","1":"product","2":"type-product","3":"status-publish","5":"product_cat-sensory-toys","6":"product_shipping_class-starcatcher","7":"desktop-align-left","8":"tablet-align-left","9":"mobile-align-left","10":"ast-product-gallery-layout-horizontal-slider","11":"ast-product-gallery-with-no-image","12":"ast-magnify-disabled","13":"ast-product-tabs-layout-horizontal","14":"tm-no-options","16":"first","17":"instock","18":"shipping-taxable","19":"purchasable","20":"product-type-simple"},"yoast_head":"<!-- This site is optimized with the Yoast SEO plugin v27.3 - https:\/\/yoast.com\/product\/yoast-seo-wordpress\/ -->\n<title>Teether &quot;Sun&quot; - K\u00c4SIT\u00d6\u00d6 DISAINKIIGED<\/title>\n<meta name=\"robots\" content=\"index, follow, max-snippet:-1, max-image-preview:large, max-video-preview:-1\" \/>\n<link rel=\"canonical\" href=\"https:\/\/kiigik.com\/en\/shop\/teether-sun\/\" \/>\n<meta property=\"og:locale\" content=\"en_US\" \/>\n<meta property=\"og:type\" content=\"article\" \/>\n<meta property=\"og:title\" content=\"Teether &quot;Sun&quot; - K\u00c4SIT\u00d6\u00d6 DISAINKIIGED\" \/>\n<meta property=\"og:description\" content=\"Our teethers are big helpers for babies while they are teething. The teething toy is suitable for attaching in front of the swing or just to be used as an individual toy. You can choose between different designs and colours with a wooden star or a handmade bow. Beads are made from 100% food grade [&hellip;]\" \/>\n<meta property=\"og:url\" content=\"https:\/\/kiigik.com\/en\/shop\/teether-sun\/\" \/>\n<meta property=\"og:site_name\" content=\"K\u00c4SIT\u00d6\u00d6 DISAINKIIGED\" \/>\n<meta property=\"article:modified_time\" content=\"2021-03-29T15:27:46+00:00\" \/>\n<meta property=\"og:image\" content=\"https:\/\/kiigik.com\/wp-content\/uploads\/2021\/03\/DSC00487-3.jpg\" \/>\n\t<meta property=\"og:image:width\" content=\"2048\" \/>\n\t<meta property=\"og:image:height\" content=\"1365\" \/>\n\t<meta property=\"og:image:type\" content=\"image\/jpeg\" \/>\n<meta name=\"twitter:card\" content=\"summary_large_image\" \/>\n<meta name=\"twitter:label1\" content=\"Est. reading time\" \/>\n\t<meta name=\"twitter:data1\" content=\"1 minute\" \/>\n<script type=\"application\/ld+json\" class=\"yoast-schema-graph\">{\"@context\":\"https:\\\/\\\/schema.org\",\"@graph\":[{\"@type\":\"WebPage\",\"@id\":\"https:\\\/\\\/kiigik.com\\\/en\\\/shop\\\/teether-sun\\\/\",\"url\":\"https:\\\/\\\/kiigik.com\\\/en\\\/shop\\\/teether-sun\\\/\",\"name\":\"Teether \\\"Sun\\\" - K\u00c4SIT\u00d6\u00d6 DISAINKIIGED\",\"isPartOf\":{\"@id\":\"https:\\\/\\\/kiigik.com\\\/en\\\/#website\"},\"datePublished\":\"2021-03-28T15:00:39+00:00\",\"dateModified\":\"2021-03-29T15:27:46+00:00\",\"breadcrumb\":{\"@id\":\"https:\\\/\\\/kiigik.com\\\/en\\\/shop\\\/teether-sun\\\/#breadcrumb\"},\"inLanguage\":\"en-US\",\"potentialAction\":[{\"@type\":\"ReadAction\",\"target\":[\"https:\\\/\\\/kiigik.com\\\/en\\\/shop\\\/teether-sun\\\/\"]}]},{\"@type\":\"BreadcrumbList\",\"@id\":\"https:\\\/\\\/kiigik.com\\\/en\\\/shop\\\/teether-sun\\\/#breadcrumb\",\"itemListElement\":[{\"@type\":\"ListItem\",\"position\":1,\"name\":\"Home\",\"item\":\"https:\\\/\\\/kiigik.com\\\/en\\\/\"},{\"@type\":\"ListItem\",\"position\":2,\"name\":\"Shop\",\"item\":\"https:\\\/\\\/kiigik.com\\\/en\\\/shop\\\/\"},{\"@type\":\"ListItem\",\"position\":3,\"name\":\"Teether &#8220;Sun&#8221;\"}]},{\"@type\":\"WebSite\",\"@id\":\"https:\\\/\\\/kiigik.com\\\/en\\\/#website\",\"url\":\"https:\\\/\\\/kiigik.com\\\/en\\\/\",\"name\":\"K\u00c4SIT\u00d6\u00d6 DISAINKIIGED\",\"description\":\"kiigik.com\",\"publisher\":{\"@id\":\"https:\\\/\\\/kiigik.com\\\/en\\\/#organization\"},\"potentialAction\":[{\"@type\":\"SearchAction\",\"target\":{\"@type\":\"EntryPoint\",\"urlTemplate\":\"https:\\\/\\\/kiigik.com\\\/en\\\/?s={search_term_string}\"},\"query-input\":{\"@type\":\"PropertyValueSpecification\",\"valueRequired\":true,\"valueName\":\"search_term_string\"}}],\"inLanguage\":\"en-US\"},{\"@type\":\"Organization\",\"@id\":\"https:\\\/\\\/kiigik.com\\\/en\\\/#organization\",\"name\":\"K\u00c4SIT\u00d6\u00d6 DISAINKIIGED\",\"url\":\"https:\\\/\\\/kiigik.com\\\/en\\\/\",\"logo\":{\"@type\":\"ImageObject\",\"inLanguage\":\"en-US\",\"@id\":\"https:\\\/\\\/kiigik.com\\\/en\\\/#\\\/schema\\\/logo\\\/image\\\/\",\"url\":\"https:\\\/\\\/kiigik.com\\\/wp-content\\\/uploads\\\/2020\\\/05\\\/kiigik-logo.svg\",\"contentUrl\":\"https:\\\/\\\/kiigik.com\\\/wp-content\\\/uploads\\\/2020\\\/05\\\/kiigik-logo.svg\",\"width\":115,\"height\":57,\"caption\":\"K\u00c4SIT\u00d6\u00d6 DISAINKIIGED\"},\"image\":{\"@id\":\"https:\\\/\\\/kiigik.com\\\/en\\\/#\\\/schema\\\/logo\\\/image\\\/\"}}]}<\/script>\n<!-- \/ Yoast SEO plugin. -->","yoast_head_json":{"title":"Teether \"Sun\" - K\u00c4SIT\u00d6\u00d6 DISAINKIIGED","robots":{"index":"index","follow":"follow","max-snippet":"max-snippet:-1","max-image-preview":"max-image-preview:large","max-video-preview":"max-video-preview:-1"},"canonical":"https:\/\/kiigik.com\/en\/shop\/teether-sun\/","og_locale":"en_US","og_type":"article","og_title":"Teether \"Sun\" - K\u00c4SIT\u00d6\u00d6 DISAINKIIGED","og_description":"Our teethers are big helpers for babies while they are teething. The teething toy is suitable for attaching in front of the swing or just to be used as an individual toy. You can choose between different designs and colours with a wooden star or a handmade bow. Beads are made from 100% food grade [&hellip;]","og_url":"https:\/\/kiigik.com\/en\/shop\/teether-sun\/","og_site_name":"K\u00c4SIT\u00d6\u00d6 DISAINKIIGED","article_modified_time":"2021-03-29T15:27:46+00:00","og_image":[{"width":2048,"height":1365,"url":"https:\/\/kiigik.com\/wp-content\/uploads\/2021\/03\/DSC00487-3.jpg","type":"image\/jpeg"}],"twitter_card":"summary_large_image","twitter_misc":{"Est. reading time":"1 minute"},"schema":{"@context":"https:\/\/schema.org","@graph":[{"@type":"WebPage","@id":"https:\/\/kiigik.com\/en\/shop\/teether-sun\/","url":"https:\/\/kiigik.com\/en\/shop\/teether-sun\/","name":"Teether \"Sun\" - K\u00c4SIT\u00d6\u00d6 DISAINKIIGED","isPartOf":{"@id":"https:\/\/kiigik.com\/en\/#website"},"datePublished":"2021-03-28T15:00:39+00:00","dateModified":"2021-03-29T15:27:46+00:00","breadcrumb":{"@id":"https:\/\/kiigik.com\/en\/shop\/teether-sun\/#breadcrumb"},"inLanguage":"en-US","potentialAction":[{"@type":"ReadAction","target":["https:\/\/kiigik.com\/en\/shop\/teether-sun\/"]}]},{"@type":"BreadcrumbList","@id":"https:\/\/kiigik.com\/en\/shop\/teether-sun\/#breadcrumb","itemListElement":[{"@type":"ListItem","position":1,"name":"Home","item":"https:\/\/kiigik.com\/en\/"},{"@type":"ListItem","position":2,"name":"Shop","item":"https:\/\/kiigik.com\/en\/shop\/"},{"@type":"ListItem","position":3,"name":"Teether &#8220;Sun&#8221;"}]},{"@type":"WebSite","@id":"https:\/\/kiigik.com\/en\/#website","url":"https:\/\/kiigik.com\/en\/","name":"K\u00c4SIT\u00d6\u00d6 DISAINKIIGED","description":"kiigik.com","publisher":{"@id":"https:\/\/kiigik.com\/en\/#organization"},"potentialAction":[{"@type":"SearchAction","target":{"@type":"EntryPoint","urlTemplate":"https:\/\/kiigik.com\/en\/?s={search_term_string}"},"query-input":{"@type":"PropertyValueSpecification","valueRequired":true,"valueName":"search_term_string"}}],"inLanguage":"en-US"},{"@type":"Organization","@id":"https:\/\/kiigik.com\/en\/#organization","name":"K\u00c4SIT\u00d6\u00d6 DISAINKIIGED","url":"https:\/\/kiigik.com\/en\/","logo":{"@type":"ImageObject","inLanguage":"en-US","@id":"https:\/\/kiigik.com\/en\/#\/schema\/logo\/image\/","url":"https:\/\/kiigik.com\/wp-content\/uploads\/2020\/05\/kiigik-logo.svg","contentUrl":"https:\/\/kiigik.com\/wp-content\/uploads\/2020\/05\/kiigik-logo.svg","width":115,"height":57,"caption":"K\u00c4SIT\u00d6\u00d6 DISAINKIIGED"},"image":{"@id":"https:\/\/kiigik.com\/en\/#\/schema\/logo\/image\/"}}]}},"uagb_featured_image_src":{"full":false,"thumbnail":false,"medium":false,"medium_large":false,"large":false,"1536x1536":false,"2048x2048":false,"woocommerce_thumbnail":false,"woocommerce_single":false,"woocommerce_gallery_thumbnail":false},"uagb_author_info":{"display_name":"H\u00e4li-Herta Haavapuu","author_link":"https:\/\/kiigik.com\/en\/author\/"},"uagb_comment_info":0,"uagb_excerpt":"Our teethers are big helpers for babies while they are teething. The teething toy is suitable for attaching in front of the swing or just to be used as an individual toy. You can choose between different designs and colours with a wooden star or a handmade bow. Beads are made from 100% food grade&hellip;","_links":{"self":[{"href":"https:\/\/kiigik.com\/en\/wp-json\/wp\/v2\/product\/9282","targetHints":{"allow":["GET"]}}],"collection":[{"href":"https:\/\/kiigik.com\/en\/wp-json\/wp\/v2\/product"}],"about":[{"href":"https:\/\/kiigik.com\/en\/wp-json\/wp\/v2\/types\/product"}],"replies":[{"embeddable":true,"href":"https:\/\/kiigik.com\/en\/wp-json\/wp\/v2\/comments?post=9282"}],"wp:attachment":[{"href":"https:\/\/kiigik.com\/en\/wp-json\/wp\/v2\/media?parent=9282"}],"wp:term":[{"taxonomy":"product_brand","embeddable":true,"href":"https:\/\/kiigik.com\/en\/wp-json\/wp\/v2\/product_brand?post=9282"},{"taxonomy":"product_cat","embeddable":true,"href":"https:\/\/kiigik.com\/en\/wp-json\/wp\/v2\/product_cat?post=9282"},{"taxonomy":"product_tag","embeddable":true,"href":"https:\/\/kiigik.com\/en\/wp-json\/wp\/v2\/product_tag?post=9282"}],"curies":[{"name":"wp","href":"https:\/\/api.w.org\/{rel}","templated":true}]}}